{"id":219048,"date":"2025-08-28T14:49:24","date_gmt":"2025-08-28T12:49:24","guid":{"rendered":"https:\/\/www.camping-utahbeach.com\/promotions-sejour-en-normandie\/"},"modified":"2026-03-19T09:44:18","modified_gmt":"2026-03-19T08:44:18","slug":"angebote-fur-einen-aufenthalt-in-der-normandie","status":"publish","type":"page","link":"https:\/\/www.camping-utahbeach.com\/de\/angebote-fur-einen-aufenthalt-in-der-normandie\/","title":{"rendered":"Angebote"},"content":{"rendered":"\n<section class=\"wp-block-group gt_1-cta-1photo_006 page-one has-custom-color-5-background-color has-background is-layout-flow wp-block-group-is-layout-flow\">\n<div class=\"wp-block-columns top is-layout-flex wp-container-core-columns-is-layout-28f84493 wp-block-columns-is-layout-flex\">\n<div class=\"wp-block-column is-vertically-aligned-center left is-layout-flow wp-block-column-is-layout-flow\">\n<h1 class=\"wp-block-heading has-text-align-left\">Camping-Angebote <strong>in der Normandie<\/strong><\/h1>\n\n\n\n<p>Entdecken Sie alle unsere<strong> Aktionen und Sonderangebote<\/strong>, damit Ihr Campingurlaub in der Normandie so g\u00fcnstig wie m\u00f6glich wird und Sie Ihr Budget f\u00fcr zus\u00e4tzliche Aktivit\u00e4ten w\u00e4hrend Ihres Urlaubs auf unserem <a href=\"https:\/\/www.camping-utahbeach.com\/de\/\" data-type=\"page\" data-id=\"22\">Campingplatz in der Normandie<\/a> nutzen k\u00f6nnen.<br\/>Z\u00f6gern Sie nicht, diese Seite f\u00fcr Ihre Last-Minute-Urlaube zu konsultieren, um von unseren besten Last-Minute-Angeboten zu profitieren.<\/p>\n\n\n\n<p>Um einen Last-Minute-Campingplatz in der Normandie zu buchen, entdecken Sie auch:<\/p>\n\n\n\n<ul class=\"wp-block-list\">\n<li><a href=\"https:\/\/www.camping-utahbeach.com\/de\/gunstiger-campingplatz-in-der-normandie-manche\/\" data-type=\"page\" data-id=\"63\">G\u00fcnstiges Camping Normandie<\/a><\/li>\n\n\n\n<li><a href=\"https:\/\/www.camping-utahbeach.com\/de\/campingplatz-acsi\/\" data-type=\"page\" data-id=\"1088\">ACSI Camping<\/a><\/li>\n<\/ul>\n<\/div>\n\n\n\n<div class=\"wp-block-column right is-layout-flow wp-block-column-is-layout-flow\">\n<figure class=\"wp-block-image alignright size-full gt-gsap-fadeIn\"><img decoding=\"async\" width=\"852\" height=\"1024\" src=\"https:\/\/www.camping-utahbeach.com\/wp-content\/uploads\/2025\/11\/camping-pas-cher-nomandie.jpg\" alt=\"g&#xFC;nstiges Camping Normandie\" class=\"wp-image-1816\" srcset=\"https:\/\/www.camping-utahbeach.com\/wp-content\/uploads\/2025\/11\/camping-pas-cher-nomandie.jpg 852w, https:\/\/www.camping-utahbeach.com\/wp-content\/uploads\/2025\/11\/camping-pas-cher-nomandie-250x300.jpg 250w, https:\/\/www.camping-utahbeach.com\/wp-content\/uploads\/2025\/11\/camping-pas-cher-nomandie-768x923.jpg 768w\" sizes=\"(max-width: 852px) 100vw, 852px\" \/><\/figure>\n<\/div>\n<\/div>\n<\/section>\n\n<section class=\"wp-block-group gt_1-cta-1photofull_005 page-two is-layout-flow wp-block-group-is-layout-flow\">\n<div class=\"wp-block-group is-layout-flow wp-block-group-is-layout-flow\">\n<div data-swiper=\"{&quot;speed&quot;:1000,&quot;autoplay&quot;:{&quot;delay&quot;:5000,&quot;disableOnInteraction&quot;:false},&quot;spaceBetween&quot;:0,&quot;slidesPerView&quot;:1,&quot;pagination&quot;:{&quot;el&quot;:&quot;.swiper-pagination&quot;,&quot;dynamicBullets&quot;:true,&quot;clickable&quot;:true,&quot;type&quot;:&quot;bullets&quot;},&quot;navigation&quot;:{&quot;nextEl&quot;:&quot;.swiper-button-next&quot;,&quot;prevEl&quot;:&quot;.swiper-button-prev&quot;},&quot;breakpoints&quot;:[{&quot;slidesPerView&quot;:1}]}\" class=\"wp-block-cover has-parallax gt-gsap-fadeIn\" style=\"border-bottom-left-radius:90px;border-bottom-right-radius:90px;min-height:100vh;aspect-ratio:unset;\"><div role=\"img\" aria-label=\"Bord de mer normandie\" class=\"wp-block-cover__image-background wp-image-1754 size-full has-parallax\" style=\"background-position:50% 50%;background-image:url(https:\/\/www.camping-utahbeach.com\/wp-content\/uploads\/2025\/11\/Bord-de-mer-normandie.jpg)\"><\/div><span aria-hidden=\"true\" class=\"wp-block-cover__background has-custom-color-4-background-color has-background-dim-30 has-background-dim\"><\/span><div class=\"wp-block-cover__inner-container has-global-padding is-layout-constrained wp-block-cover-is-layout-constrained\">\n<p class=\"has-text-align-center has-large-font-size\"><\/p>\n<\/div><\/div>\n<\/div>\n\n\n\n<div class=\"wp-block-columns absolute-content is-layout-flex wp-container-core-columns-is-layout-28f84493 wp-block-columns-is-layout-flex\">\n<div class=\"wp-block-column is-layout-flow wp-block-column-is-layout-flow\">\n<h2 class=\"wp-block-heading has-base-2-color has-text-color has-link-color wp-elements-3df898ceba75577ec15e8b6bc3b01a62\">Die <strong>Fr\u00fchlings- und Herbstangebote<\/strong><\/h2>\n\n\n\n<p class=\"has-base-2-color has-text-color has-link-color wp-elements-e63dea982f134926cf89cb567b69fb98\">Ab Fr\u00fchling sind wir startklar. <strong>Genie\u00dfen Sie mit uns die sch\u00f6nen Tage<\/strong> vor und nach dem Sommer.<br\/>In diesen sch\u00f6nen Jahreszeiten bieten wir Ihnen Tage, mehr Verf\u00fcgbarkeiten, mehr Auswahl und wirklich niedrigere Preise. <\/p>\n\n\n\n<p class=\"has-base-2-color has-text-color has-link-color wp-elements-45182cd464b3c13ecef174a7ff23abde\">In der Nebensaison (April bis Juni und September) verbringen Sie eine <strong>ruhige<\/strong> und <strong>erholsame<\/strong> Woche zu zweit.<\/p>\n\n\n\n<p class=\"has-base-2-color has-text-color has-link-color wp-elements-ae98cfa1e540a971f8ffe7c664d773ac\">Besuchen Sie uns an den <a href=\"https:\/\/www.camping-utahbeach.com\/de\/campingplatz-am-landungsstrand-in-der-normandie\/\" data-type=\"page\" data-id=\"1094\">Landungsstr\u00e4nden<\/a> f\u00fcr 8 emotionale Tage!<\/p>\n\n\n\n<p class=\"has-base-2-color has-text-color has-link-color wp-elements-ceed5c36e2922f290390a05571ab2ace\">Und wenn Sie die friedliche Natur, Spazierg\u00e4nge in v\u00f6lliger Freiheit und D\u00f6rfer ohne Menschenmassen lieben, dann sind Fr\u00fchling und Herbst genau das Richtige f\u00fcr Sie. Weniger Menschen, mehr Platz, sanftes Licht und farbenfrohe Landschaften\u2026 Dies ist die perfekte Zeit, um die Normandie auf andere Weise und in Ihrem eigenen Tempo zu entdecken. <\/p>\n<\/div>\n\n\n\n<div class=\"wp-block-column is-vertically-aligned-center is-layout-flow wp-block-column-is-layout-flow\"><\/div>\n<\/div>\n<\/section>\n\n<section class=\"wp-block-group gt_avis_008 page-three reverse is-layout-flow wp-block-group-is-layout-flow\">\n<div class=\"wp-block-columns alignwide bottom has-background is-layout-flex wp-container-core-columns-is-layout-bd0ae485 wp-block-columns-is-layout-flex\" style=\"border-radius:0px;background-color:rgba(255,255,255,1);margin-top:0px;margin-right:0px;margin-bottom:0px;margin-left:0px;padding-top:0;padding-right:0;padding-bottom:var(--wp--preset--spacing--50);padding-left:var(--wp--preset--spacing--40)\">\n<div class=\"wp-block-column is-vertically-aligned-center has-base-2-background-color has-background is-layout-flow wp-block-column-is-layout-flow\" style=\"flex-basis:45%\">\n<h2 class=\"wp-block-heading\">Angebot \u201eMeeresklasse\u201c auf dem Campingplatz in der Manche<\/h2>\n\n\n\n<p>Ein Bed\u00fcrfnis nach <strong>Raum<\/strong>, <strong>Flucht<\/strong> und <strong>Entspannung<\/strong>, hier sind Sie richtig \u2026<br\/>Wir empfangen 20 bis 80 Sch\u00fcler im Herzen der Normandie f\u00fcr p\u00e4dagogische Aufenthalte von 2 bis 4 Tagen. In Zusammenarbeit mit dem <strong>Club Utah Avel Mor<\/strong>, einem Strandseglerzentrum, kombinieren unsere <strong>Meeresklassen<\/strong> sportliche Entdeckungen und historische Immersion an den Landungsstr\u00e4nden.  <\/p>\n\n\n\n<p>Die Sch\u00fcler werden je nach Budget in <strong>Chalets oder Mobilheimen f\u00fcr 4 bis 6 Personen<\/strong> untergebracht. F\u00fcr die Mahlzeiten empf\u00e4ngt Sie ein im Stil der 40er Jahre dekorierter Animationsraum mit traditioneller K\u00fcche, die an Gruppen angepasst ist.  <strong>M\u00f6glichkeit der Aufnahme NUR im APRIL und ENDE JUNI<\/strong><\/p>\n\n\n\n<p>Organisieren Sie neben dem Meer, auf einem komfortablen Campingplatz mit Wasserpark, Ihre n\u00e4chste <strong>Entdeckungsreise<\/strong> in einer sowohl lehrreichen, spielerischen als auch unvergesslichen Umgebung. Kontaktieren Sie uns f\u00fcr ein ma\u00dfgeschneidertes Programm! <br\/>Club Utah Avel Mor<br\/>Kontakt: Laurent GUERIN 06.42.57.14.18 <\/p>\n<\/div>\n\n\n\n<div class=\"wp-block-column is-vertically-aligned-center is-layout-flow wp-block-column-is-layout-flow\" style=\"padding-top:0;padding-right:0;padding-bottom:0;padding-left:0;flex-basis:55%\">\n<figure class=\"wp-block-image size-full has-custom-border blob-image avis-img gt-gsap-fadeIn\" style=\"margin-top:0px;margin-right:0px;margin-bottom:0px;margin-left:0px\"><img decoding=\"async\" width=\"852\" height=\"1024\" src=\"https:\/\/www.camping-utahbeach.com\/wp-content\/uploads\/2025\/11\/classe-de-mer-normandie.jpg\" alt=\"Meeresklasse Normandie\" class=\"wp-image-1822\" style=\"border-bottom-left-radius:90px\" srcset=\"https:\/\/www.camping-utahbeach.com\/wp-content\/uploads\/2025\/11\/classe-de-mer-normandie.jpg 852w, https:\/\/www.camping-utahbeach.com\/wp-content\/uploads\/2025\/11\/classe-de-mer-normandie-250x300.jpg 250w, https:\/\/www.camping-utahbeach.com\/wp-content\/uploads\/2025\/11\/classe-de-mer-normandie-768x923.jpg 768w\" sizes=\"(max-width: 852px) 100vw, 852px\" \/><\/figure>\n<\/div>\n<\/div>\n<\/section>\n\n<section class=\"wp-block-group page-maillage has-custom-color-5-background-color has-background has-global-padding is-layout-constrained wp-block-group-is-layout-constrained\">\n<div class=\"wp-block-group h1-like has-global-padding is-layout-constrained wp-block-group-is-layout-constrained\" style=\"line-height:1\">\n<p class=\"has-custom-color-1-color has-text-color has-link-color wp-elements-7b4f7160a2ffb5268fd88b615693c328\" style=\"font-size:clamp(54.054px, 3.378rem + ((1vw - 3.2px) * 4.548), 110px);font-style:normal;font-weight:300;text-transform:uppercase\">Profitieren Sie<br\/><span>von den besten Preisen<\/span><\/p>\n<\/div>\n\n\n\n<div class=\"wp-block-query gt-gsap-fadeInUp is-layout-flow wp-block-query-is-layout-flow\"><ul class=\"wp-block-post-template is-layout-flow wp-block-post-template-is-layout-flow\"><li class=\"wp-block-post post-219054 page type-page status-publish has-post-thumbnail hentry\">\n\n<figure class=\"wp-block-image\"><img decoding=\"async\" src=\"https:\/\/www.camping-utahbeach.com\/wp-content\/uploads\/2025\/10\/acces-camping-normandie-utah-beach.png\" title=\"https:\/\/www.camping-utahbeach.com\/wp-content\/uploads\/2025\/10\/acces-camping-normandie-utah-beach.png\" alt=\"\"\/><\/figure>\n\n\n\n<p class=\"has-text-align-center has-custom-color-1-color has-base-2-background-color has-text-color has-background has-link-color wp-elements-499f11dee7406d0a4fbf5f81e85a1d8e\" style=\"border-radius:50px;font-size:clamp(16.293px, 1.018rem + ((1vw - 3.2px) * 0.708), 25px);font-style:normal;font-weight:500;text-transform:uppercase\">ACSI-Camping<\/p>\n\n\n<a class=\"is-style-lien-cover wp-block-read-more\" href=\"https:\/\/www.camping-utahbeach.com\/de\/campingplatz-acsi\/\" target=\"_self\">Weiterlesen<span class=\"screen-reader-text\">: ACSI-Camping<\/span><\/a>\n<\/li><li class=\"wp-block-post post-219105 page type-page status-publish has-post-thumbnail hentry\">\n\n<figure class=\"wp-block-image\"><img decoding=\"async\" src=\"https:\/\/www.camping-utahbeach.com\/wp-content\/uploads\/2025\/10\/camping-en-normandie-avec-piscine-chaufee.png\" title=\"https:\/\/www.camping-utahbeach.com\/wp-content\/uploads\/2025\/10\/camping-en-normandie-avec-piscine-chaufee.png\" alt=\"\"\/><\/figure>\n\n\n\n<p class=\"has-text-align-center has-custom-color-1-color has-base-2-background-color has-text-color has-background has-link-color wp-elements-499f11dee7406d0a4fbf5f81e85a1d8e\" style=\"border-radius:50px;font-size:clamp(16.293px, 1.018rem + ((1vw - 3.2px) * 0.708), 25px);font-style:normal;font-weight:500;text-transform:uppercase\">Das Schwimmbad<\/p>\n\n\n<a class=\"is-style-lien-cover wp-block-read-more\" href=\"https:\/\/www.camping-utahbeach.com\/de\/campingplatz-mit-schwimmbad-in-der-normandie\/\" target=\"_self\">Weiterlesen<span class=\"screen-reader-text\">: Das Schwimmbad<\/span><\/a>\n<\/li><li class=\"wp-block-post post-219101 page type-page status-publish has-post-thumbnail hentry\">\n\n<figure class=\"wp-block-image\"><img decoding=\"async\" src=\"https:\/\/www.camping-utahbeach.com\/wp-content\/uploads\/2025\/10\/camping-au-meilleur-prix-normandie.webp\" title=\"https:\/\/www.camping-utahbeach.com\/wp-content\/uploads\/2025\/10\/camping-au-meilleur-prix-normandie.webp\" alt=\"\"\/><\/figure>\n\n\n\n<p class=\"has-text-align-center has-custom-color-1-color has-base-2-background-color has-text-color has-background has-link-color wp-elements-499f11dee7406d0a4fbf5f81e85a1d8e\" style=\"border-radius:50px;font-size:clamp(16.293px, 1.018rem + ((1vw - 3.2px) * 0.708), 25px);font-style:normal;font-weight:500;text-transform:uppercase\">Preise<\/p>\n\n\n<a class=\"is-style-lien-cover wp-block-read-more\" href=\"https:\/\/www.camping-utahbeach.com\/de\/gunstiger-campingplatz-in-der-normandie-manche\/\" target=\"_self\">Weiterlesen<span class=\"screen-reader-text\">: Preise<\/span><\/a>\n<\/li><\/ul><\/div>\n<\/section>\n","protected":false},"excerpt":{"rendered":"<p>Camping-Angebote in der Normandie Entdecken Sie alle unsere Aktionen und Sonderangebote, damit Ihr Campingurlaub in der Normandie so g\u00fcnstig wie m\u00f6glich wird und Sie Ihr Budget f\u00fcr zus\u00e4tzliche Aktivit\u00e4ten w\u00e4hrend Ihres Urlaubs auf unserem Campingplatz in der Normandie nutzen k\u00f6nnen.Z\u00f6gern Sie nicht, diese Seite f\u00fcr Ihre Last-Minute-Urlaube zu konsultieren, um von unseren besten Last-Minute-Angeboten zu [&hellip;]<\/p>\n","protected":false},"author":1,"featured_media":1422,"parent":0,"menu_order":0,"comment_status":"closed","ping_status":"closed","template":"","meta":{"_acf_changed":false,"_seopress_robots_primary_cat":"","_seopress_titles_title":"Last-Minute-Camping Normandie | Last-Minute-Buchung Normandie","_seopress_titles_desc":"","_seopress_robots_index":"","inline_featured_image":false,"gt_fse_maillage_image":"https:\/\/www.camping-utahbeach.com\/wp-content\/uploads\/2025\/10\/Camping-pas-cher-en-normandie-utah-beach.png","gt_fse_maillage_titre":"Angebote","gt_fse_maillage_alt":"G\u00fcnstiges Camping in der Normandie Utah Beach","gt_fse_maillage_resume":"","footnotes":""},"categories":[],"tags":[],"class_list":["post-219048","page","type-page","status-publish","has-post-thumbnail","hentry"],"acf":[],"_links":{"self":[{"href":"https:\/\/www.camping-utahbeach.com\/de\/wp-json\/wp\/v2\/pages\/219048","targetHints":{"allow":["GET"]}}],"collection":[{"href":"https:\/\/www.camping-utahbeach.com\/de\/wp-json\/wp\/v2\/pages"}],"about":[{"href":"https:\/\/www.camping-utahbeach.com\/de\/wp-json\/wp\/v2\/types\/page"}],"author":[{"embeddable":true,"href":"https:\/\/www.camping-utahbeach.com\/de\/wp-json\/wp\/v2\/users\/1"}],"replies":[{"embeddable":true,"href":"https:\/\/www.camping-utahbeach.com\/de\/wp-json\/wp\/v2\/comments?post=219048"}],"version-history":[{"count":5,"href":"https:\/\/www.camping-utahbeach.com\/de\/wp-json\/wp\/v2\/pages\/219048\/revisions"}],"predecessor-version":[{"id":219710,"href":"https:\/\/www.camping-utahbeach.com\/de\/wp-json\/wp\/v2\/pages\/219048\/revisions\/219710"}],"wp:featuredmedia":[{"embeddable":true,"href":"https:\/\/www.camping-utahbeach.com\/de\/wp-json\/wp\/v2\/media\/1422"}],"wp:attachment":[{"href":"https:\/\/www.camping-utahbeach.com\/de\/wp-json\/wp\/v2\/media?parent=219048"}],"wp:term":[{"taxonomy":"category","embeddable":true,"href":"https:\/\/www.camping-utahbeach.com\/de\/wp-json\/wp\/v2\/categories?post=219048"},{"taxonomy":"post_tag","embeddable":true,"href":"https:\/\/www.camping-utahbeach.com\/de\/wp-json\/wp\/v2\/tags?post=219048"}],"curies":[{"name":"wp","href":"https:\/\/api.w.org\/{rel}","templated":true}]}}