{"id":219050,"date":"2025-10-10T12:29:25","date_gmt":"2025-10-10T10:29:25","guid":{"rendered":"https:\/\/www.camping-utahbeach.com\/aire-de-camping-car-normandie\/"},"modified":"2026-03-17T16:05:39","modified_gmt":"2026-03-17T15:05:39","slug":"wohnmobilstellplatz-in-der-normandie","status":"publish","type":"page","link":"https:\/\/www.camping-utahbeach.com\/de\/wohnmobilstellplatz-in-der-normandie\/","title":{"rendered":"Wohnmobilstellplatz"},"content":{"rendered":"\n<section class=\"wp-block-group gt_1-cta-1photo_006 page-one has-custom-color-5-background-color has-background is-layout-flow wp-block-group-is-layout-flow\">\n<div class=\"wp-block-columns top is-layout-flex wp-container-core-columns-is-layout-28f84493 wp-block-columns-is-layout-flex\">\n<div class=\"wp-block-column is-vertically-aligned-center left is-layout-flow wp-block-column-is-layout-flow\">\n<h1 class=\"wp-block-heading has-text-align-left\">Wohnmobilstellplatz in der Normandie<\/h1>\n\n\n\n<p>Suchen Sie einen Wohnmobilstellplatz an der K\u00fcste der Normandie f\u00fcr eine oder mehrere N\u00e4chte? M\u00f6chten Sie die Normandie mit dem Wohnmobil erkunden? <\/p>\n\n\n\n<p>Das Wohnmobil-Haltepaket beinhaltet: max. 4 Personen, ein Wohnmobil, einen 6A Stromanschluss und Wasserversorgung.<\/p>\n\n\n\n<p>Um diese Leistung in Anspruch zu nehmen, m\u00fcssen Sie nach 18 Uhr anreisen und am n\u00e4chsten Morgen vor 10 Uhr abreisen. Wenn Sie diese Zeiten nicht einhalten, gilt der Natur- oder Komforttarif.<br\/>F\u00fcr Wohnmobile stehen auf dem <a href=\"https:\/\/www.camping-utahbeach.com\/de\/\" data-type=\"page\" data-id=\"22\">Campingplatz Normandie<\/a> eine Entleerungsstation und ein Wasseranschluss zur Verf\u00fcgung. Eine Entleerungsm\u00f6glichkeit f\u00fcr Chemietoiletten finden Sie ebenfalls im Sanit\u00e4rgeb\u00e4ude.  <\/p>\n\n\n\n<p>F\u00fcr ein au\u00dfergew\u00f6hnliches Erlebnis in der Normandie entdecken Sie auch das Premium-Zelt.<br\/>Z\u00f6gern Sie nicht l\u00e4nger und w\u00e4hlen Sie unseren Campingplatz in der Normandie f\u00fcr Ihren Urlaub!<\/p>\n<\/div>\n\n\n\n<div class=\"wp-block-column right is-layout-flow wp-block-column-is-layout-flow\">\n<figure class=\"wp-block-image alignright size-full gt-gsap-fadeIn\"><img decoding=\"async\" width=\"1015\" height=\"994\" src=\"https:\/\/www.camping-utahbeach.com\/wp-content\/uploads\/2025\/10\/camping-utah-beach-aire-de-camping-car.webp\" alt=\"Camping Utah Beach Wohnmobilstellplatz\" class=\"wp-image-1645\" srcset=\"https:\/\/www.camping-utahbeach.com\/wp-content\/uploads\/2025\/10\/camping-utah-beach-aire-de-camping-car.webp 1015w, https:\/\/www.camping-utahbeach.com\/wp-content\/uploads\/2025\/10\/camping-utah-beach-aire-de-camping-car-300x294.webp 300w, https:\/\/www.camping-utahbeach.com\/wp-content\/uploads\/2025\/10\/camping-utah-beach-aire-de-camping-car-768x752.webp 768w\" sizes=\"(max-width: 1015px) 100vw, 1015px\" \/><\/figure>\n<\/div>\n<\/div>\n<\/section>\n\n<section class=\"wp-block-group gt_1-cta-1photofull_005 page-two is-layout-flow wp-block-group-is-layout-flow\">\n<div class=\"wp-block-group is-layout-flow wp-block-group-is-layout-flow\">\n<div data-swiper=\"{&quot;speed&quot;:1000,&quot;autoplay&quot;:{&quot;delay&quot;:5000,&quot;disableOnInteraction&quot;:false},&quot;spaceBetween&quot;:0,&quot;slidesPerView&quot;:1,&quot;pagination&quot;:{&quot;el&quot;:&quot;.swiper-pagination&quot;,&quot;dynamicBullets&quot;:true,&quot;clickable&quot;:true,&quot;type&quot;:&quot;bullets&quot;},&quot;navigation&quot;:{&quot;nextEl&quot;:&quot;.swiper-button-next&quot;,&quot;prevEl&quot;:&quot;.swiper-button-prev&quot;},&quot;breakpoints&quot;:[{&quot;slidesPerView&quot;:1}]}\" class=\"wp-block-cover has-parallax gt-gsap-fadeIn\" style=\"border-bottom-left-radius:90px;border-bottom-right-radius:90px;min-height:100vh;aspect-ratio:unset;\"><div role=\"img\" aria-label=\"camping normandie bon plan\" class=\"wp-block-cover__image-background wp-image-1415 size-full has-parallax\" style=\"background-position:50% 50%;background-image:url(https:\/\/www.camping-utahbeach.com\/wp-content\/uploads\/2025\/10\/camping-normandie-bon-plan.png)\"><\/div><span aria-hidden=\"true\" class=\"wp-block-cover__background has-custom-color-4-background-color has-background-dim-40 has-background-dim\"><\/span><div class=\"wp-block-cover__inner-container has-global-padding is-layout-constrained wp-block-cover-is-layout-constrained\">\n<p class=\"has-text-align-center has-large-font-size\"><\/p>\n<\/div><\/div>\n<\/div>\n\n\n\n<div class=\"wp-block-columns absolute-content is-layout-flex wp-container-core-columns-is-layout-28f84493 wp-block-columns-is-layout-flex\">\n<div class=\"wp-block-column is-layout-flow wp-block-column-is-layout-flow\">\n<h2 class=\"wp-block-heading has-base-2-color has-text-color has-link-color wp-elements-8873bcd5a2b7f0e73fa017123dfdb181\">Die Normandie mit dem <br\/>Wohnmobil<\/h2>\n\n\n\n<p class=\"has-base-2-color has-text-color has-link-color wp-elements-980fcbfeb257ec610998e01f6fddafdc\">Als Besitzer eines Wohnmobils oder Wohnwagens lieben Sie es, die Stra\u00dfen Frankreichs zu erkunden, und haben beschlossen, in Ihrem n\u00e4chsten Urlaub <a href=\"https:\/\/www.camping-utahbeach.com\/de\/urlaub-im-cotentin-in-der-normandie\/\" data-type=\"page\" data-id=\"67\">Tourismus in der Manche<\/a> zu betreiben. Was f\u00fcr eine gute Idee!  <\/p>\n\n\n\n<p class=\"has-base-2-color has-text-color has-link-color wp-elements-c4affd73468eb33eadb1970d2f656e50\">Um Ihnen bei der Vorbereitung Ihres Roadtrips durch die Normandie zu helfen, entdecken Sie gleich die 5 guten Gr\u00fcnde, <strong>mit dem Wohnmobil durch die Normandie zu reisen<\/strong>:<\/p>\n\n\n\n<ul class=\"wp-block-list has-base-2-color has-text-color has-link-color wp-elements-a842bddb9c809fc1bc0f8ad6aa60a8fb\">\n<li>Genie\u00dfen Sie die au\u00dfergew\u00f6hnlichen Landschaften: Die Natur der Normandie ist wundersch\u00f6n, das ist unbestreitbar! W\u00e4hrend Ihrer <strong>Wohnmobilreise<\/strong> haben Sie die Gelegenheit, atemberaubende Landschaften zu bewundern\u2026 angefangen bei der Bucht des Mont-Saint-Michel! <\/li>\n\n\n\n<li>Fahren Sie unbesorgt auf qualitativ hochwertigen Stra\u00dfen: Die Stra\u00dfen der Normandie sind sehr angenehm zu befahren und gut instand gehalten.<\/li>\n\n\n\n<li>Entdecken Sie eine gro\u00dfe Vielfalt an Panoramen: In der Normandie gibt es unz\u00e4hlige Aussichtspunkte, um das Panorama zu bewundern. Von den Klippen aus k\u00f6nnen Sie das Meer, die Landungsstr\u00e4nde und die T\u00e4ler der Schweizer Normandie bewundern. <\/li>\n\n\n\n<li>Besuchen Sie einige der sch\u00f6nsten St\u00e4tten des franz\u00f6sischen Kulturerbes: Es gibt nat\u00fcrlich den Mont-Saint-Michel, aber auch die Abteien von Caen, das Schloss von Falaise, die Altstadt von Honfleur\u2026<\/li>\n<\/ul>\n\n\n\n<p class=\"has-base-2-color has-text-color has-link-color wp-elements-1115e79bd08ae3add93e02e93b422ebe\"><a href=\"https:\/\/www.camping-utahbeach.com\/de\/gunstiger-campingplatz-in-der-normandie-manche\/\" data-type=\"page\" data-id=\"63\">Sparen Sie und profitieren Sie von Wohnmobilstellpl\u00e4tzen zu g\u00fcnstigen Preisen<\/a>: Zum Entleeren oder f\u00fcr mehrere \u00dcbernachtungen stellt Ihnen Ihr Campingplatz Utah Beach einen hochwertigen Wohnmobilstellplatz zur Verf\u00fcgung.<\/p>\n<\/div>\n\n\n\n<div class=\"wp-block-column is-vertically-aligned-center is-layout-flow wp-block-column-is-layout-flow\"><\/div>\n<\/div>\n<\/section>\n\n<section class=\"wp-block-group gt_avis_008 page-three reverse is-layout-flow wp-block-group-is-layout-flow\">\n<div class=\"wp-block-columns alignwide bottom has-background is-layout-flex wp-container-core-columns-is-layout-bd0ae485 wp-block-columns-is-layout-flex\" style=\"border-radius:0px;background-color:rgba(255,255,255,1);margin-top:0px;margin-right:0px;margin-bottom:0px;margin-left:0px;padding-top:0;padding-right:0;padding-bottom:var(--wp--preset--spacing--50);padding-left:var(--wp--preset--spacing--40)\">\n<div class=\"wp-block-column is-vertically-aligned-center has-base-2-background-color has-background is-layout-flow wp-block-column-is-layout-flow\" style=\"flex-basis:45%\">\n<h2 class=\"wp-block-heading\">Wohnmobilstellplatz an der K\u00fcste der Normandie<\/h2>\n\n\n\n<p>F\u00fcr Wohnmobile, die von Januar bis Dezember in unserer Region \u00fcbernachten m\u00f6chten, steht Ihnen 300 Meter von unserem Campingplatz entfernt, in Verl\u00e4ngerung unseres Eingangs, ein Wohnmobil-Parkplatz zur Verf\u00fcgung. Hier ist die Website f\u00fcr eine Reservierung: <a href=\"https:\/\/campingcarpark.com\/\" target=\"_blank\" rel=\"noreferrer noopener nofollow\">Camping car park<\/a>. <\/p>\n\n\n\n<p>So haben Sie verschiedene L\u00f6sungen und Dienstleistungen, um auf dem Campingplatz Utah Beach mit Wohnmobil und Wohnwagen zu \u00fcbernachten. Es ist der ideale Ort f\u00fcr Wohnmobilisten, die durch die Normandie und die Manche reisen.<br\/>Die Normandie und die Manche sind in der Tat ideale Reiseziele f\u00fcr Wohnmobilreisen. Nah an der unber\u00fchrten Natur, werden Sie sich auf dem Campingplatz wohlf\u00fchlen, um Ihr Wohnmobil aufzutanken, sich am Pool zu entspannen, unsere Sanit\u00e4ranlagen und unseren Pizzakiosk zu nutzen.  <\/p>\n\n\n\n<p>Ob f\u00fcr kurze Zeit oder wochenweise, halten Sie mit Ihrem Van und Wohnmobil auf dem Campingplatz Utah Beach an, Sie sind herzlich willkommen.<\/p>\n<\/div>\n\n\n\n<div class=\"wp-block-column is-vertically-aligned-center is-layout-flow wp-block-column-is-layout-flow\" style=\"padding-top:0;padding-right:0;padding-bottom:0;padding-left:0;flex-basis:55%\">\n<figure class=\"wp-block-image size-full has-custom-border blob-image avis-img gt-gsap-fadeIn\" style=\"margin-top:0px;margin-right:0px;margin-bottom:0px;margin-left:0px\"><img decoding=\"async\" width=\"1015\" height=\"994\" src=\"https:\/\/www.camping-utahbeach.com\/wp-content\/uploads\/2025\/10\/camping-car-park-en-normandie-utah-beach.webp\" alt=\"Wohnmobilpark in der Normandie Utah Beach\" class=\"wp-image-1649\" style=\"border-bottom-left-radius:90px\" srcset=\"https:\/\/www.camping-utahbeach.com\/wp-content\/uploads\/2025\/10\/camping-car-park-en-normandie-utah-beach.webp 1015w, https:\/\/www.camping-utahbeach.com\/wp-content\/uploads\/2025\/10\/camping-car-park-en-normandie-utah-beach-300x294.webp 300w, https:\/\/www.camping-utahbeach.com\/wp-content\/uploads\/2025\/10\/camping-car-park-en-normandie-utah-beach-768x752.webp 768w\" sizes=\"(max-width: 1015px) 100vw, 1015px\" \/><\/figure>\n<\/div>\n<\/div>\n<\/section>\n\n<section class=\"wp-block-group gt_avis_008 page-three is-layout-flow wp-block-group-is-layout-flow\">\n<div class=\"wp-block-columns alignwide bottom has-background is-layout-flex wp-container-core-columns-is-layout-2daa7c6a wp-block-columns-is-layout-flex\" style=\"border-radius:0px;background-color:rgba(255,255,255,1);margin-top:0px;margin-right:0px;margin-bottom:0px;margin-left:0px;padding-top:0;padding-right:var(--wp--preset--spacing--40);padding-bottom:var(--wp--preset--spacing--50);padding-left:0px\">\n<div class=\"wp-block-column is-vertically-aligned-center is-layout-flow wp-block-column-is-layout-flow\" style=\"flex-basis:55%\">\n<figure class=\"wp-block-image size-full has-custom-border blob-image avis-img gt-gsap-fadeIn\" style=\"margin-top:0px;margin-right:0px;margin-bottom:0px;margin-left:0px\"><img decoding=\"async\" width=\"1015\" height=\"994\" src=\"https:\/\/www.camping-utahbeach.com\/wp-content\/uploads\/2025\/10\/animation-au-camping-utah-beach.png\" alt=\"Animation auf dem Campingplatz Utah Beach\" class=\"wp-image-1328\" style=\"border-bottom-right-radius:90px\" srcset=\"https:\/\/www.camping-utahbeach.com\/wp-content\/uploads\/2025\/10\/animation-au-camping-utah-beach.png 1015w, https:\/\/www.camping-utahbeach.com\/wp-content\/uploads\/2025\/10\/animation-au-camping-utah-beach-300x294.png 300w, https:\/\/www.camping-utahbeach.com\/wp-content\/uploads\/2025\/10\/animation-au-camping-utah-beach-768x752.png 768w\" sizes=\"(max-width: 1015px) 100vw, 1015px\" \/><\/figure>\n<\/div>\n\n\n\n<div class=\"wp-block-column is-vertically-aligned-center has-base-2-background-color has-background is-layout-flow wp-block-column-is-layout-flow\" style=\"flex-basis:45%\">\n<h2 class=\"wp-block-heading\">Routenvorschlag zur Entdeckung der Normandie mit dem Wohnmobil<\/h2>\n\n\n\n<p>Es gibt so viel zu tun und zu entdecken in der Normandie, dass es nicht einfach ist, die Etappen einer <strong>Wohnmobilreise<\/strong> auszuw\u00e4hlen. Hier ist ein Routenvorschlag, der Ihnen erm\u00f6glicht, die Region Normandie durch ihre Geschichte und Landschaften zu entdecken, vom Mont-Saint-Michel bis Caen: <\/p>\n\n\n    <div id=\"gt-fse-lire-plus-69ff6133077fd\" class=\"gt-fse-lire-plus\" data-min-height=\"130\" style=\"background-color: #fff;\">\n        <input id=\"gt-fse-lire-plus-69ff6133077fd-toggle\" type=\"checkbox\" class=\"gt-fse-lire-plus__toggle\" \/>\n        <label for=\"gt-fse-lire-plus-69ff6133077fd-toggle\" class=\"gt-fse-lire-plus__toggle-label\">\n            <span>Lire plus<\/span>\n            <span>Lire moins<\/span>\n        <\/label>\n        <div class=\"gt-fse-lire-plus__content\" style=\"height: 130px;\">\n            \n\n<ul class=\"wp-block-list\">\n<li><a href=\"https:\/\/www.camping-utahbeach.com\/articles\/visiter-avranches\/\" data-type=\"page\" data-id=\"22\"><strong>Avranches<\/strong> <\/a>: Nachdem Sie den wundersch\u00f6nen Mont-Saint-Michel besucht und das ber\u00fchmte Omelett der M\u00e8re Poulard probiert haben, halten Sie in Avranches an und bewundern Sie die Aussicht auf die Bucht des ber\u00fchmten Berges. F\u00fcr ein atemberaubendes Panorama begeben Sie sich in den Jardin des Plantes. Von dort oben haben Sie eine spektakul\u00e4re Aussicht auf die Umgebung. Zw\u00f6lf Themeng\u00e4rten lassen Sie eine Flora aus aller Welt entdecken.   <\/li>\n\n\n\n<li><strong>Granville<\/strong>: Fahren Sie dann nach Nordwesten und entdecken Sie die \u201eKorsarenstadt\u201c, deren Mauern um 1450 errichtet wurden. Auch \u201eMonaco des Nordens\u201c genannt, beherbergt diese K\u00fcstenstadt zahlreiche Sch\u00e4tze. Modebegeisterte besuchen hier das zum Museum umfunktionierte Geburtshaus von Christian Dior. Und f\u00fcr einen unterhaltsamen Familienmoment denken Sie an das Aquarium von Granville.   <\/li>\n\n\n\n<li><strong>Barfleur<\/strong>: Auf dem Weg nach Barfleur durchqueren Sie den Naturpark Cotentin, wo Sie frische Luft schnappen und in der Natur neue Energie tanken k\u00f6nnen. Die S\u00fcmpfe beherbergen eine vielf\u00e4ltige Tierwelt und vor allem viele V\u00f6gel. In Barfleur angekommen, werden Sie von seinem malerischen und typisch normannischen Fischerhafen begeistert sein. Z\u00f6gern Sie nicht, in einem der Restaurants in den alten Gassen einzukehren, um die wilden Muscheln von Barfleur mit Sahne zu probieren.   <\/li>\n\n\n\n<li><strong>Landungsstr\u00e4nde <\/strong>: Kennen Sie die 5 <a href=\"https:\/\/www.camping-utahbeach.com\/de\/campingplatz-am-landungsstrand-in-der-normandie\/\" data-type=\"page\" data-id=\"1094\">Landungsstr\u00e4nde<\/a>? Sword Beach, Juno Beach, Gold Beach, Omaha Beach und nat\u00fcrlich Utah Beach, wo sich Ihr Campingplatz in der Normandie befindet. Erleben Sie den l\u00e4ngsten Tag noch einmal, indem Sie die K\u00fcste bis Ouistreham entlangfahren und die Pegasus Bridge von B\u00e9nouville, die verschiedenen Milit\u00e4rfriedh\u00f6fe oder Sainte-M\u00e8re-\u00c9glise, eine der ersten befreiten St\u00e4dte, entdecken.  <\/li>\n\n\n\n<li><strong>Caen<\/strong>: Erweitern Sie Ihre Entdeckung der Basse-Normandie, indem Sie die wundersch\u00f6ne Stadt Caen und ihr historisches Erbe besuchen: das Schloss Wilhelms des Eroberers, die Abbaye aux Hommes und die Abbaye aux Femmes, das Denkmal des Zweiten Weltkriegs\u2026 die gesamte Geschichte Frankreichs in einer einzigen Stadt vereint! Und wenn Sie noch etwas Zeit haben, z\u00f6gern Sie nicht, bis nach Bayeux zu fahren, wo Sie den ber\u00fchmten mittelalterlichen Wandteppich bewundern k\u00f6nnen. <\/li>\n<\/ul>\n\n            <div class=\"gt-fse-lire-plus__gradient\" style=\"background: linear-gradient(to bottom,rgba(255,255,255,0) 0%,rgba(255,255,255,1) 100%);\"><\/div>\n        <\/div>\n    <\/div>\n    <\/div>\n<\/div>\n<\/section>\n\n<section class=\"wp-block-group page-maillage has-custom-color-5-background-color has-background has-global-padding is-layout-constrained wp-block-group-is-layout-constrained\">\n<div class=\"wp-block-group h1-like has-global-padding is-layout-constrained wp-block-group-is-layout-constrained\" style=\"line-height:1\">\n<p class=\"has-custom-color-1-color has-text-color has-link-color wp-elements-c836084fe21bcae285cecd78efaa7891\" style=\"font-size:clamp(54.054px, 3.378rem + ((1vw - 3.2px) * 4.548), 110px);font-style:normal;font-weight:300;text-transform:uppercase\">Entdecken Sie <br\/><span>unsere Leistungen<\/span><\/p>\n<\/div>\n\n\n\n<div class=\"wp-block-query gt-gsap-fadeInUp is-layout-flow wp-block-query-is-layout-flow\"><ul class=\"wp-block-post-template is-layout-flow wp-block-post-template-is-layout-flow\"><li class=\"wp-block-post post-219099 page type-page status-publish has-post-thumbnail hentry\">\n\n<figure class=\"wp-block-image\"><img decoding=\"async\" src=\"https:\/\/www.camping-utahbeach.com\/wp-content\/uploads\/2025\/10\/utah-beach-camping-dans-la-manche.webp\" title=\"https:\/\/www.camping-utahbeach.com\/wp-content\/uploads\/2025\/10\/utah-beach-camping-dans-la-manche.webp\" alt=\"\"\/><\/figure>\n\n\n\n<p class=\"has-text-align-center has-custom-color-1-color has-base-2-background-color has-text-color has-background has-link-color wp-elements-499f11dee7406d0a4fbf5f81e85a1d8e\" style=\"border-radius:50px;font-size:clamp(16.293px, 1.018rem + ((1vw - 3.2px) * 0.708), 25px);font-style:normal;font-weight:500;text-transform:uppercase\">Unsere Stellpl\u00e4tze<\/p>\n\n\n<a class=\"is-style-lien-cover wp-block-read-more\" href=\"https:\/\/www.camping-utahbeach.com\/de\/wohnwagenstellplatz-in-der-normandie\/\" target=\"_self\">Weiterlesen<span class=\"screen-reader-text\">: Unsere Stellpl\u00e4tze<\/span><\/a>\n<\/li><li class=\"wp-block-post post-219103 page type-page status-publish has-post-thumbnail hentry\">\n\n<figure class=\"wp-block-image\"><img decoding=\"async\" src=\"https:\/\/www.camping-utahbeach.com\/wp-content\/uploads\/2025\/10\/location-insolite-en-bord-de-mer.webp\" title=\"https:\/\/www.camping-utahbeach.com\/wp-content\/uploads\/2025\/10\/location-insolite-en-bord-de-mer.webp\" alt=\"\"\/><\/figure>\n\n\n\n<p class=\"has-text-align-center has-custom-color-1-color has-base-2-background-color has-text-color has-background has-link-color wp-elements-499f11dee7406d0a4fbf5f81e85a1d8e\" style=\"border-radius:50px;font-size:clamp(16.293px, 1.018rem + ((1vw - 3.2px) * 0.708), 25px);font-style:normal;font-weight:500;text-transform:uppercase\">Unsere au\u00dfergew\u00f6hnlichen Unterk\u00fcnfte<\/p>\n\n\n<a class=\"is-style-lien-cover wp-block-read-more\" href=\"https:\/\/www.camping-utahbeach.com\/de\/ungewohnlicher-campingplatz-in-der-normandie\/\" target=\"_self\">Weiterlesen<span class=\"screen-reader-text\">: Unsere au\u00dfergew\u00f6hnlichen Unterk\u00fcnfte<\/span><\/a>\n<\/li><li class=\"wp-block-post post-219133 page type-page status-publish has-post-thumbnail hentry\">\n\n<figure class=\"wp-block-image\"><img decoding=\"async\" src=\"https:\/\/www.camping-utahbeach.com\/wp-content\/uploads\/2025\/10\/location-mobilhome-normandie.webp\" title=\"https:\/\/www.camping-utahbeach.com\/wp-content\/uploads\/2025\/10\/location-mobilhome-normandie.webp\" alt=\"\"\/><\/figure>\n\n\n\n<p class=\"has-text-align-center has-custom-color-1-color has-base-2-background-color has-text-color has-background has-link-color wp-elements-499f11dee7406d0a4fbf5f81e85a1d8e\" style=\"border-radius:50px;font-size:clamp(16.293px, 1.018rem + ((1vw - 3.2px) * 0.708), 25px);font-style:normal;font-weight:500;text-transform:uppercase\">Unsere Mobilheime<\/p>\n\n\n<a class=\"is-style-lien-cover wp-block-read-more\" href=\"https:\/\/www.camping-utahbeach.com\/de\/mobilheim-vermietung-normandie\/\" target=\"_self\">Weiterlesen<span class=\"screen-reader-text\">: Unsere MH<\/span><\/a>\n<\/li><\/ul><\/div>\n<\/section>\n","protected":false},"excerpt":{"rendered":"<p>Wohnmobilstellplatz in der Normandie Suchen Sie einen Wohnmobilstellplatz an der K\u00fcste der Normandie f\u00fcr eine oder mehrere N\u00e4chte? M\u00f6chten Sie die Normandie mit dem Wohnmobil erkunden? Das Wohnmobil-Haltepaket beinhaltet: max. 4 Personen, ein Wohnmobil, einen 6A Stromanschluss und Wasserversorgung. Um diese Leistung in Anspruch zu nehmen, m\u00fcssen Sie nach 18 Uhr anreisen und am n\u00e4chsten [&hellip;]<\/p>\n","protected":false},"author":1,"featured_media":1644,"parent":0,"menu_order":0,"comment_status":"closed","ping_status":"closed","template":"","meta":{"_acf_changed":false,"_seopress_robots_primary_cat":"","_seopress_titles_title":"Wohnmobilstellplatz in der Normandie | Service- und Stellplatz","_seopress_titles_desc":"","_seopress_robots_index":"","inline_featured_image":false,"gt_fse_maillage_image":"https:\/\/www.camping-utahbeach.com\/wp-content\/uploads\/2025\/10\/camping-car-aire-en-normandie.webp","gt_fse_maillage_titre":"Wohnmobilstellplatz","gt_fse_maillage_alt":"Automatischer Entwurf","gt_fse_maillage_resume":"","footnotes":""},"categories":[],"tags":[],"class_list":["post-219050","page","type-page","status-publish","has-post-thumbnail","hentry"],"acf":[],"_links":{"self":[{"href":"https:\/\/www.camping-utahbeach.com\/de\/wp-json\/wp\/v2\/pages\/219050","targetHints":{"allow":["GET"]}}],"collection":[{"href":"https:\/\/www.camping-utahbeach.com\/de\/wp-json\/wp\/v2\/pages"}],"about":[{"href":"https:\/\/www.camping-utahbeach.com\/de\/wp-json\/wp\/v2\/types\/page"}],"author":[{"embeddable":true,"href":"https:\/\/www.camping-utahbeach.com\/de\/wp-json\/wp\/v2\/users\/1"}],"replies":[{"embeddable":true,"href":"https:\/\/www.camping-utahbeach.com\/de\/wp-json\/wp\/v2\/comments?post=219050"}],"version-history":[{"count":3,"href":"https:\/\/www.camping-utahbeach.com\/de\/wp-json\/wp\/v2\/pages\/219050\/revisions"}],"predecessor-version":[{"id":219065,"href":"https:\/\/www.camping-utahbeach.com\/de\/wp-json\/wp\/v2\/pages\/219050\/revisions\/219065"}],"wp:featuredmedia":[{"embeddable":true,"href":"https:\/\/www.camping-utahbeach.com\/de\/wp-json\/wp\/v2\/media\/1644"}],"wp:attachment":[{"href":"https:\/\/www.camping-utahbeach.com\/de\/wp-json\/wp\/v2\/media?parent=219050"}],"wp:term":[{"taxonomy":"category","embeddable":true,"href":"https:\/\/www.camping-utahbeach.com\/de\/wp-json\/wp\/v2\/categories?post=219050"},{"taxonomy":"post_tag","embeddable":true,"href":"https:\/\/www.camping-utahbeach.com\/de\/wp-json\/wp\/v2\/tags?post=219050"}],"curies":[{"name":"wp","href":"https:\/\/api.w.org\/{rel}","templated":true}]}}