{"id":219054,"date":"2025-10-10T13:50:35","date_gmt":"2025-10-10T11:50:35","guid":{"rendered":"https:\/\/www.camping-utahbeach.com\/camping-acsi\/"},"modified":"2026-03-17T16:07:05","modified_gmt":"2026-03-17T15:07:05","slug":"campingplatz-acsi","status":"publish","type":"page","link":"https:\/\/www.camping-utahbeach.com\/de\/campingplatz-acsi\/","title":{"rendered":"ACSI-Camping"},"content":{"rendered":"\n<section class=\"wp-block-group gt_1-cta-1photo_006 page-one has-custom-color-5-background-color has-background is-layout-flow wp-block-group-is-layout-flow\">\n<h1 class=\"wp-block-heading has-text-align-center\" style=\"padding-bottom:var(--wp--preset--spacing--40)\">Aufenthalt auf einem ACSI-Campingplatz in der Normandie<\/h1>\n\n\n\n<div class=\"wp-block-columns top is-layout-flex wp-container-core-columns-is-layout-28f84493 wp-block-columns-is-layout-flex\">\n<div class=\"wp-block-column is-vertically-aligned-center left is-layout-flow wp-block-column-is-layout-flow\">\n<h2 class=\"wp-block-heading has-text-align-left\"><strong>Ein ACSI-Campingplatz<\/strong> in der Normandie<\/h2>\n\n\n\n<p>Sie suchen vielleicht einen ACSI-Campingplatz? EINEN Campingplatz<br\/>Der <a href=\"https:\/\/www.camping-utahbeach.com\/de\/\" data-type=\"page\" data-id=\"22\">Campingplatz Utah Beach in der Normandie<\/a> ist ein 4-Sterne-Campingplatz in Sainte Marie Du Mont im D\u00e9partement Manche, in der N\u00e4he der Landungsstr\u00e4nde. <\/p>\n\n\n\n<p>Als Mitglied des <strong>ACSI-Netzwerks<\/strong> empf\u00e4ngt der Campingplatz Utah Beach G\u00e4ste mit der <strong>ACSI-Karte<\/strong> f\u00fcr einen g\u00fcnstigeren Urlaub in der Normandie und gew\u00e4hrt vorteilhafte Erm\u00e4\u00dfigungen auf die Preise f\u00fcr Aufenthalte auf freien Stellpl\u00e4tzen.<\/p>\n<\/div>\n\n\n\n<div class=\"wp-block-column right is-layout-flow wp-block-column-is-layout-flow\">\n<figure class=\"wp-block-image alignright size-full gt-gsap-fadeIn\"><img decoding=\"async\" width=\"863\" height=\"1037\" src=\"https:\/\/www.camping-utahbeach.com\/wp-content\/uploads\/2025\/10\/camping-bord-de-plage-normandie.png\" alt=\"Camping am Strand Normandie\" class=\"wp-image-1388\" srcset=\"https:\/\/www.camping-utahbeach.com\/wp-content\/uploads\/2025\/10\/camping-bord-de-plage-normandie.png 863w, https:\/\/www.camping-utahbeach.com\/wp-content\/uploads\/2025\/10\/camping-bord-de-plage-normandie-250x300.png 250w, https:\/\/www.camping-utahbeach.com\/wp-content\/uploads\/2025\/10\/camping-bord-de-plage-normandie-852x1024.png 852w, https:\/\/www.camping-utahbeach.com\/wp-content\/uploads\/2025\/10\/camping-bord-de-plage-normandie-768x923.png 768w\" sizes=\"(max-width: 863px) 100vw, 863px\" \/><\/figure>\n<\/div>\n<\/div>\n<\/section>\n\n<section class=\"wp-block-group gt_1-cta-1photofull_005 page-two is-layout-flow wp-block-group-is-layout-flow\">\n<div data-swiper=\"{&quot;speed&quot;:400,&quot;spaceBetween&quot;:16,&quot;slidesPerView&quot;:1,&quot;createElements&quot;:true,&quot;loop&quot;:true,&quot;freemode&quot;:true,&quot;breakpoints&quot;:[{&quot;slidesPerView&quot;:1}],&quot;navigation&quot;:false,&quot;pagination&quot;:false,&quot;effect&quot;:&quot;fade&quot;,&quot;autoplay&quot;:{&quot;delay&quot;:3000}}\" class=\"wp-block-group gt-is-slider gt-is-slider-desktop is-layout-flow wp-block-group-is-layout-flow\">\n<div data-swiper=\"{&quot;speed&quot;:1000,&quot;autoplay&quot;:{&quot;delay&quot;:5000,&quot;disableOnInteraction&quot;:false},&quot;spaceBetween&quot;:0,&quot;slidesPerView&quot;:1,&quot;pagination&quot;:{&quot;el&quot;:&quot;.swiper-pagination&quot;,&quot;dynamicBullets&quot;:true,&quot;clickable&quot;:true,&quot;type&quot;:&quot;bullets&quot;},&quot;navigation&quot;:{&quot;nextEl&quot;:&quot;.swiper-button-next&quot;,&quot;prevEl&quot;:&quot;.swiper-button-prev&quot;},&quot;breakpoints&quot;:[{&quot;slidesPerView&quot;:1}]}\" class=\"wp-block-cover has-parallax gt-gsap-fadeIn\" style=\"border-bottom-left-radius:90px;border-bottom-right-radius:90px;min-height:100vh;aspect-ratio:unset;\"><div role=\"img\" aria-label=\"camping en normandie avec piscine chauf\u00e9e\" class=\"wp-block-cover__image-background wp-image-1346 size-full has-parallax\" style=\"background-position:50% 50%;background-image:url(https:\/\/www.camping-utahbeach.com\/wp-content\/uploads\/2025\/10\/camping-en-normandie-avec-piscine-chaufee.png)\"><\/div><span aria-hidden=\"true\" class=\"wp-block-cover__background has-custom-color-4-background-color has-background-dim-30 has-background-dim\"><\/span><div class=\"wp-block-cover__inner-container has-global-padding is-layout-constrained wp-block-cover-is-layout-constrained\">\n<p class=\"has-text-align-center has-large-font-size\"><\/p>\n<\/div><\/div>\n\n\n\n<div data-swiper=\"{&quot;speed&quot;:1000,&quot;autoplay&quot;:{&quot;delay&quot;:5000,&quot;disableOnInteraction&quot;:false},&quot;spaceBetween&quot;:0,&quot;slidesPerView&quot;:1,&quot;pagination&quot;:{&quot;el&quot;:&quot;.swiper-pagination&quot;,&quot;dynamicBullets&quot;:true,&quot;clickable&quot;:true,&quot;type&quot;:&quot;bullets&quot;},&quot;navigation&quot;:{&quot;nextEl&quot;:&quot;.swiper-button-next&quot;,&quot;prevEl&quot;:&quot;.swiper-button-prev&quot;},&quot;breakpoints&quot;:[{&quot;slidesPerView&quot;:1}]}\" class=\"wp-block-cover has-parallax gt-gsap-fadeIn\" style=\"border-bottom-left-radius:90px;border-bottom-right-radius:90px;min-height:100vh;aspect-ratio:unset;\"><div role=\"img\" aria-label=\"plage de normandie utah beach\" class=\"wp-block-cover__image-background wp-image-1391 size-full has-parallax\" style=\"background-position:50% 50%;background-image:url(https:\/\/www.camping-utahbeach.com\/wp-content\/uploads\/2025\/10\/plage-de-normandie-utah-beach.png)\"><\/div><span aria-hidden=\"true\" class=\"wp-block-cover__background has-custom-color-4-background-color has-background-dim-30 has-background-dim\"><\/span><div class=\"wp-block-cover__inner-container has-global-padding is-layout-constrained wp-block-cover-is-layout-constrained\">\n<p class=\"has-text-align-center has-large-font-size\"><\/p>\n<\/div><\/div>\n\n\n\n<div data-swiper=\"{&quot;speed&quot;:1000,&quot;autoplay&quot;:{&quot;delay&quot;:5000,&quot;disableOnInteraction&quot;:false},&quot;spaceBetween&quot;:0,&quot;slidesPerView&quot;:1,&quot;pagination&quot;:{&quot;el&quot;:&quot;.swiper-pagination&quot;,&quot;dynamicBullets&quot;:true,&quot;clickable&quot;:true,&quot;type&quot;:&quot;bullets&quot;},&quot;navigation&quot;:{&quot;nextEl&quot;:&quot;.swiper-button-next&quot;,&quot;prevEl&quot;:&quot;.swiper-button-prev&quot;},&quot;breakpoints&quot;:[{&quot;slidesPerView&quot;:1}]}\" class=\"wp-block-cover has-parallax gt-gsap-fadeIn\" style=\"border-bottom-left-radius:90px;border-bottom-right-radius:90px;min-height:100vh;aspect-ratio:unset;\"><div role=\"img\" aria-label=\"animaux\" class=\"wp-block-cover__image-background wp-image-1282 size-full has-parallax\" style=\"background-position:50% 50%;background-image:url(https:\/\/www.camping-utahbeach.com\/wp-content\/uploads\/2025\/10\/animaux.webp)\"><\/div><span aria-hidden=\"true\" class=\"wp-block-cover__background has-custom-color-4-background-color has-background-dim-30 has-background-dim\"><\/span><div class=\"wp-block-cover__inner-container has-global-padding is-layout-constrained wp-block-cover-is-layout-constrained\">\n<p class=\"has-text-align-center has-large-font-size\"><\/p>\n<\/div><\/div>\n<\/div>\n\n\n\n<div class=\"wp-block-columns absolute-content is-layout-flex wp-container-core-columns-is-layout-28f84493 wp-block-columns-is-layout-flex\">\n<div class=\"wp-block-column is-layout-flow wp-block-column-is-layout-flow\">\n<h2 class=\"wp-block-heading has-base-2-color has-text-color has-link-color wp-elements-faecbd8fd9a5e629a40d9ff47e9a380c\">ACSI-Tarife<\/h2>\n\n\n\n<p class=\"has-base-2-color has-text-color has-link-color wp-elements-8c08da364fef22773b2f92904c72d7e6\">Der ACSI-Tarif f\u00fcr die Nebensaison (April, Mai, Juni und September) des Campingplatzes Utah Beach betr\u00e4gt 19 \u20ac zuz\u00fcglich Kurtaxe. <\/p>\n\n\n\n<p class=\"has-base-2-color has-text-color has-link-color wp-elements-e8b617c8f9a208e2c6758299ec696ca4\">Dieser Tarif umfasst die <a href=\"https:\/\/www.camping-utahbeach.com\/de\/wohnwagenstellplatz-in-der-normandie\/\" data-type=\"page\" data-id=\"59\">Miete eines traditionellen Campingstellplatzes<\/a> f\u00fcr zwei Personen, den Zugang zu den Sanit\u00e4ranlagen, zum Schwimmbad sowie zu den vom Campingplatz angebotenen Aktivit\u00e4ten und Animationen.<\/p>\n\n\n\n<p class=\"has-base-2-color has-text-color has-link-color wp-elements-11cf97684c055c92eea37409dc602553\">Nutzen Sie diesen <strong>ACSI-Sondertarif<\/strong>, um die Landungsstr\u00e4nde, die Normandie, das D\u00e9partement Manche und seine sch\u00f6nsten normannischen St\u00e4dte und D\u00f6rfer zu entdecken: Saint M\u00e8re Eglise, Cherbourg\u2026<\/p>\n<\/div>\n\n\n\n<div class=\"wp-block-column is-vertically-aligned-center is-layout-flow wp-block-column-is-layout-flow\"><\/div>\n<\/div>\n<\/section>\n\n<section class=\"wp-block-group gt_avis_008 page-three is-layout-flow wp-block-group-is-layout-flow\">\n<div class=\"wp-block-columns alignwide bottom has-background is-layout-flex wp-container-core-columns-is-layout-2daa7c6a wp-block-columns-is-layout-flex\" style=\"border-radius:0px;background-color:rgba(255,255,255,1);margin-top:0px;margin-right:0px;margin-bottom:0px;margin-left:0px;padding-top:0;padding-right:var(--wp--preset--spacing--40);padding-bottom:var(--wp--preset--spacing--50);padding-left:0px\">\n<div class=\"wp-block-column is-vertically-aligned-center is-layout-flow wp-block-column-is-layout-flow\" style=\"flex-basis:55%\">\n<figure class=\"wp-block-image size-full has-custom-border blob-image avis-img gt-gsap-fadeIn\" style=\"margin-top:0px;margin-right:0px;margin-bottom:0px;margin-left:0px\"><img decoding=\"async\" width=\"1015\" height=\"994\" src=\"https:\/\/www.camping-utahbeach.com\/wp-content\/uploads\/2025\/10\/camping-utah-beach-normandie.png\" alt=\"Camping Utah Beach Normandie\" class=\"wp-image-1397\" style=\"border-bottom-right-radius:90px\" srcset=\"https:\/\/www.camping-utahbeach.com\/wp-content\/uploads\/2025\/10\/camping-utah-beach-normandie.png 1015w, https:\/\/www.camping-utahbeach.com\/wp-content\/uploads\/2025\/10\/camping-utah-beach-normandie-300x294.png 300w, https:\/\/www.camping-utahbeach.com\/wp-content\/uploads\/2025\/10\/camping-utah-beach-normandie-768x752.png 768w\" sizes=\"(max-width: 1015px) 100vw, 1015px\" \/><\/figure>\n<\/div>\n\n\n\n<div class=\"wp-block-column is-vertically-aligned-center has-base-2-background-color has-background is-layout-flow wp-block-column-is-layout-flow\" style=\"flex-basis:45%\">\n<h2 class=\"wp-block-heading\">Vorteile der ACSI-Karte<\/h2>\n\n\n\n<p>Mit der Karte auf unserem ACSI-Campingplatz reduzieren Sie die Kosten Ihres Urlaubs auf dem <a href=\"https:\/\/www.camping-utahbeach.com\/de\/gunstiger-campingplatz-in-der-normandie-manche\/\" data-type=\"page\" data-id=\"63\">g\u00fcnstigen Campingplatz Normandie<\/a> erheblich. <\/p>\n\n\n\n<p>Bei einfacher Vorlage der ACSI-Vorteilskarte profitieren Sie von erm\u00e4\u00dfigten Tarifen f\u00fcr \u00dcbernachtungen auf freien Stellpl\u00e4tzen f\u00fcr zwei Personen. Sie haben Zugang zu den verschiedenen Dienstleistungen, die der Campingplatz anbietet, um Ihren Urlaub mit dem Komfort zu genie\u00dfen, den Sie ben\u00f6tigen. <\/p>\n\n\n\n<p>Da die Rabattkarte personengebunden ist, ist der Campingplatz berechtigt, Sie um einen Identit\u00e4tsnachweis zu bitten.<\/p>\n<\/div>\n<\/div>\n<\/section>\n\n<section class=\"wp-block-group gt_1-cta-1photofull_005 page-two is-layout-flow wp-block-group-is-layout-flow\">\n<div class=\"wp-block-group is-layout-flow wp-block-group-is-layout-flow\">\n<div data-swiper=\"{&quot;speed&quot;:1000,&quot;autoplay&quot;:{&quot;delay&quot;:5000,&quot;disableOnInteraction&quot;:false},&quot;spaceBetween&quot;:0,&quot;slidesPerView&quot;:1,&quot;pagination&quot;:{&quot;el&quot;:&quot;.swiper-pagination&quot;,&quot;dynamicBullets&quot;:true,&quot;clickable&quot;:true,&quot;type&quot;:&quot;bullets&quot;},&quot;navigation&quot;:{&quot;nextEl&quot;:&quot;.swiper-button-next&quot;,&quot;prevEl&quot;:&quot;.swiper-button-prev&quot;},&quot;breakpoints&quot;:[{&quot;slidesPerView&quot;:1}]}\" class=\"wp-block-cover has-parallax gt-gsap-fadeIn\" style=\"border-bottom-left-radius:90px;border-bottom-right-radius:90px;min-height:100vh;aspect-ratio:unset;\"><div role=\"img\" aria-label=\"aire de jeux camping normandie\" class=\"wp-block-cover__image-background wp-image-1307 size-full has-parallax\" style=\"background-position:50% 50%;background-image:url(https:\/\/www.camping-utahbeach.com\/wp-content\/uploads\/2025\/10\/aire-de-jeux-camping-normandie.webp)\"><\/div><span aria-hidden=\"true\" class=\"wp-block-cover__background has-custom-color-4-background-color has-background-dim-30 has-background-dim\"><\/span><div class=\"wp-block-cover__inner-container has-global-padding is-layout-constrained wp-block-cover-is-layout-constrained\">\n<p class=\"has-text-align-center has-large-font-size\"><\/p>\n<\/div><\/div>\n<\/div>\n\n\n\n<div class=\"wp-block-columns absolute-content is-layout-flex wp-container-core-columns-is-layout-28f84493 wp-block-columns-is-layout-flex\">\n<div class=\"wp-block-column is-layout-flow wp-block-column-is-layout-flow\">\n<h2 class=\"wp-block-heading has-base-2-color has-text-color has-link-color wp-elements-79606b04d176c3fd64d2fb50e6717f37\">Wie profitiert man von den Erm\u00e4\u00dfigungen mit der ACSI-Karte?<\/h2>\n\n\n\n<p class=\"has-base-2-color has-text-color has-link-color wp-elements-b73935b946fcf7ef4c6fd0d5d6a24379\">Wie profitiert man von den Erm\u00e4\u00dfigungen mit der ACSI-Karte?<\/p>\n\n\n\n<p class=\"has-base-2-color has-text-color has-link-color wp-elements-f176255b3f45da44fb3234e722063dde\">Sie besitzen die Karte und m\u00f6chten einen Aufenthalt auf einem g\u00fcnstigen <strong>ACSI-Campingplatz<\/strong> buchen? Hier ist die Vorgehensweise, um von vorteilhaften Tarifen auf dem Campingplatz Utah Beach zu profitieren: <\/p>\n\n\n\n<ul class=\"wp-block-list has-base-2-color has-text-color has-link-color wp-elements-671469bd6a250df2cbad373d0dd32c54\">\n<li>Bestellen Sie Ihre Karte auf der Internetseite der <a href=\"https:\/\/www.campingcard.fr\/\" target=\"_blank\" rel=\"noreferrer noopener nofollow\">CampingCard ACSI<\/a>;<\/li>\n\n\n\n<li>F\u00fcllen Sie die R\u00fcckseite Ihrer ACSI-Rabattkarte vollst\u00e4ndig aus;<\/li>\n\n\n\n<li>Buchen Sie Ihren Stellplatz auf dem Campingplatz Utah Beach in der Normandie und vergessen Sie nicht anzugeben, dass Sie diese Karte besitzen;<\/li>\n\n\n\n<li>Halten Sie Ihre Karte bei der Bezahlung Ihres Aufenthalts bereit, um von Ihrem Campingplatz zu einem vorteilhaften Tarif profitieren zu k\u00f6nnen.<\/li>\n<\/ul>\n\n\n\n<p class=\"has-base-2-color has-text-color has-link-color wp-elements-9904a7656f7a5256890cc17760dd137f\">Dank der <strong>CampingCard ACSI<\/strong> erhalten Sie eine Erm\u00e4\u00dfigung auf die Kosten Ihres Aufenthalts au\u00dferhalb der Saison. Beachten Sie, dass Ihre ACSI-Karte ein Jahr lang g\u00fcltig ist und dass sie keine Kurtaxen oder \u00d6kosteuern abdeckt. <\/p>\n<\/div>\n\n\n\n<div class=\"wp-block-column is-vertically-aligned-center is-layout-flow wp-block-column-is-layout-flow\"><\/div>\n<\/div>\n<\/section>\n\n<section class=\"wp-block-group page-maillage has-custom-color-5-background-color has-background has-global-padding is-layout-constrained wp-block-group-is-layout-constrained\">\n<div class=\"wp-block-group h1-like has-global-padding is-layout-constrained wp-block-group-is-layout-constrained\" style=\"line-height:1\">\n<p class=\"has-custom-color-1-color has-text-color has-link-color wp-elements-0fed42582b91faefe0e7d46c3f1272c7\" style=\"font-size:clamp(54.054px, 3.378rem + ((1vw - 3.2px) * 4.548), 110px);font-style:normal;font-weight:300;text-transform:uppercase\">Entdecken Sie <br\/><span>die Angebote<\/span><\/p>\n<\/div>\n\n\n\n<div class=\"wp-block-query gt-gsap-fadeInUp is-layout-flow wp-block-query-is-layout-flow\"><ul class=\"wp-block-post-template is-layout-flow wp-block-post-template-is-layout-flow\"><li class=\"wp-block-post post-219105 page type-page status-publish has-post-thumbnail hentry\">\n\n<figure class=\"wp-block-image\"><img decoding=\"async\" src=\"https:\/\/www.camping-utahbeach.com\/wp-content\/uploads\/2025\/10\/camping-en-normandie-avec-piscine-chaufee.png\" title=\"https:\/\/www.camping-utahbeach.com\/wp-content\/uploads\/2025\/10\/camping-en-normandie-avec-piscine-chaufee.png\" alt=\"\"\/><\/figure>\n\n\n\n<p class=\"has-text-align-center has-custom-color-1-color has-base-2-background-color has-text-color has-background has-link-color wp-elements-499f11dee7406d0a4fbf5f81e85a1d8e\" style=\"border-radius:50px;font-size:clamp(16.293px, 1.018rem + ((1vw - 3.2px) * 0.708), 25px);font-style:normal;font-weight:500;text-transform:uppercase\">Das Schwimmbad<\/p>\n\n\n<a class=\"is-style-lien-cover wp-block-read-more\" href=\"https:\/\/www.camping-utahbeach.com\/de\/campingplatz-mit-schwimmbad-in-der-normandie\/\" target=\"_self\">Weiterlesen<span class=\"screen-reader-text\">: Das Schwimmbad<\/span><\/a>\n<\/li><li class=\"wp-block-post post-219133 page type-page status-publish has-post-thumbnail hentry\">\n\n<figure class=\"wp-block-image\"><img decoding=\"async\" src=\"https:\/\/www.camping-utahbeach.com\/wp-content\/uploads\/2025\/10\/location-mobilhome-normandie.webp\" title=\"https:\/\/www.camping-utahbeach.com\/wp-content\/uploads\/2025\/10\/location-mobilhome-normandie.webp\" alt=\"\"\/><\/figure>\n\n\n\n<p class=\"has-text-align-center has-custom-color-1-color has-base-2-background-color has-text-color has-background has-link-color wp-elements-499f11dee7406d0a4fbf5f81e85a1d8e\" style=\"border-radius:50px;font-size:clamp(16.293px, 1.018rem + ((1vw - 3.2px) * 0.708), 25px);font-style:normal;font-weight:500;text-transform:uppercase\">Unsere Mobilheime<\/p>\n\n\n<a class=\"is-style-lien-cover wp-block-read-more\" href=\"https:\/\/www.camping-utahbeach.com\/de\/mobilheim-vermietung-normandie\/\" target=\"_self\">Weiterlesen<span class=\"screen-reader-text\">: Unsere MH<\/span><\/a>\n<\/li><li class=\"wp-block-post post-219101 page type-page status-publish has-post-thumbnail hentry\">\n\n<figure class=\"wp-block-image\"><img decoding=\"async\" src=\"https:\/\/www.camping-utahbeach.com\/wp-content\/uploads\/2025\/10\/camping-au-meilleur-prix-normandie.webp\" title=\"https:\/\/www.camping-utahbeach.com\/wp-content\/uploads\/2025\/10\/camping-au-meilleur-prix-normandie.webp\" alt=\"\"\/><\/figure>\n\n\n\n<p class=\"has-text-align-center has-custom-color-1-color has-base-2-background-color has-text-color has-background has-link-color wp-elements-499f11dee7406d0a4fbf5f81e85a1d8e\" style=\"border-radius:50px;font-size:clamp(16.293px, 1.018rem + ((1vw - 3.2px) * 0.708), 25px);font-style:normal;font-weight:500;text-transform:uppercase\">Preise<\/p>\n\n\n<a class=\"is-style-lien-cover wp-block-read-more\" href=\"https:\/\/www.camping-utahbeach.com\/de\/gunstiger-campingplatz-in-der-normandie-manche\/\" target=\"_self\">Weiterlesen<span class=\"screen-reader-text\">: Preise<\/span><\/a>\n<\/li><\/ul><\/div>\n<\/section>\n\n<p><\/p>\n","protected":false},"excerpt":{"rendered":"<p>Aufenthalt auf einem ACSI-Campingplatz in der Normandie Ein ACSI-Campingplatz in der Normandie Sie suchen vielleicht einen ACSI-Campingplatz? EINEN CampingplatzDer Campingplatz Utah Beach in der Normandie ist ein 4-Sterne-Campingplatz in Sainte Marie Du Mont im D\u00e9partement Manche, in der N\u00e4he der Landungsstr\u00e4nde. Als Mitglied des ACSI-Netzwerks empf\u00e4ngt der Campingplatz Utah Beach G\u00e4ste mit der ACSI-Karte f\u00fcr [&hellip;]<\/p>\n","protected":false},"author":1,"featured_media":1396,"parent":0,"menu_order":0,"comment_status":"closed","ping_status":"closed","template":"","meta":{"_acf_changed":false,"_seopress_robots_primary_cat":"","_seopress_titles_title":"ACSI-Camping | Camper-Rabatt mit einer ACSI-Rabattkarte","_seopress_titles_desc":"","_seopress_robots_index":"","inline_featured_image":false,"gt_fse_maillage_image":"https:\/\/www.camping-utahbeach.com\/wp-content\/uploads\/2025\/10\/acces-camping-normandie-utah-beach.png","gt_fse_maillage_titre":"ACSI-Camping","gt_fse_maillage_alt":"Camping in der Normandie","gt_fse_maillage_resume":"","footnotes":""},"categories":[],"tags":[],"class_list":["post-219054","page","type-page","status-publish","has-post-thumbnail","hentry"],"acf":[],"_links":{"self":[{"href":"https:\/\/www.camping-utahbeach.com\/de\/wp-json\/wp\/v2\/pages\/219054","targetHints":{"allow":["GET"]}}],"collection":[{"href":"https:\/\/www.camping-utahbeach.com\/de\/wp-json\/wp\/v2\/pages"}],"about":[{"href":"https:\/\/www.camping-utahbeach.com\/de\/wp-json\/wp\/v2\/types\/page"}],"author":[{"embeddable":true,"href":"https:\/\/www.camping-utahbeach.com\/de\/wp-json\/wp\/v2\/users\/1"}],"replies":[{"embeddable":true,"href":"https:\/\/www.camping-utahbeach.com\/de\/wp-json\/wp\/v2\/comments?post=219054"}],"version-history":[{"count":3,"href":"https:\/\/www.camping-utahbeach.com\/de\/wp-json\/wp\/v2\/pages\/219054\/revisions"}],"predecessor-version":[{"id":219067,"href":"https:\/\/www.camping-utahbeach.com\/de\/wp-json\/wp\/v2\/pages\/219054\/revisions\/219067"}],"wp:featuredmedia":[{"embeddable":true,"href":"https:\/\/www.camping-utahbeach.com\/de\/wp-json\/wp\/v2\/media\/1396"}],"wp:attachment":[{"href":"https:\/\/www.camping-utahbeach.com\/de\/wp-json\/wp\/v2\/media?parent=219054"}],"wp:term":[{"taxonomy":"category","embeddable":true,"href":"https:\/\/www.camping-utahbeach.com\/de\/wp-json\/wp\/v2\/categories?post=219054"},{"taxonomy":"post_tag","embeddable":true,"href":"https:\/\/www.camping-utahbeach.com\/de\/wp-json\/wp\/v2\/tags?post=219054"}],"curies":[{"name":"wp","href":"https:\/\/api.w.org\/{rel}","templated":true}]}}