{"id":219081,"date":"2025-08-28T14:48:53","date_gmt":"2025-08-28T12:48:53","guid":{"rendered":"https:\/\/www.camping-utahbeach.com\/camping-ecoresponsable-normandie\/"},"modified":"2026-03-19T09:44:21","modified_gmt":"2026-03-19T08:44:21","slug":"umweltfreundlicher-campingplatz-normandie","status":"publish","type":"page","link":"https:\/\/www.camping-utahbeach.com\/de\/umweltfreundlicher-campingplatz-normandie\/","title":{"rendered":"\u00d6kologische Verpflichtungen"},"content":{"rendered":"\n<section class=\"wp-block-group gt_1-cta-1photo_006 page-one has-custom-color-5-background-color has-background is-layout-flow wp-block-group-is-layout-flow\">\n<h1 class=\"wp-block-heading has-text-align-center\" style=\"padding-bottom:var(--wp--preset--spacing--40)\">Engagierter Campingplatz f\u00fcr einen nachhaltigen Aufenthalt in der Normandie<\/h1>\n\n\n\n<div class=\"wp-block-columns top is-layout-flex wp-container-core-columns-is-layout-28f84493 wp-block-columns-is-layout-flex\">\n<div class=\"wp-block-column is-vertically-aligned-center left is-layout-flow wp-block-column-is-layout-flow\">\n<h2 class=\"wp-block-heading has-text-align-left\"><strong>\u00d6kologischer Campingplatz<\/strong> in der Manche<\/h2>\n\n\n\n<ul style=\"margin-top:0;margin-bottom:0;padding-top:0;padding-bottom:0\" class=\"wp-block-list\">\n<li style=\"padding-top:var(--wp--preset--spacing--20);padding-bottom:0\">Der <a href=\"https:\/\/www.camping-utahbeach.com\/de\/\" data-type=\"page\" data-id=\"22\">Campingplatz Utah Beach<\/a> hat die <strong>M\u00fclltrennung<\/strong> sowie das Recycling von Abf\u00e4llen in Partnerschaft mit der Gemeindegemeinschaft der Bucht von Cotentin eingef\u00fchrt. Dar\u00fcber hinaus werden alle Gr\u00fcnabf\u00e4lle (Grasschnitt und Heckenschnitt) kompostiert, um daraus D\u00fcnger herzustellen, der sp\u00e4ter auf dem Campingplatz wiederverwendet wird.  <\/li>\n\n\n\n<li style=\"padding-top:var(--wp--preset--spacing--20);padding-bottom:var(--wp--preset--spacing--20)\">Mehrere <strong>Solarpaneele<\/strong> wurden ebenfalls auf den D\u00e4chern installiert, um das gesamte Hauptsanit\u00e4rgeb\u00e4ude zu versorgen. <\/li>\n\n\n\n<li style=\"padding-top:0;padding-bottom:var(--wp--preset--spacing--20)\">Die Au\u00dfenbeleuchtung auf dem Campingplatz wurde ge\u00e4ndert, um LED-Solarleuchten (in den Wegen und um die Geb\u00e4ude herum) zu installieren.<\/li>\n<\/ul>\n<\/div>\n\n\n\n<div class=\"wp-block-column right is-layout-flow wp-block-column-is-layout-flow\">\n<figure class=\"wp-block-image alignright size-full gt-gsap-fadeIn\"><img decoding=\"async\" width=\"852\" height=\"1024\" src=\"https:\/\/www.camping-utahbeach.com\/wp-content\/uploads\/2025\/11\/Voliere-camping-utah-beach.jpg\" alt=\"Voliere Camping Utah Beach\" class=\"wp-image-1711\" srcset=\"https:\/\/www.camping-utahbeach.com\/wp-content\/uploads\/2025\/11\/Voliere-camping-utah-beach.jpg 852w, https:\/\/www.camping-utahbeach.com\/wp-content\/uploads\/2025\/11\/Voliere-camping-utah-beach-250x300.jpg 250w, https:\/\/www.camping-utahbeach.com\/wp-content\/uploads\/2025\/11\/Voliere-camping-utah-beach-768x923.jpg 768w\" sizes=\"(max-width: 852px) 100vw, 852px\" \/><\/figure>\n<\/div>\n<\/div>\n<\/section>\n\n<section class=\"wp-block-group gt_1-cta-1photofull_005 page-two is-layout-flow wp-block-group-is-layout-flow\">\n<div data-swiper=\"{&quot;speed&quot;:400,&quot;spaceBetween&quot;:16,&quot;slidesPerView&quot;:1,&quot;createElements&quot;:true,&quot;loop&quot;:true,&quot;freemode&quot;:true,&quot;breakpoints&quot;:[{&quot;slidesPerView&quot;:1}],&quot;navigation&quot;:false,&quot;pagination&quot;:false,&quot;effect&quot;:&quot;fade&quot;,&quot;autoplay&quot;:{&quot;delay&quot;:3000}}\" class=\"wp-block-group gt-is-slider gt-is-slider-desktop is-layout-flow wp-block-group-is-layout-flow\">\n<div data-swiper=\"{&quot;speed&quot;:1000,&quot;autoplay&quot;:{&quot;delay&quot;:5000,&quot;disableOnInteraction&quot;:false},&quot;spaceBetween&quot;:0,&quot;slidesPerView&quot;:1,&quot;pagination&quot;:{&quot;el&quot;:&quot;.swiper-pagination&quot;,&quot;dynamicBullets&quot;:true,&quot;clickable&quot;:true,&quot;type&quot;:&quot;bullets&quot;},&quot;navigation&quot;:{&quot;nextEl&quot;:&quot;.swiper-button-next&quot;,&quot;prevEl&quot;:&quot;.swiper-button-prev&quot;},&quot;breakpoints&quot;:[{&quot;slidesPerView&quot;:1}]}\" class=\"wp-block-cover has-parallax gt-gsap-fadeIn\" style=\"border-bottom-left-radius:90px;border-bottom-right-radius:90px;min-height:100vh;aspect-ratio:unset;\"><div role=\"img\" aria-label=\"camping ecologique normandie\" class=\"wp-block-cover__image-background wp-image-1288 size-full has-parallax\" style=\"background-position:50% 50%;background-image:url(https:\/\/www.camping-utahbeach.com\/wp-content\/uploads\/2025\/10\/camping-ecologique-normandie.webp)\"><\/div><span aria-hidden=\"true\" class=\"wp-block-cover__background has-custom-color-4-background-color has-background-dim-30 has-background-dim\"><\/span><div class=\"wp-block-cover__inner-container has-global-padding is-layout-constrained wp-block-cover-is-layout-constrained\">\n<p class=\"has-text-align-center has-large-font-size\"><\/p>\n<\/div><\/div>\n\n\n\n<div data-swiper=\"{&quot;speed&quot;:1000,&quot;autoplay&quot;:{&quot;delay&quot;:5000,&quot;disableOnInteraction&quot;:false},&quot;spaceBetween&quot;:0,&quot;slidesPerView&quot;:1,&quot;pagination&quot;:{&quot;el&quot;:&quot;.swiper-pagination&quot;,&quot;dynamicBullets&quot;:true,&quot;clickable&quot;:true,&quot;type&quot;:&quot;bullets&quot;},&quot;navigation&quot;:{&quot;nextEl&quot;:&quot;.swiper-button-next&quot;,&quot;prevEl&quot;:&quot;.swiper-button-prev&quot;},&quot;breakpoints&quot;:[{&quot;slidesPerView&quot;:1}]}\" class=\"wp-block-cover has-parallax gt-gsap-fadeIn\" style=\"border-bottom-left-radius:90px;border-bottom-right-radius:90px;min-height:100vh;aspect-ratio:unset;\"><div role=\"img\" aria-label=\"animaux\" class=\"wp-block-cover__image-background wp-image-1282 size-full has-parallax\" style=\"background-position:50% 50%;background-image:url(https:\/\/www.camping-utahbeach.com\/wp-content\/uploads\/2025\/10\/animaux.webp)\"><\/div><span aria-hidden=\"true\" class=\"wp-block-cover__background has-custom-color-4-background-color has-background-dim-30 has-background-dim\"><\/span><div class=\"wp-block-cover__inner-container has-global-padding is-layout-constrained wp-block-cover-is-layout-constrained\">\n<p class=\"has-text-align-center has-large-font-size\"><\/p>\n<\/div><\/div>\n\n\n\n<div data-swiper=\"{&quot;speed&quot;:1000,&quot;autoplay&quot;:{&quot;delay&quot;:5000,&quot;disableOnInteraction&quot;:false},&quot;spaceBetween&quot;:0,&quot;slidesPerView&quot;:1,&quot;pagination&quot;:{&quot;el&quot;:&quot;.swiper-pagination&quot;,&quot;dynamicBullets&quot;:true,&quot;clickable&quot;:true,&quot;type&quot;:&quot;bullets&quot;},&quot;navigation&quot;:{&quot;nextEl&quot;:&quot;.swiper-button-next&quot;,&quot;prevEl&quot;:&quot;.swiper-button-prev&quot;},&quot;breakpoints&quot;:[{&quot;slidesPerView&quot;:1}]}\" class=\"wp-block-cover has-parallax gt-gsap-fadeIn\" style=\"border-bottom-left-radius:90px;border-bottom-right-radius:90px;min-height:100vh;aspect-ratio:unset;\"><div role=\"img\" aria-label=\"camping avec animaux\" class=\"wp-block-cover__image-background wp-image-1302 size-full has-parallax\" style=\"background-position:50% 50%;background-image:url(https:\/\/www.camping-utahbeach.com\/wp-content\/uploads\/2025\/10\/camping-avec-animaux.webp)\"><\/div><span aria-hidden=\"true\" class=\"wp-block-cover__background has-custom-color-4-background-color has-background-dim-30 has-background-dim\"><\/span><div class=\"wp-block-cover__inner-container has-global-padding is-layout-constrained wp-block-cover-is-layout-constrained\">\n<p class=\"has-text-align-center has-large-font-size\"><\/p>\n<\/div><\/div>\n<\/div>\n\n\n\n<div class=\"wp-block-columns are-vertically-aligned-center absolute-content is-layout-flex wp-container-core-columns-is-layout-28f84493 wp-block-columns-is-layout-flex\">\n<div class=\"wp-block-column is-vertically-aligned-center is-layout-flow wp-block-column-is-layout-flow\">\n<h2 class=\"wp-block-heading has-base-2-color has-text-color has-link-color wp-elements-9c3e2877840c029cbfa678b84cfeb1ff\">Minibauernhof auf dem Campingplatz: Die Kinder lieben ihn!<\/h2>\n\n\n\n<p class=\"has-base-2-color has-text-color has-link-color wp-elements-d486f59ca281bf2b16b7d8d777dcd6c8\">Auf unserem <strong>\u00f6kologischen Campingplatz in der Manche<\/strong> bekommen die Ferien einen Hauch von Zauberfarm! Bei einem Spaziergang \u00fcber das Gel\u00e4nde begegnen Sie einer Menagerie, die Gro\u00df und Klein \u00fcberrascht: <strong>Lamas<\/strong>, <strong>Esel<\/strong>, <strong>Ziegen<\/strong> und <strong>Zicklein<\/strong>! <\/p>\n\n\n\n<p class=\"has-base-2-color has-text-color has-link-color wp-elements-9323b8f815702db95360c5ae47084370\">Bei uns k\u00f6nnen Kinder Tiere hautnah beobachten, sie kennenlernen und echte Momente der Verbundenheit an der frischen Luft erleben. Es ist eine <strong>echte Naturpause<\/strong>, <strong>lehrreich<\/strong> und <strong>voller Z\u00e4rtlichkeit<\/strong>, in einer sicheren und beruhigenden Umgebung. <\/p>\n\n\n\n<p class=\"has-base-2-color has-text-color has-link-color wp-elements-f120971e0639fe8925e5f46b9155c893\">Der Minibauernhof ist viel mehr als nur eine Animation: Es ist ein eigenst\u00e4ndiges Erlebnis, das <strong>wunderbare Erinnerungen<\/strong> hinterl\u00e4sst!<\/p>\n<\/div>\n\n\n\n<div class=\"wp-block-column is-vertically-aligned-center is-layout-flow wp-block-column-is-layout-flow\"><\/div>\n<\/div>\n<\/section>\n\n<section class=\"wp-block-group gt_avis_008 page-three is-layout-flow wp-block-group-is-layout-flow\">\n<div class=\"wp-block-columns alignwide bottom has-background is-layout-flex wp-container-core-columns-is-layout-2daa7c6a wp-block-columns-is-layout-flex\" style=\"border-radius:0px;background-color:rgba(255,255,255,1);margin-top:0px;margin-right:0px;margin-bottom:0px;margin-left:0px;padding-top:0;padding-right:var(--wp--preset--spacing--40);padding-bottom:var(--wp--preset--spacing--50);padding-left:0px\">\n<div class=\"wp-block-column is-vertically-aligned-center is-layout-flow wp-block-column-is-layout-flow\" style=\"flex-basis:55%\">\n<figure class=\"wp-block-image size-full has-custom-border blob-image avis-img gt-gsap-fadeIn\" style=\"margin-top:0px;margin-right:0px;margin-bottom:0px;margin-left:0px\"><img decoding=\"async\" width=\"1024\" height=\"1003\" src=\"https:\/\/www.camping-utahbeach.com\/wp-content\/uploads\/2025\/10\/camping-marche-producteur.webp\" alt=\"Campingplatz Bauernmarkt\" class=\"wp-image-1298\" style=\"border-bottom-right-radius:90px\" srcset=\"https:\/\/www.camping-utahbeach.com\/wp-content\/uploads\/2025\/10\/camping-marche-producteur.webp 1024w, https:\/\/www.camping-utahbeach.com\/wp-content\/uploads\/2025\/10\/camping-marche-producteur-300x294.webp 300w, https:\/\/www.camping-utahbeach.com\/wp-content\/uploads\/2025\/10\/camping-marche-producteur-768x752.webp 768w\" sizes=\"(max-width: 1024px) 100vw, 1024px\" \/><\/figure>\n<\/div>\n\n\n\n<div class=\"wp-block-column is-vertically-aligned-center has-base-2-background-color has-background is-layout-flow wp-block-column-is-layout-flow\" style=\"flex-basis:45%\">\n<h2 class=\"wp-block-heading\">Unsere Ma\u00dfnahmen f\u00fcr die Umwelt<\/h2>\n\n\n\n<p>Um Zwischenh\u00e4ndler zu reduzieren und kurze Wege zu f\u00f6rdern, beziehen wir unsere Produkte von lokalen Erzeugern, sowohl f\u00fcr die in unserem Lebensmittelgesch\u00e4ft verkauften regionalen Produkte als auch f\u00fcr die Zutaten unserer hausgemachten Pizzen.<\/p>\n<\/div>\n<\/div>\n<\/section>\n\n<section class=\"wp-block-group page-maillage has-custom-color-5-background-color has-background has-global-padding is-layout-constrained wp-block-group-is-layout-constrained\">\n<div class=\"wp-block-group h1-like has-global-padding is-layout-constrained wp-block-group-is-layout-constrained\" style=\"line-height:1\">\n<p class=\"has-custom-color-1-color has-text-color has-link-color wp-elements-0ec48c27b60b878c2b5cee58e567058c\" style=\"font-size:clamp(54.054px, 3.378rem + ((1vw - 3.2px) * 4.548), 110px);font-style:normal;font-weight:300;text-transform:uppercase\">Entdecken Sie <br\/><span>die Dienstleistungen und Aktivit\u00e4ten!<\/span><\/p>\n<\/div>\n\n\n\n<div class=\"wp-block-query gt-gsap-fadeInUp is-layout-flow wp-block-query-is-layout-flow\"><ul class=\"wp-block-post-template is-layout-flow wp-block-post-template-is-layout-flow\"><li class=\"wp-block-post post-219087 page type-page status-publish has-post-thumbnail hentry\">\n\n<figure class=\"wp-block-image\"><img decoding=\"async\" src=\"https:\/\/www.camping-utahbeach.com\/wp-content\/uploads\/2025\/10\/animation-au-camping-utah-beach.png\" title=\"https:\/\/www.camping-utahbeach.com\/wp-content\/uploads\/2025\/10\/animation-au-camping-utah-beach.png\" alt=\"\"\/><\/figure>\n\n\n\n<p class=\"has-text-align-center has-custom-color-1-color has-base-2-background-color has-text-color has-background has-link-color wp-elements-499f11dee7406d0a4fbf5f81e85a1d8e\" style=\"border-radius:50px;font-size:clamp(16.293px, 1.018rem + ((1vw - 3.2px) * 0.708), 25px);font-style:normal;font-weight:500;text-transform:uppercase\">Animationen<\/p>\n\n\n<a class=\"is-style-lien-cover wp-block-read-more\" href=\"https:\/\/www.camping-utahbeach.com\/de\/camping-animationen-normandie\/\" target=\"_self\">Weiterlesen<span class=\"screen-reader-text\">: Animation<\/span><\/a>\n<\/li><li class=\"wp-block-post post-219105 page type-page status-publish has-post-thumbnail hentry\">\n\n<figure class=\"wp-block-image\"><img decoding=\"async\" src=\"https:\/\/www.camping-utahbeach.com\/wp-content\/uploads\/2025\/10\/camping-en-normandie-avec-piscine-chaufee.png\" title=\"https:\/\/www.camping-utahbeach.com\/wp-content\/uploads\/2025\/10\/camping-en-normandie-avec-piscine-chaufee.png\" alt=\"\"\/><\/figure>\n\n\n\n<p class=\"has-text-align-center has-custom-color-1-color has-base-2-background-color has-text-color has-background has-link-color wp-elements-499f11dee7406d0a4fbf5f81e85a1d8e\" style=\"border-radius:50px;font-size:clamp(16.293px, 1.018rem + ((1vw - 3.2px) * 0.708), 25px);font-style:normal;font-weight:500;text-transform:uppercase\">Das Schwimmbad<\/p>\n\n\n<a class=\"is-style-lien-cover wp-block-read-more\" href=\"https:\/\/www.camping-utahbeach.com\/de\/campingplatz-mit-schwimmbad-in-der-normandie\/\" target=\"_self\">Weiterlesen<span class=\"screen-reader-text\">: Das Schwimmbad<\/span><\/a>\n<\/li><li class=\"wp-block-post post-219109 page type-page status-publish has-post-thumbnail hentry\">\n\n<figure class=\"wp-block-image\"><img decoding=\"async\" src=\"https:\/\/www.camping-utahbeach.com\/wp-content\/uploads\/2025\/11\/restauration-utah-beach.jpeg\" title=\"https:\/\/www.camping-utahbeach.com\/wp-content\/uploads\/2025\/11\/restauration-utah-beach.jpeg\" alt=\"\"\/><\/figure>\n\n\n\n<p class=\"has-text-align-center has-custom-color-1-color has-base-2-background-color has-text-color has-background has-link-color wp-elements-499f11dee7406d0a4fbf5f81e85a1d8e\" style=\"border-radius:50px;font-size:clamp(16.293px, 1.018rem + ((1vw - 3.2px) * 0.708), 25px);font-style:normal;font-weight:500;text-transform:uppercase\">Unsere Serviceleistungen<\/p>\n\n\n<a class=\"is-style-lien-cover wp-block-read-more\" href=\"https:\/\/www.camping-utahbeach.com\/de\/serviceleistungen-campingangebote-in-der-normandie\/\" target=\"_self\">Weiterlesen<span class=\"screen-reader-text\">: Unsere Serviceleistungen<\/span><\/a>\n<\/li><\/ul><\/div>\n<\/section>\n","protected":false},"excerpt":{"rendered":"<p>Engagierter Campingplatz f\u00fcr einen nachhaltigen Aufenthalt in der Normandie \u00d6kologischer Campingplatz in der Manche Minibauernhof auf dem Campingplatz: Die Kinder lieben ihn! Auf unserem \u00f6kologischen Campingplatz in der Manche bekommen die Ferien einen Hauch von Zauberfarm! Bei einem Spaziergang \u00fcber das Gel\u00e4nde begegnen Sie einer Menagerie, die Gro\u00df und Klein \u00fcberrascht: Lamas, Esel, Ziegen und [&hellip;]<\/p>\n","protected":false},"author":1,"featured_media":1709,"parent":0,"menu_order":0,"comment_status":"closed","ping_status":"closed","template":"","meta":{"_acf_changed":false,"_seopress_robots_primary_cat":"","_seopress_titles_title":"\u00d6koverantwortlicher Campingplatz in der Normandie: Entdecken Sie die \u00f6kologischen Verpflichtungen","_seopress_titles_desc":"","_seopress_robots_index":"","inline_featured_image":false,"gt_fse_maillage_image":"https:\/\/www.camping-utahbeach.com\/wp-content\/uploads\/2025\/11\/Camping-avec-engagement-ecologique-normandie.jpg","gt_fse_maillage_titre":"\u00d6kologische Verpflichtungen","gt_fse_maillage_alt":"Campingplatz mit \u00f6kologischem Engagement in der Normandie","gt_fse_maillage_resume":"","footnotes":""},"categories":[],"tags":[],"class_list":["post-219081","page","type-page","status-publish","has-post-thumbnail","hentry"],"acf":[],"_links":{"self":[{"href":"https:\/\/www.camping-utahbeach.com\/de\/wp-json\/wp\/v2\/pages\/219081","targetHints":{"allow":["GET"]}}],"collection":[{"href":"https:\/\/www.camping-utahbeach.com\/de\/wp-json\/wp\/v2\/pages"}],"about":[{"href":"https:\/\/www.camping-utahbeach.com\/de\/wp-json\/wp\/v2\/types\/page"}],"author":[{"embeddable":true,"href":"https:\/\/www.camping-utahbeach.com\/de\/wp-json\/wp\/v2\/users\/1"}],"replies":[{"embeddable":true,"href":"https:\/\/www.camping-utahbeach.com\/de\/wp-json\/wp\/v2\/comments?post=219081"}],"version-history":[{"count":5,"href":"https:\/\/www.camping-utahbeach.com\/de\/wp-json\/wp\/v2\/pages\/219081\/revisions"}],"predecessor-version":[{"id":219712,"href":"https:\/\/www.camping-utahbeach.com\/de\/wp-json\/wp\/v2\/pages\/219081\/revisions\/219712"}],"wp:featuredmedia":[{"embeddable":true,"href":"https:\/\/www.camping-utahbeach.com\/de\/wp-json\/wp\/v2\/media\/1709"}],"wp:attachment":[{"href":"https:\/\/www.camping-utahbeach.com\/de\/wp-json\/wp\/v2\/media?parent=219081"}],"wp:term":[{"taxonomy":"category","embeddable":true,"href":"https:\/\/www.camping-utahbeach.com\/de\/wp-json\/wp\/v2\/categories?post=219081"},{"taxonomy":"post_tag","embeddable":true,"href":"https:\/\/www.camping-utahbeach.com\/de\/wp-json\/wp\/v2\/tags?post=219081"}],"curies":[{"name":"wp","href":"https:\/\/api.w.org\/{rel}","templated":true}]}}