{"id":219087,"date":"2025-08-28T14:44:21","date_gmt":"2025-08-28T12:44:21","guid":{"rendered":"https:\/\/www.camping-utahbeach.com\/camping-animations-normandie\/"},"modified":"2026-03-19T09:44:23","modified_gmt":"2026-03-19T08:44:23","slug":"camping-animationen-normandie","status":"publish","type":"page","link":"https:\/\/www.camping-utahbeach.com\/de\/camping-animationen-normandie\/","title":{"rendered":"Animation"},"content":{"rendered":"\n<section class=\"wp-block-group gt_1-cta-1photo_006 page-one has-custom-color-5-background-color has-background is-layout-flow wp-block-group-is-layout-flow\">\n<h1 class=\"wp-block-heading has-text-align-center\" style=\"padding-bottom:var(--wp--preset--spacing--40)\">Camping mit <span>Animationen<\/span> in der Normandie<\/h1>\n\n\n\n<div class=\"wp-block-columns top is-layout-flex wp-container-core-columns-is-layout-28f84493 wp-block-columns-is-layout-flex\">\n<div class=\"wp-block-column is-vertically-aligned-top left is-layout-flow wp-block-column-is-layout-flow\">\n<h2 class=\"wp-block-heading has-text-align-left\"><span>Familienanimationen:<\/span> unvergessliche Erinnerungen und garantierte Verbundenheit!<\/h2>\n\n\n\n<p>Entdecken Sie ein Spiel, das Konzentration und v\u00f6llige Entspannung vereint, meistern Sie die Hindernisse, respektieren Sie die Regeln oder erfinden Sie sie neu\u2026 aber vor allem: Haben Sie Spa\u00df!<\/p>\n\n\n\n<p>Bei einem Spaziergang durch den Camping d&#8217;Utah Beach und seine Umgebung k\u00f6nnen Sie <strong>zahlreiche Tiere<\/strong> bewundern, wie pr\u00e4chtige Pferde, eine Eselfamilie, Lamas, das Ziegengehege und ihre entz\u00fcckenden Ziegenl\u00e4mmer, die Klein und Gro\u00df gleicherma\u00dfen begeistern werden.<\/p>\n\n\n\n<p>Da wir Tierliebhaber sind, gestatten wir Ihnen au\u00dferdem, <strong>Ihren treuen Begleiter<\/strong> mit in den Urlaub auf den Camping zu nehmen! Besuchen Sie uns auf Emm\u00e8ne Ton Chien f\u00fcr weitere Informationen zu Ihrem Aufenthalt mit Ihrem Hund. <\/p>\n<\/div>\n\n\n\n<div class=\"wp-block-column right is-layout-flow wp-block-column-is-layout-flow\">\n<figure class=\"wp-block-image alignright size-full gt-gsap-fadeIn\"><img decoding=\"async\" width=\"863\" height=\"1037\" src=\"https:\/\/www.camping-utahbeach.com\/wp-content\/uploads\/2025\/10\/camping-avec-animation-en-normandie.png\" alt=\"Camping mit Animation in der Normandie\" class=\"wp-image-1325\" srcset=\"https:\/\/www.camping-utahbeach.com\/wp-content\/uploads\/2025\/10\/camping-avec-animation-en-normandie.png 863w, https:\/\/www.camping-utahbeach.com\/wp-content\/uploads\/2025\/10\/camping-avec-animation-en-normandie-250x300.png 250w, https:\/\/www.camping-utahbeach.com\/wp-content\/uploads\/2025\/10\/camping-avec-animation-en-normandie-852x1024.png 852w, https:\/\/www.camping-utahbeach.com\/wp-content\/uploads\/2025\/10\/camping-avec-animation-en-normandie-768x923.png 768w\" sizes=\"(max-width: 863px) 100vw, 863px\" \/><\/figure>\n<\/div>\n<\/div>\n<\/section>\n\n<section class=\"wp-block-group gt_1-cta-1photofull_005 page-two is-layout-flow wp-block-group-is-layout-flow\">\n<div data-swiper=\"{&quot;speed&quot;:400,&quot;spaceBetween&quot;:16,&quot;slidesPerView&quot;:1,&quot;createElements&quot;:true,&quot;loop&quot;:true,&quot;freemode&quot;:true,&quot;breakpoints&quot;:[{&quot;slidesPerView&quot;:1}],&quot;navigation&quot;:false,&quot;pagination&quot;:false,&quot;effect&quot;:&quot;fade&quot;,&quot;autoplay&quot;:{&quot;delay&quot;:3000}}\" class=\"wp-block-group gt-is-slider gt-is-slider-desktop is-layout-flow wp-block-group-is-layout-flow\">\n<div data-swiper=\"{&quot;speed&quot;:1000,&quot;autoplay&quot;:{&quot;delay&quot;:5000,&quot;disableOnInteraction&quot;:false},&quot;spaceBetween&quot;:0,&quot;slidesPerView&quot;:1,&quot;pagination&quot;:{&quot;el&quot;:&quot;.swiper-pagination&quot;,&quot;dynamicBullets&quot;:true,&quot;clickable&quot;:true,&quot;type&quot;:&quot;bullets&quot;},&quot;navigation&quot;:{&quot;nextEl&quot;:&quot;.swiper-button-next&quot;,&quot;prevEl&quot;:&quot;.swiper-button-prev&quot;},&quot;breakpoints&quot;:[{&quot;slidesPerView&quot;:1}]}\" class=\"wp-block-cover has-parallax gt-gsap-fadeIn\" style=\"border-bottom-left-radius:90px;border-bottom-right-radius:90px;min-height:100vh;aspect-ratio:unset;\"><div role=\"img\" aria-label=\"camping avec animations normandie\" class=\"wp-block-cover__image-background wp-image-1311 size-full has-parallax\" style=\"background-position:50% 50%;background-image:url(https:\/\/www.camping-utahbeach.com\/wp-content\/uploads\/2025\/10\/camping-avec-animations-normandie.webp)\"><\/div><span aria-hidden=\"true\" class=\"wp-block-cover__background has-custom-color-4-background-color has-background-dim-30 has-background-dim\"><\/span><div class=\"wp-block-cover__inner-container has-global-padding is-layout-constrained wp-block-cover-is-layout-constrained\">\n<p class=\"has-text-align-center has-large-font-size\"><\/p>\n<\/div><\/div>\n\n\n\n<div data-swiper=\"{&quot;speed&quot;:1000,&quot;autoplay&quot;:{&quot;delay&quot;:5000,&quot;disableOnInteraction&quot;:false},&quot;spaceBetween&quot;:0,&quot;slidesPerView&quot;:1,&quot;pagination&quot;:{&quot;el&quot;:&quot;.swiper-pagination&quot;,&quot;dynamicBullets&quot;:true,&quot;clickable&quot;:true,&quot;type&quot;:&quot;bullets&quot;},&quot;navigation&quot;:{&quot;nextEl&quot;:&quot;.swiper-button-next&quot;,&quot;prevEl&quot;:&quot;.swiper-button-prev&quot;},&quot;breakpoints&quot;:[{&quot;slidesPerView&quot;:1}]}\" class=\"wp-block-cover is-light has-parallax gt-gsap-fadeIn\" style=\"border-bottom-left-radius:90px;border-bottom-right-radius:90px;min-height:100vh;aspect-ratio:unset;\"><div role=\"img\" aria-label=\"camping avec animations enfants normandie\" class=\"wp-block-cover__image-background wp-image-1853 size-full has-parallax\" style=\"background-position:50% 50%;background-image:url(https:\/\/www.camping-utahbeach.com\/wp-content\/uploads\/2026\/01\/camping-avec-animations-enfants-normandie.jpg)\"><\/div><span aria-hidden=\"true\" class=\"wp-block-cover__background has-custom-color-4-background-color has-background-dim-30 has-background-dim\"><\/span><div class=\"wp-block-cover__inner-container has-global-padding is-layout-constrained wp-block-cover-is-layout-constrained\">\n<p class=\"has-text-align-center has-large-font-size\"><\/p>\n<\/div><\/div>\n\n\n\n<div data-swiper=\"{&quot;speed&quot;:1000,&quot;autoplay&quot;:{&quot;delay&quot;:5000,&quot;disableOnInteraction&quot;:false},&quot;spaceBetween&quot;:0,&quot;slidesPerView&quot;:1,&quot;pagination&quot;:{&quot;el&quot;:&quot;.swiper-pagination&quot;,&quot;dynamicBullets&quot;:true,&quot;clickable&quot;:true,&quot;type&quot;:&quot;bullets&quot;},&quot;navigation&quot;:{&quot;nextEl&quot;:&quot;.swiper-button-next&quot;,&quot;prevEl&quot;:&quot;.swiper-button-prev&quot;},&quot;breakpoints&quot;:[{&quot;slidesPerView&quot;:1}]}\" class=\"wp-block-cover is-light has-parallax gt-gsap-fadeIn\" style=\"border-bottom-left-radius:90px;border-bottom-right-radius:90px;min-height:100vh;aspect-ratio:unset;\"><div role=\"img\" aria-label=\"utah beach activit\u00e9s enfants\" class=\"wp-block-cover__image-background wp-image-1856 size-full has-parallax\" style=\"background-position:50% 50%;background-image:url(https:\/\/www.camping-utahbeach.com\/wp-content\/uploads\/2026\/01\/utah-beach-activites-enfants.jpg)\"><\/div><span aria-hidden=\"true\" class=\"wp-block-cover__background has-custom-color-4-background-color has-background-dim-30 has-background-dim\"><\/span><div class=\"wp-block-cover__inner-container has-global-padding is-layout-constrained wp-block-cover-is-layout-constrained\">\n<p class=\"has-text-align-center has-large-font-size\"><\/p>\n<\/div><\/div>\n<\/div>\n\n\n\n<div class=\"wp-block-columns absolute-content is-layout-flex wp-container-core-columns-is-layout-28f84493 wp-block-columns-is-layout-flex\">\n<div class=\"wp-block-column is-layout-flow wp-block-column-is-layout-flow\">\n<h2 class=\"wp-block-heading has-base-2-color has-text-color has-link-color wp-elements-ed956bcc8d5cecc2f4d8cf0f8579b28c\"><span>Kinderclub<\/span> mit Animateur und Workshops<\/h2>\n\n\n\n<p class=\"has-base-2-color has-text-color has-link-color wp-elements-4977b00c8d1bca3c50c781e2e9423eb8\">Auf dem <a href=\"https:\/\/www.camping-utahbeach.com\/de\/\" data-type=\"page\" data-id=\"22\">Campingplatz in der Normandie<\/a> betreuen wir Ihre Kinder, w\u00e4hrend Sie <strong>in aller Ruhe<\/strong> Zeit f\u00fcr sich genie\u00dfen.<\/p>\n\n\n\n<p class=\"has-base-2-color has-text-color has-link-color wp-elements-9d9ac2e8a8f6e51794f742c670d1883e\">Dieser Club auf dem Campingplatz bietet manuelle Aktivit\u00e4ten (Basteln), Schminken, Spiele, sportliche Animationen, Abendveranstaltungen usw. Ihre Kinder werden von einem <strong>kompetenten Animateur<\/strong> betreut, der alle Aktivit\u00e4ten sicher durchf\u00fchrt.  <\/p>\n\n\n\n<p class=\"has-base-2-color has-text-color has-link-color wp-elements-905f532c15fffdf69160fe50403d7d5c\">Also Platz f\u00fcr Modellieren, Olympiaden und andere Unterhaltungen voller Entdeckungen, Lachen und Fangspiele\u2026<\/p>\n<\/div>\n\n\n\n<div class=\"wp-block-column is-vertically-aligned-center is-layout-flow wp-block-column-is-layout-flow\"><\/div>\n<\/div>\n<\/section>\n\n<section class=\"wp-block-group gt_avis_008 page-three is-layout-flow wp-block-group-is-layout-flow\">\n<div class=\"wp-block-columns alignwide bottom has-background is-layout-flex wp-container-core-columns-is-layout-2daa7c6a wp-block-columns-is-layout-flex\" style=\"border-radius:0px;background-color:rgba(255,255,255,1);margin-top:0px;margin-right:0px;margin-bottom:0px;margin-left:0px;padding-top:0;padding-right:var(--wp--preset--spacing--40);padding-bottom:var(--wp--preset--spacing--50);padding-left:0px\">\n<div class=\"wp-block-column is-vertically-aligned-center is-layout-flow wp-block-column-is-layout-flow\" style=\"flex-basis:55%\">\n<figure class=\"wp-block-image size-full has-custom-border blob-image avis-img gt-gsap-fadeIn\" style=\"margin-top:0px;margin-right:0px;margin-bottom:0px;margin-left:0px\"><img decoding=\"async\" width=\"1015\" height=\"994\" src=\"https:\/\/www.camping-utahbeach.com\/wp-content\/uploads\/2025\/10\/animation-au-camping-utah-beach.png\" alt=\"Animation auf dem Campingplatz Utah Beach\" class=\"wp-image-1328\" style=\"border-bottom-right-radius:90px\" srcset=\"https:\/\/www.camping-utahbeach.com\/wp-content\/uploads\/2025\/10\/animation-au-camping-utah-beach.png 1015w, https:\/\/www.camping-utahbeach.com\/wp-content\/uploads\/2025\/10\/animation-au-camping-utah-beach-300x294.png 300w, https:\/\/www.camping-utahbeach.com\/wp-content\/uploads\/2025\/10\/animation-au-camping-utah-beach-768x752.png 768w\" sizes=\"(max-width: 1015px) 100vw, 1015px\" \/><\/figure>\n<\/div>\n\n\n\n<div class=\"wp-block-column is-vertically-aligned-center has-base-2-background-color has-background is-layout-flow wp-block-column-is-layout-flow\" style=\"flex-basis:45%\">\n<h2 class=\"wp-block-heading\">H\u00fcpfburg f\u00fcr alle<\/h2>\n\n\n\n<p>Der Camping d&#8217;Utah Beach bietet von April bis September kostenlos einen <strong>Spielbereich<\/strong> f\u00fcr seine j\u00fcngsten Urlauber: eine H\u00fcpfburg! Kinderspiele f\u00fcr 3- bis 12-J\u00e4hrige in Begleitung von Erwachsenen. <\/p>\n\n\n\n<p>Unter Aufsicht der Eltern sind dies <strong>Momente der Freude und des Vergn\u00fcgens<\/strong> f\u00fcr die Kleinen und sch\u00f6ne Erinnerungen f\u00fcr alle.<\/p>\n<\/div>\n<\/div>\n<\/section>\n\n<section class=\"wp-block-group gt_1-cta-1photofull_005 page-two is-layout-flow wp-block-group-is-layout-flow\">\n<div class=\"wp-block-group is-layout-flow wp-block-group-is-layout-flow\">\n<div data-swiper=\"{&quot;speed&quot;:1000,&quot;autoplay&quot;:{&quot;delay&quot;:5000,&quot;disableOnInteraction&quot;:false},&quot;spaceBetween&quot;:0,&quot;slidesPerView&quot;:1,&quot;pagination&quot;:{&quot;el&quot;:&quot;.swiper-pagination&quot;,&quot;dynamicBullets&quot;:true,&quot;clickable&quot;:true,&quot;type&quot;:&quot;bullets&quot;},&quot;navigation&quot;:{&quot;nextEl&quot;:&quot;.swiper-button-next&quot;,&quot;prevEl&quot;:&quot;.swiper-button-prev&quot;},&quot;breakpoints&quot;:[{&quot;slidesPerView&quot;:1}]}\" class=\"wp-block-cover has-parallax gt-gsap-fadeIn\" style=\"border-bottom-left-radius:90px;border-bottom-right-radius:90px;min-height:100vh;aspect-ratio:unset;\"><div role=\"img\" aria-label=\"espace musculation camping sportif normandie\" class=\"wp-block-cover__image-background wp-image-1738 size-full has-parallax\" style=\"background-position:50% 50%;background-image:url(https:\/\/www.camping-utahbeach.com\/wp-content\/uploads\/2025\/11\/espace-musculation-camping-sportif-normandie.jpg)\"><\/div><span aria-hidden=\"true\" class=\"wp-block-cover__background has-custom-color-4-background-color has-background-dim-30 has-background-dim\"><\/span><div class=\"wp-block-cover__inner-container has-global-padding is-layout-constrained wp-block-cover-is-layout-constrained\">\n<p class=\"has-text-align-center has-large-font-size\"><\/p>\n<\/div><\/div>\n<\/div>\n\n\n\n<div class=\"wp-block-columns absolute-content is-layout-flex wp-container-core-columns-is-layout-28f84493 wp-block-columns-is-layout-flex\">\n<div class=\"wp-block-column is-layout-flow wp-block-column-is-layout-flow\">\n<h2 class=\"wp-block-heading has-base-2-color has-text-color has-link-color wp-elements-4dedf1404a084d9d3013b899c9e61ce0\"><strong>Fitnessbereich<\/strong> im Freien<\/h2>\n\n\n\n<p class=\"has-base-2-color has-text-color has-link-color wp-elements-edc153d91ac11f8b4f82d011682ba75c\"><strong>Ein Fitnessbereich im Freien, um w\u00e4hrend Ihres Urlaubs fit zu bleiben<\/strong><\/p>\n\n\n\n<p class=\"has-base-2-color has-text-color has-link-color wp-elements-9f84d6cdc6949c1b9a903539c4e6461a\">Nutzen Sie w\u00e4hrend Ihres Aufenthalts unseren <strong>Fitnessbereich im Freien<\/strong>, der speziell eingerichtet wurde, um Sport, Wohlbefinden und Natur zu verbinden. In einem angenehmen und luftigen Umfeld trainieren Sie frei mit Ger\u00e4ten, die f\u00fcr Muskelaufbau und k\u00f6rperliche Fitness geeignet sind. <\/p>\n\n\n\n<p class=\"has-base-2-color has-text-color has-link-color wp-elements-4f64d95fa45368f33e25e1f5813f3c30\">Ob Sie regelm\u00e4\u00dfig Sport treiben oder ein Amateur sind, der im Urlaub aktiv bleiben m\u00f6chte \u2013 dieser Bereich ist ideal, um sich um Ihren K\u00f6rper zu k\u00fcmmern und gleichzeitig die Natur zu genie\u00dfen.<\/p>\n\n\n\n<p class=\"has-base-2-color has-text-color has-link-color wp-elements-b26e5e861901334f3d4d0c1e183447c5\">\ud83d\udc49<strong>Zugang nur f\u00fcr Personen ab 15 Jahren<\/strong>, um allen Nutzern Sicherheit und Komfort zu garantieren.<\/p>\n\n\n\n<p class=\"has-base-2-color has-text-color has-link-color wp-elements-e979da5871dc988df10f7dfb0e9bd713\">Atmen Sie, bewegen Sie sich, \u00fcbertreffen Sie sich\u2026 und erleben Sie Ihren Urlaub in Topform.\ud83d\udcaa\ud83c\udf3f<\/p>\n<\/div>\n\n\n\n<div class=\"wp-block-column is-vertically-aligned-center is-layout-flow wp-block-column-is-layout-flow\"><\/div>\n<\/div>\n<\/section>\n\n<section class=\"wp-block-group gt_avis_008 page-three is-layout-flow wp-block-group-is-layout-flow\">\n<div class=\"wp-block-columns alignwide bottom has-background is-layout-flex wp-container-core-columns-is-layout-2daa7c6a wp-block-columns-is-layout-flex\" style=\"border-radius:0px;background-color:rgba(255,255,255,1);margin-top:0px;margin-right:0px;margin-bottom:0px;margin-left:0px;padding-top:0;padding-right:var(--wp--preset--spacing--40);padding-bottom:var(--wp--preset--spacing--50);padding-left:0px\">\n<div class=\"wp-block-column is-vertically-aligned-center is-layout-flow wp-block-column-is-layout-flow\" style=\"flex-basis:55%\">\n<figure class=\"wp-block-image size-full has-custom-border blob-image avis-img gt-gsap-fadeIn\" style=\"margin-top:0px;margin-right:0px;margin-bottom:0px;margin-left:0px\"><img decoding=\"async\" width=\"852\" height=\"1024\" src=\"https:\/\/www.camping-utahbeach.com\/wp-content\/uploads\/2025\/11\/soiree-anime-au-camping-utah-beach.jpg\" alt=\"Animierter Abend auf dem Camping Utah Beach\" class=\"wp-image-1731\" style=\"border-bottom-right-radius:90px\" srcset=\"https:\/\/www.camping-utahbeach.com\/wp-content\/uploads\/2025\/11\/soiree-anime-au-camping-utah-beach.jpg 852w, https:\/\/www.camping-utahbeach.com\/wp-content\/uploads\/2025\/11\/soiree-anime-au-camping-utah-beach-250x300.jpg 250w, https:\/\/www.camping-utahbeach.com\/wp-content\/uploads\/2025\/11\/soiree-anime-au-camping-utah-beach-768x923.jpg 768w\" sizes=\"(max-width: 852px) 100vw, 852px\" \/><\/figure>\n<\/div>\n\n\n\n<div class=\"wp-block-column is-vertically-aligned-center has-base-2-background-color has-background is-layout-flow wp-block-column-is-layout-flow\" style=\"flex-basis:45%\">\n<h2 class=\"wp-block-heading\">Camping mit <strong>animierten Abenden in der Manche<\/strong><\/h2>\n\n\n\n<p>Auf unserem <strong>Camping mit Animationen<\/strong> enden die Tage mit <strong>festlichen und geselligen Abenden<\/strong> f\u00fcr die ganze Familie! Die ganze Saison \u00fcber stellt unser Team ein abwechslungsreiches Animationsprogramm zusammen, das allen W\u00fcnschen und jedem Alter gerecht wird. <\/p>\n\n\n\n<p><strong>Tanzabende<\/strong>, <strong>mitrei\u00dfende Bingospiele<\/strong>, <strong>Freiluftkonzerte<\/strong> oder <strong>Themenabende voller \u00dcberraschungen<\/strong>\u2026 f\u00fcr jeden Geschmack ist etwas dabei. Famili\u00e4re oder lebhaftere Atmosph\u00e4re? Dank unseres Intensit\u00e4tsreglers wissen Sie schon vorher, was Sie erwartet.  <\/p>\n\n\n\n<p>Jede Woche finden Sie das detaillierte Programm an der Rezeption, damit Sie nichts verpassen! Denn auf unserem <strong>Camping mit Animationen<\/strong> bedeutet Urlaub auch: zusammen leben, zusammen lachen\u2026 und tanzen!<\/p>\n<\/div>\n<\/div>\n<\/section>\n\n<section class=\"wp-block-group page-maillage has-custom-color-5-background-color has-background has-global-padding is-layout-constrained wp-block-group-is-layout-constrained\">\n<div class=\"wp-block-group h1-like has-global-padding is-layout-constrained wp-block-group-is-layout-constrained\" style=\"line-height:1\">\n<p class=\"has-custom-color-1-color has-text-color has-link-color wp-elements-b9a3e15d33ba391574f1162c4a9722b0\" style=\"font-size:clamp(54.054px, 3.378rem + ((1vw - 3.2px) * 4.548), 110px);font-style:normal;font-weight:300;text-transform:uppercase\">Entdecken Sie <br\/><span>den Campingplatz!<\/span><\/p>\n<\/div>\n\n\n\n<div class=\"wp-block-query gt-gsap-fadeInUp is-layout-flow wp-block-query-is-layout-flow\"><ul class=\"wp-block-post-template is-layout-flow wp-block-post-template-is-layout-flow\"><li class=\"wp-block-post post-219127 page type-page status-publish has-post-thumbnail hentry\">\n\n<figure class=\"wp-block-image\"><img decoding=\"async\" src=\"https:\/\/www.camping-utahbeach.com\/wp-content\/uploads\/2026\/03\/utah-beach-bord-de-mer.jpg\" title=\"https:\/\/www.camping-utahbeach.com\/wp-content\/uploads\/2026\/03\/utah-beach-bord-de-mer.jpg\" alt=\"\"\/><\/figure>\n\n\n\n<p class=\"has-text-align-center has-custom-color-1-color has-base-2-background-color has-text-color has-background has-link-color wp-elements-499f11dee7406d0a4fbf5f81e85a1d8e\" style=\"border-radius:50px;font-size:clamp(16.293px, 1.018rem + ((1vw - 3.2px) * 0.708), 25px);font-style:normal;font-weight:500;text-transform:uppercase\">Meeresufer<\/p>\n\n\n<a class=\"is-style-lien-cover wp-block-read-more\" href=\"https:\/\/www.camping-utahbeach.com\/de\/camping-am-meer-in-der-normandie\/\" target=\"_self\">Weiterlesen<span class=\"screen-reader-text\">: Meeresufer<\/span><\/a>\n<\/li><li class=\"wp-block-post post-219105 page type-page status-publish has-post-thumbnail hentry\">\n\n<figure class=\"wp-block-image\"><img decoding=\"async\" src=\"https:\/\/www.camping-utahbeach.com\/wp-content\/uploads\/2025\/10\/camping-en-normandie-avec-piscine-chaufee.png\" title=\"https:\/\/www.camping-utahbeach.com\/wp-content\/uploads\/2025\/10\/camping-en-normandie-avec-piscine-chaufee.png\" alt=\"\"\/><\/figure>\n\n\n\n<p class=\"has-text-align-center has-custom-color-1-color has-base-2-background-color has-text-color has-background has-link-color wp-elements-499f11dee7406d0a4fbf5f81e85a1d8e\" style=\"border-radius:50px;font-size:clamp(16.293px, 1.018rem + ((1vw - 3.2px) * 0.708), 25px);font-style:normal;font-weight:500;text-transform:uppercase\">Das Schwimmbad<\/p>\n\n\n<a class=\"is-style-lien-cover wp-block-read-more\" href=\"https:\/\/www.camping-utahbeach.com\/de\/campingplatz-mit-schwimmbad-in-der-normandie\/\" target=\"_self\">Weiterlesen<span class=\"screen-reader-text\">: Das Schwimmbad<\/span><\/a>\n<\/li><li class=\"wp-block-post post-219109 page type-page status-publish has-post-thumbnail hentry\">\n\n<figure class=\"wp-block-image\"><img decoding=\"async\" src=\"https:\/\/www.camping-utahbeach.com\/wp-content\/uploads\/2025\/11\/restauration-utah-beach.jpeg\" title=\"https:\/\/www.camping-utahbeach.com\/wp-content\/uploads\/2025\/11\/restauration-utah-beach.jpeg\" alt=\"\"\/><\/figure>\n\n\n\n<p class=\"has-text-align-center has-custom-color-1-color has-base-2-background-color has-text-color has-background has-link-color wp-elements-499f11dee7406d0a4fbf5f81e85a1d8e\" style=\"border-radius:50px;font-size:clamp(16.293px, 1.018rem + ((1vw - 3.2px) * 0.708), 25px);font-style:normal;font-weight:500;text-transform:uppercase\">Unsere Serviceleistungen<\/p>\n\n\n<a class=\"is-style-lien-cover wp-block-read-more\" href=\"https:\/\/www.camping-utahbeach.com\/de\/serviceleistungen-campingangebote-in-der-normandie\/\" target=\"_self\">Weiterlesen<span class=\"screen-reader-text\">: Unsere Serviceleistungen<\/span><\/a>\n<\/li><\/ul><\/div>\n<\/section>\n","protected":false},"excerpt":{"rendered":"<p>Camping mit Animationen in der Normandie Familienanimationen: unvergessliche Erinnerungen und garantierte Verbundenheit! Entdecken Sie ein Spiel, das Konzentration und v\u00f6llige Entspannung vereint, meistern Sie die Hindernisse, respektieren Sie die Regeln oder erfinden Sie sie neu\u2026 aber vor allem: Haben Sie Spa\u00df! Bei einem Spaziergang durch den Camping d&#8217;Utah Beach und seine Umgebung k\u00f6nnen Sie zahlreiche [&hellip;]<\/p>\n","protected":false},"author":1,"featured_media":1730,"parent":0,"menu_order":0,"comment_status":"closed","ping_status":"closed","template":"","meta":{"_acf_changed":false,"_seopress_robots_primary_cat":"","_seopress_titles_title":"Camping in der Normandie mit Animationen, Aktivit\u00e4ten & Kinderclub","_seopress_titles_desc":"","_seopress_robots_index":"","inline_featured_image":false,"gt_fse_maillage_image":"https:\/\/www.camping-utahbeach.com\/wp-content\/uploads\/2025\/10\/animation-au-camping-utah-beach.png","gt_fse_maillage_titre":"Animationen","gt_fse_maillage_alt":"Animation auf dem Campingplatz Utah Beach","gt_fse_maillage_resume":"","footnotes":""},"categories":[],"tags":[],"class_list":["post-219087","page","type-page","status-publish","has-post-thumbnail","hentry"],"acf":[],"_links":{"self":[{"href":"https:\/\/www.camping-utahbeach.com\/de\/wp-json\/wp\/v2\/pages\/219087","targetHints":{"allow":["GET"]}}],"collection":[{"href":"https:\/\/www.camping-utahbeach.com\/de\/wp-json\/wp\/v2\/pages"}],"about":[{"href":"https:\/\/www.camping-utahbeach.com\/de\/wp-json\/wp\/v2\/types\/page"}],"author":[{"embeddable":true,"href":"https:\/\/www.camping-utahbeach.com\/de\/wp-json\/wp\/v2\/users\/1"}],"replies":[{"embeddable":true,"href":"https:\/\/www.camping-utahbeach.com\/de\/wp-json\/wp\/v2\/comments?post=219087"}],"version-history":[{"count":5,"href":"https:\/\/www.camping-utahbeach.com\/de\/wp-json\/wp\/v2\/pages\/219087\/revisions"}],"predecessor-version":[{"id":219714,"href":"https:\/\/www.camping-utahbeach.com\/de\/wp-json\/wp\/v2\/pages\/219087\/revisions\/219714"}],"wp:featuredmedia":[{"embeddable":true,"href":"https:\/\/www.camping-utahbeach.com\/de\/wp-json\/wp\/v2\/media\/1730"}],"wp:attachment":[{"href":"https:\/\/www.camping-utahbeach.com\/de\/wp-json\/wp\/v2\/media?parent=219087"}],"wp:term":[{"taxonomy":"category","embeddable":true,"href":"https:\/\/www.camping-utahbeach.com\/de\/wp-json\/wp\/v2\/categories?post=219087"},{"taxonomy":"post_tag","embeddable":true,"href":"https:\/\/www.camping-utahbeach.com\/de\/wp-json\/wp\/v2\/tags?post=219087"}],"curies":[{"name":"wp","href":"https:\/\/api.w.org\/{rel}","templated":true}]}}