{"id":219093,"date":"2025-08-19T15:21:59","date_gmt":"2025-08-19T13:21:59","guid":{"rendered":"https:\/\/www.camping-utahbeach.com\/vacances-cotentin-normandie\/"},"modified":"2026-03-19T09:44:29","modified_gmt":"2026-03-19T08:44:29","slug":"urlaub-im-cotentin-in-der-normandie","status":"publish","type":"page","link":"https:\/\/www.camping-utahbeach.com\/de\/urlaub-im-cotentin-in-der-normandie\/","title":{"rendered":"Die Manche"},"content":{"rendered":"\n<section class=\"wp-block-group gt_1-cta-1photo_006 page-one has-custom-color-5-background-color has-background is-layout-flow wp-block-group-is-layout-flow\">\n<h1 class=\"wp-block-heading has-text-align-center\" style=\"padding-bottom:var(--wp--preset--spacing--40)\">Tourismus in der Manche in der Normandie<\/h1>\n\n\n\n<div class=\"wp-block-columns top is-layout-flex wp-container-core-columns-is-layout-28f84493 wp-block-columns-is-layout-flex\">\n<div class=\"wp-block-column is-vertically-aligned-top left is-layout-flow wp-block-column-is-layout-flow\">\n<h2 class=\"wp-block-heading has-text-align-left\">10 unumg\u00e4ngliche Sehensw\u00fcrdigkeiten in der Manche<\/h2>\n\n\n\n<p>Zu den unumg\u00e4nglichen Sehensw\u00fcrdigkeiten f\u00fcr Ihren Urlaub in der Manche geh\u00f6ren:<\/p>\n\n\n\n<details class=\"gt-fse-faq wp-block-gt-gt-fse-faq\" data-wp-interactive=\"gt-fse-faq\" data-wp-context='{ \"isOpen\": false }'>\n\t<summary aria-expanded=\"false\" class=\"gt-fse-faq-summary\" data-wp-on--click=\"actions.toggle\" data-wp-bind--aria-expanded=\"context.isOpen\">\n\t\t<div class=\"gt-fse-faq-summary-text\">1 Der <a href=\"https:\/\/www.camping-utahbeach.com\/de\/neuigkeiten\/visite-du-mont-saint-michel\/\" data-type=\"page\" data-id=\"22\">Mont Saint-Michel<\/a> <\/div>\n\t\t<span class=\"gt-fse-faq-opener\"><\/span>\n\t<\/summary>\n\t<div class=\"gt-fse-faq-content\">\n\t\t\n\n<p>die weltber\u00fchmte Felseninsel und ihre Bucht geh\u00f6ren zum UNESCO-Weltkulturerbe. Verpassen Sie nicht den Besuch der Abtei des <a href=\"https:\/\/www.ot-montsaintmichel.com\/index.htm\" target=\"_blank\" rel=\"noreferrer noopener nofollow\">Mont Saint-Michel<\/a>, einem Meisterwerk mittelalterlicher Architektur. <\/p>\n\n\t<\/div>\n<\/details>\n\n\n<details class=\"gt-fse-faq wp-block-gt-gt-fse-faq\" data-wp-interactive=\"gt-fse-faq\" data-wp-context='{ \"isOpen\": false }'>\n\t<summary aria-expanded=\"false\" class=\"gt-fse-faq-summary\" data-wp-on--click=\"actions.toggle\" data-wp-bind--aria-expanded=\"context.isOpen\">\n\t\t<div class=\"gt-fse-faq-summary-text\">2 Die Stadt <a href=\"https:\/\/www.camping-utahbeach.com\/de\/neuigkeiten\/visiter-cherbourg\/\" data-type=\"page\" data-id=\"22\">Cherbourg<\/a><\/div>\n\t\t<span class=\"gt-fse-faq-opener\"><\/span>\n\t<\/summary>\n\t<div class=\"gt-fse-faq-content\">\n\t\t\n\n<p>Ihr Hafen war der Start- und Zielpunkt der gr\u00f6\u00dften transatlantischen Passagierschiffe. Sehenswert sind ihr k\u00fcnstlicher Hafen und ihr Art-d\u00e9co-F\u00e4hrterminal, das heute die <a href=\"https:\/\/www.citedelamer.com\/\" target=\"_blank\" rel=\"noreferrer noopener\">Cit\u00e9 de la Mer<\/a> beherbergt. <\/p>\n\n\t<\/div>\n<\/details>\n\n\n<details class=\"gt-fse-faq wp-block-gt-gt-fse-faq\" data-wp-interactive=\"gt-fse-faq\" data-wp-context='{ \"isOpen\": false }'>\n\t<summary aria-expanded=\"false\" class=\"gt-fse-faq-summary\" data-wp-on--click=\"actions.toggle\" data-wp-bind--aria-expanded=\"context.isOpen\">\n\t\t<div class=\"gt-fse-faq-summary-text\">3 Der Badeort <a href=\"https:\/\/www.camping-utahbeach.com\/de\/neuigkeiten\/granville\/\" data-type=\"page\" data-id=\"22\">Granville<\/a> <\/div>\n\t\t<span class=\"gt-fse-faq-opener\"><\/span>\n\t<\/summary>\n\t<div class=\"gt-fse-faq-content\">\n\t\t\n\n<p>Die ehemalige Korsarenstadt, auch \u201eMonaco des Nordens\u201c genannt, <a href=\"https:\/\/www.ville-granville.fr\/\" target=\"_blank\" rel=\"noreferrer noopener\">Granville<\/a> ist ein charmanter Badeort, der auch heute noch der gr\u00f6\u00dfte Muschelhafen Frankreichs ist. Hinter ihren Stadtmauern verbirgt die Oberstadt ein reiches architektonisches und kulturelles Erbe. <\/p>\n\n\t<\/div>\n<\/details>\n\n\n<details class=\"gt-fse-faq wp-block-gt-gt-fse-faq\" data-wp-interactive=\"gt-fse-faq\" data-wp-context='{ \"isOpen\": false }'>\n\t<summary aria-expanded=\"false\" class=\"gt-fse-faq-summary\" data-wp-on--click=\"actions.toggle\" data-wp-bind--aria-expanded=\"context.isOpen\">\n\t\t<div class=\"gt-fse-faq-summary-text\">4 Die Landschaften des Cotentin<\/div>\n\t\t<span class=\"gt-fse-faq-opener\"><\/span>\n\t<\/summary>\n\t<div class=\"gt-fse-faq-content\">\n\t\t\n\n<p>Von seinen <a href=\"https:\/\/www.camping-utahbeach.com\/de\/neuigkeiten\/maison-du-parc-du-marais-du-cotentin\/\" data-type=\"page\" data-id=\"22\">S\u00fcmpfen<\/a> bis zum Kap von <a href=\"https:\/\/www.camping-utahbeach.com\/de\/neuigkeiten\/balade-a-la-hague-cap-sur-le-cotentin\/\" data-type=\"page\" data-id=\"22\">La Hague<\/a> entfaltet <a href=\"https:\/\/www.encotentin.fr\/\" target=\"_blank\" rel=\"noreferrer noopener\">der Cotentin<\/a> Landschaften von au\u00dfergew\u00f6hnlicher Sch\u00f6nheit.<\/p>\n\n\t<\/div>\n<\/details>\n\n\n<details class=\"gt-fse-faq wp-block-gt-gt-fse-faq\" data-wp-interactive=\"gt-fse-faq\" data-wp-context='{ \"isOpen\": false }'>\n\t<summary aria-expanded=\"false\" class=\"gt-fse-faq-summary\" data-wp-on--click=\"actions.toggle\" data-wp-bind--aria-expanded=\"context.isOpen\">\n\t\t<div class=\"gt-fse-faq-summary-text\">5 Utah Beach und das Museum der <a href=\"https:\/\/www.camping-utahbeach.com\/de\/campingplatz-am-landungsstrand-in-der-normandie\/\" data-type=\"page\" data-id=\"1094\">Landung<\/a><\/div>\n\t\t<span class=\"gt-fse-faq-opener\"><\/span>\n\t<\/summary>\n\t<div class=\"gt-fse-faq-content\">\n\t\t\n\n<p>nur wenige Meter von Ihrem Campingplatz entfernt, ein wichtiger Ort der Weltgeschichte.<\/p>\n\n\t<\/div>\n<\/details>\n\n\n<details class=\"gt-fse-faq wp-block-gt-gt-fse-faq\" data-wp-interactive=\"gt-fse-faq\" data-wp-context='{ \"isOpen\": false }'>\n\t<summary aria-expanded=\"false\" class=\"gt-fse-faq-summary\" data-wp-on--click=\"actions.toggle\" data-wp-bind--aria-expanded=\"context.isOpen\">\n\t\t<div class=\"gt-fse-faq-summary-text\">6 Die <a href=\"https:\/\/www.camping-utahbeach.com\/de\/neuigkeiten\/ile-tatihou\/\" data-type=\"page\" data-id=\"22\">Insel Tatihou<\/a><\/div>\n\t\t<span class=\"gt-fse-faq-opener\"><\/span>\n\t<\/summary>\n\t<div class=\"gt-fse-faq-content\">\n\t\t\n\n<p>bekannt f\u00fcr ihr Vogelschutzgebiet und ihr Schifffahrtsmuseum. Verpassen Sie nicht die \u00dcberfahrt mit dem Amphibienboot! <\/p>\n\n\t<\/div>\n<\/details>\n\n\n<details class=\"gt-fse-faq wp-block-gt-gt-fse-faq\" data-wp-interactive=\"gt-fse-faq\" data-wp-context='{ \"isOpen\": false }'>\n\t<summary aria-expanded=\"false\" class=\"gt-fse-faq-summary\" data-wp-on--click=\"actions.toggle\" data-wp-bind--aria-expanded=\"context.isOpen\">\n\t\t<div class=\"gt-fse-faq-summary-text\">7 Sainte-M\u00e8re-\u00c9glise und das Airborne Museum<\/div>\n\t\t<span class=\"gt-fse-faq-opener\"><\/span>\n\t<\/summary>\n\t<div class=\"gt-fse-faq-content\">\n\t\t\n\n<p>eine spektakul\u00e4re Museographie in einem der ersten von den Alliierten befreiten D\u00f6rfer.<\/p>\n\n\t<\/div>\n<\/details>\n\n\n<details class=\"gt-fse-faq wp-block-gt-gt-fse-faq\" data-wp-interactive=\"gt-fse-faq\" data-wp-context='{ \"isOpen\": false }'>\n\t<summary aria-expanded=\"false\" class=\"gt-fse-faq-summary\" data-wp-on--click=\"actions.toggle\" data-wp-bind--aria-expanded=\"context.isOpen\">\n\t\t<div class=\"gt-fse-faq-summary-text\">8 Die Chausey-Inseln<\/div>\n\t\t<span class=\"gt-fse-faq-opener\"><\/span>\n\t<\/summary>\n\t<div class=\"gt-fse-faq-content\">\n\t\t\n\n<p>Eine Stunde Bootsfahrt vom Hafen von Granville entfernt, ist <a href=\"http:\/\/www.manchetourisme.com\/chausey\" target=\"_blank\" rel=\"noreferrer noopener\">Chausey<\/a> ein Archipel mit einer au\u00dfergew\u00f6hnlich gut erhaltenen Natur. Vielleicht k\u00f6nnen Sie dort Delfine und Robben beobachten. <\/p>\n\n\t<\/div>\n<\/details>\n\n\n<details class=\"gt-fse-faq wp-block-gt-gt-fse-faq\" data-wp-interactive=\"gt-fse-faq\" data-wp-context='{ \"isOpen\": false }'>\n\t<summary aria-expanded=\"false\" class=\"gt-fse-faq-summary\" data-wp-on--click=\"actions.toggle\" data-wp-bind--aria-expanded=\"context.isOpen\">\n\t\t<div class=\"gt-fse-faq-summary-text\">9 Jersey und Guernsey<\/div>\n\t\t<span class=\"gt-fse-faq-opener\"><\/span>\n\t<\/summary>\n\t<div class=\"gt-fse-faq-content\">\n\t\t\n\n<p>Die anglo-normannischen Inseln erm\u00f6glichen es Ihnen, den Charme Englands nur wenige Meilen von Granville oder Barneville entfernt zu genie\u00dfen.<\/p>\n\n\t<\/div>\n<\/details>\n\n\n<details class=\"gt-fse-faq wp-block-gt-gt-fse-faq\" data-wp-interactive=\"gt-fse-faq\" data-wp-context='{ \"isOpen\": false }'>\n\t<summary aria-expanded=\"false\" class=\"gt-fse-faq-summary\" data-wp-on--click=\"actions.toggle\" data-wp-bind--aria-expanded=\"context.isOpen\">\n\t\t<div class=\"gt-fse-faq-summary-text\">10 Avranches<\/div>\n\t\t<span class=\"gt-fse-faq-opener\"><\/span>\n\t<\/summary>\n\t<div class=\"gt-fse-faq-content\">\n\t\t\n\n<p>Verpassen Sie schlie\u00dflich nicht diese pr\u00e4chtige Stadt, die die Bucht des Mont-Saint-Michel \u00fcberblickt. Sehenswert sind die Basilika Saint-Gervais und ihr Schatz, die Kirchen Notre-Dame-des-Champs und Saint-Saturnin sowie der Botanische Garten. <\/p>\n\n\t<\/div>\n<\/details>\n\n\n<p>Entdecken Sie die <a href=\"http:\/\/www.manchetourisme.com\/\" target=\"_blank\" rel=\"noreferrer noopener nofollow\">offizielle Website<\/a> des Tourismusb\u00fcros der Manche.<\/p>\n<\/div>\n\n\n\n<div class=\"wp-block-column right is-layout-flow wp-block-column-is-layout-flow\">\n<figure class=\"wp-block-image alignright size-full gt-gsap-fadeIn\"><img decoding=\"async\" width=\"852\" height=\"1024\" src=\"https:\/\/www.camping-utahbeach.com\/wp-content\/uploads\/2025\/10\/camping-mont-saint-michel.webp\" alt=\"Camping Mont Saint-Michel\" class=\"wp-image-1428\" srcset=\"https:\/\/www.camping-utahbeach.com\/wp-content\/uploads\/2025\/10\/camping-mont-saint-michel.webp 852w, https:\/\/www.camping-utahbeach.com\/wp-content\/uploads\/2025\/10\/camping-mont-saint-michel-250x300.webp 250w, https:\/\/www.camping-utahbeach.com\/wp-content\/uploads\/2025\/10\/camping-mont-saint-michel-768x923.webp 768w\" sizes=\"(max-width: 852px) 100vw, 852px\" \/><\/figure>\n<\/div>\n<\/div>\n<\/section>\n\n<section class=\"wp-block-group gt_1-cta-1photofull_005 page-two is-layout-flow wp-block-group-is-layout-flow\">\n<div data-swiper=\"{&quot;speed&quot;:400,&quot;spaceBetween&quot;:16,&quot;slidesPerView&quot;:1,&quot;createElements&quot;:true,&quot;loop&quot;:true,&quot;freemode&quot;:true,&quot;breakpoints&quot;:[{&quot;slidesPerView&quot;:1}],&quot;navigation&quot;:false,&quot;pagination&quot;:false,&quot;effect&quot;:&quot;fade&quot;,&quot;autoplay&quot;:{&quot;delay&quot;:3000}}\" class=\"wp-block-group gt-is-slider gt-is-slider-desktop is-layout-flow wp-block-group-is-layout-flow\">\n<div data-swiper=\"{&quot;speed&quot;:1000,&quot;autoplay&quot;:{&quot;delay&quot;:5000,&quot;disableOnInteraction&quot;:false},&quot;spaceBetween&quot;:0,&quot;slidesPerView&quot;:1,&quot;pagination&quot;:{&quot;el&quot;:&quot;.swiper-pagination&quot;,&quot;dynamicBullets&quot;:true,&quot;clickable&quot;:true,&quot;type&quot;:&quot;bullets&quot;},&quot;navigation&quot;:{&quot;nextEl&quot;:&quot;.swiper-button-next&quot;,&quot;prevEl&quot;:&quot;.swiper-button-prev&quot;},&quot;breakpoints&quot;:[{&quot;slidesPerView&quot;:1}]}\" class=\"wp-block-cover has-parallax gt-gsap-fadeIn\" style=\"border-bottom-left-radius:90px;border-bottom-right-radius:90px;min-height:100vh;aspect-ratio:unset;\"><div role=\"img\" aria-label=\"camping normandie en bord de mer alentour\" class=\"wp-block-cover__image-background wp-image-1431 size-full has-parallax\" style=\"background-position:50% 50%;background-image:url(https:\/\/www.camping-utahbeach.com\/wp-content\/uploads\/2025\/10\/camping-normandie-en-bord-de-mer-alentour.webp)\"><\/div><span aria-hidden=\"true\" class=\"wp-block-cover__background has-custom-color-4-background-color has-background-dim-30 has-background-dim\"><\/span><div class=\"wp-block-cover__inner-container has-global-padding is-layout-constrained wp-block-cover-is-layout-constrained\">\n<p class=\"has-text-align-center has-large-font-size\"><\/p>\n<\/div><\/div>\n\n\n\n<div data-swiper=\"{&quot;speed&quot;:1000,&quot;autoplay&quot;:{&quot;delay&quot;:5000,&quot;disableOnInteraction&quot;:false},&quot;spaceBetween&quot;:0,&quot;slidesPerView&quot;:1,&quot;pagination&quot;:{&quot;el&quot;:&quot;.swiper-pagination&quot;,&quot;dynamicBullets&quot;:true,&quot;clickable&quot;:true,&quot;type&quot;:&quot;bullets&quot;},&quot;navigation&quot;:{&quot;nextEl&quot;:&quot;.swiper-button-next&quot;,&quot;prevEl&quot;:&quot;.swiper-button-prev&quot;},&quot;breakpoints&quot;:[{&quot;slidesPerView&quot;:1}]}\" class=\"wp-block-cover has-parallax gt-gsap-fadeIn\" style=\"border-bottom-left-radius:90px;border-bottom-right-radius:90px;min-height:100vh;aspect-ratio:unset;\"><div role=\"img\" aria-label=\"camping normandie port de grandville\" class=\"wp-block-cover__image-background wp-image-1434 size-full has-parallax\" style=\"background-position:50% 50%;background-image:url(https:\/\/www.camping-utahbeach.com\/wp-content\/uploads\/2025\/10\/camping-normandie-port-de-grandville.webp)\"><\/div><span aria-hidden=\"true\" class=\"wp-block-cover__background has-custom-color-4-background-color has-background-dim-30 has-background-dim\"><\/span><div class=\"wp-block-cover__inner-container has-global-padding is-layout-constrained wp-block-cover-is-layout-constrained\">\n<p class=\"has-text-align-center has-large-font-size\"><\/p>\n<\/div><\/div>\n\n\n\n<div data-swiper=\"{&quot;speed&quot;:1000,&quot;autoplay&quot;:{&quot;delay&quot;:5000,&quot;disableOnInteraction&quot;:false},&quot;spaceBetween&quot;:0,&quot;slidesPerView&quot;:1,&quot;pagination&quot;:{&quot;el&quot;:&quot;.swiper-pagination&quot;,&quot;dynamicBullets&quot;:true,&quot;clickable&quot;:true,&quot;type&quot;:&quot;bullets&quot;},&quot;navigation&quot;:{&quot;nextEl&quot;:&quot;.swiper-button-next&quot;,&quot;prevEl&quot;:&quot;.swiper-button-prev&quot;},&quot;breakpoints&quot;:[{&quot;slidesPerView&quot;:1}]}\" class=\"wp-block-cover has-parallax gt-gsap-fadeIn\" style=\"border-bottom-left-radius:90px;border-bottom-right-radius:90px;min-height:100vh;aspect-ratio:unset;\"><div role=\"img\" aria-label=\"ile tatihou camping normandie\" class=\"wp-block-cover__image-background wp-image-1440 size-full has-parallax\" style=\"background-position:50% 50%;background-image:url(https:\/\/www.camping-utahbeach.com\/wp-content\/uploads\/2025\/10\/ile-tatihou-camping-normandie.webp)\"><\/div><span aria-hidden=\"true\" class=\"wp-block-cover__background has-custom-color-4-background-color has-background-dim-30 has-background-dim\"><\/span><div class=\"wp-block-cover__inner-container has-global-padding is-layout-constrained wp-block-cover-is-layout-constrained\">\n<p class=\"has-text-align-center has-large-font-size\"><\/p>\n<\/div><\/div>\n<\/div>\n\n\n\n<div class=\"wp-block-columns absolute-content is-layout-flex wp-container-core-columns-is-layout-28f84493 wp-block-columns-is-layout-flex\">\n<div class=\"wp-block-column is-layout-flow wp-block-column-is-layout-flow\">\n<h2 class=\"wp-block-heading has-base-2-color has-text-color has-link-color wp-elements-7f0793e0e0978a231f3b1efae8969b51\">Kulturerbe in der Manche<\/h2>\n\n\n\n<p class=\"has-base-2-color has-text-color has-link-color wp-elements-177160cad72846991e06cee35cd63595\">Die Manche ist auch reich an einem <strong>bedeutenden architektonischen und kulturellen Erbe<\/strong>, das Sie w\u00e4hrend Ihres <strong>Tourismus-Aufenthalts in der Manche<\/strong> entdecken k\u00f6nnen: Festungen, Kirchen, Schl\u00f6sser und Abteien, zahlreiche Museen zur Entdeckung regionaler Traditionen sowie au\u00dfergew\u00f6hnliche Parks und G\u00e4rten zum Entspannen mit der Familie.<\/p>\n\n\n\n<p class=\"has-base-2-color has-text-color has-link-color wp-elements-e33d0c4472dc50509c6e22e1b304db30\">Entdecken Sie schlie\u00dflich die <strong>kulinarischen Spezialit\u00e4ten der Normandie<\/strong> bei Besuchen von Bauernh\u00f6fen und Manufakturen, aber auch beim Bummeln \u00fcber die regionalen M\u00e4rkte! <\/p>\n\n\n\n<p class=\"has-base-2-color has-text-color has-link-color wp-elements-521491b0a29deaaadc2347a40c12316c\">Von <a href=\"https:\/\/www.camping-utahbeach.com\/de\/neuigkeiten\/top-5-meilleurs-fromages-normandie\/\" data-type=\"page\" data-id=\"22\">Mostereien bis zu K\u00e4sereien<\/a>, \u00fcber Austernzuchtbetriebe, Ihre Geschmacksknospen werden alle Aromen kosten!<\/p>\n\n\n\n<p class=\"has-base-2-color has-text-color has-link-color wp-elements-ed6dca41c5528868b7d9dd5ffeb1498e\">Von unserem <a href=\"https:\/\/www.camping-utahbeach.com\/de\/\" data-type=\"page\" data-id=\"22\">Campingplatz in der Manche<\/a> aus sind Sie <strong>nur einen Steinwurf von den sch\u00f6nsten Sehensw\u00fcrdigkeiten der Region entfernt<\/strong>, nutzen Sie es!<\/p>\n<\/div>\n\n\n\n<div class=\"wp-block-column is-vertically-aligned-center is-layout-flow wp-block-column-is-layout-flow\"><\/div>\n<\/div>\n<\/section>\n\n<section class=\"wp-block-group gt_avis_008 page-three is-layout-flow wp-block-group-is-layout-flow\">\n<div class=\"wp-block-columns alignwide bottom has-background is-layout-flex wp-container-core-columns-is-layout-2daa7c6a wp-block-columns-is-layout-flex\" style=\"border-radius:0px;background-color:rgba(255,255,255,1);margin-top:0px;margin-right:0px;margin-bottom:0px;margin-left:0px;padding-top:0;padding-right:var(--wp--preset--spacing--40);padding-bottom:var(--wp--preset--spacing--50);padding-left:0px\">\n<div class=\"wp-block-column is-vertically-aligned-center is-layout-flow wp-block-column-is-layout-flow\" style=\"flex-basis:55%\">\n<figure class=\"wp-block-image size-full has-custom-border blob-image avis-img gt-gsap-fadeIn\" style=\"margin-top:0px;margin-right:0px;margin-bottom:0px;margin-left:0px\"><img decoding=\"async\" width=\"1024\" height=\"1003\" src=\"https:\/\/www.camping-utahbeach.com\/wp-content\/uploads\/2025\/10\/camping-utah-beach-canoe.webp\" alt=\"Camping Utah Beach Kanu\" class=\"wp-image-1437\" style=\"border-bottom-right-radius:90px\" srcset=\"https:\/\/www.camping-utahbeach.com\/wp-content\/uploads\/2025\/10\/camping-utah-beach-canoe.webp 1024w, https:\/\/www.camping-utahbeach.com\/wp-content\/uploads\/2025\/10\/camping-utah-beach-canoe-300x294.webp 300w, https:\/\/www.camping-utahbeach.com\/wp-content\/uploads\/2025\/10\/camping-utah-beach-canoe-768x752.webp 768w\" sizes=\"(max-width: 1024px) 100vw, 1024px\" \/><\/figure>\n<\/div>\n\n\n\n<div class=\"wp-block-column is-vertically-aligned-center has-base-2-background-color has-background is-layout-flow wp-block-column-is-layout-flow\" style=\"flex-basis:45%\">\n<h2 class=\"wp-block-heading\">Top-Aktivit\u00e4ten rund um den Campingplatz in der Manche<\/h2>\n\n\n\n<p>Zwischen ihren charmanten Landschaften und ihrer K\u00fcste ist die Manche ein vielf\u00e4ltiges Gebiet, das es zu entdecken gilt und eine unendliche Vielfalt an <strong>Tourismusaktivit\u00e4ten in der Manche<\/strong> bietet. <\/p>\n\n\n\n<p>Ihre unber\u00fchrten Naturr\u00e4ume k\u00f6nnen bei Wanderungen und Ausritten oder Radtouren entdeckt werden, wenn Sie sich fragen, <strong>was man in der Manche unternehmen kann<\/strong>: von der Bucht des Mont-Saint-Michel \u00fcber die S\u00fcmpfe des Cotentin bis zum Pays de Coutances, die reichsten Landschaften sind zu erkunden, wenn Sie <strong>die Manche besuchen<\/strong> m\u00f6chten, von unserem <a href=\"https:\/\/www.camping-utahbeach.com\/camping-proche-de-sainte-mere-eglise\/\" data-type=\"page\" data-id=\"22\">Campingplatz in der N\u00e4he von Sainte-M\u00e8re-\u00c9glise<\/a> aus.<\/p>\n\n\n\n<p><a href=\"https:\/\/www.camping-utahbeach.com\/de\/camping-am-meer-in-der-normandie\/\" data-type=\"page\" data-id=\"43\">Am Meer<\/a> bietet die Manche auch zahlreiche Aktivit\u00e4ten: Strandsegeln und Wattfischen bei Ebbe, Kanu- oder Katamaranfahren bei Flut, Strandspiele, Bummeln in den H\u00e4fen oder der Besuch des <a href=\"https:\/\/www.camping-utahbeach.com\/de\/campingplatz-am-landungsstrand-in-der-normandie\/\" data-type=\"page\" data-id=\"1094\">historischen Landungsstrandes Utah Beach<\/a> und seines Museums.<\/p>\n<\/div>\n<\/div>\n<\/section>\n\n<section class=\"wp-block-group page-maillage has-custom-color-5-background-color has-background has-global-padding is-layout-constrained wp-block-group-is-layout-constrained\">\n<div class=\"wp-block-group h1-like has-global-padding is-layout-constrained wp-block-group-is-layout-constrained\" style=\"line-height:1\">\n<p class=\"has-custom-color-1-color has-text-color has-link-color wp-elements-c2377ffe7321f76ab871ef31f82d2fd0\" style=\"font-size:clamp(54.054px, 3.378rem + ((1vw - 3.2px) * 4.548), 110px);font-style:normal;font-weight:300;text-transform:uppercase\">Entdecken Sie<\/p>\n\n\n\n<p class=\"has-custom-color-1-color has-text-color has-link-color wp-elements-c4809a41c9a53459eb470d22fa53f04e\" style=\"font-size:clamp(54.054px, 3.378rem + ((1vw - 3.2px) * 4.548), 110px);font-style:normal;font-weight:300;text-transform:uppercase\"><span>die Umgebung<\/span><\/p>\n<\/div>\n\n\n\n<div class=\"wp-block-query gt-gsap-fadeInUp is-layout-flow wp-block-query-is-layout-flow\"><ul class=\"wp-block-post-template is-layout-flow wp-block-post-template-is-layout-flow\"><li class=\"wp-block-post post-219127 page type-page status-publish has-post-thumbnail hentry\">\n\n<figure class=\"wp-block-image\"><img decoding=\"async\" src=\"https:\/\/www.camping-utahbeach.com\/wp-content\/uploads\/2026\/03\/utah-beach-bord-de-mer.jpg\" title=\"https:\/\/www.camping-utahbeach.com\/wp-content\/uploads\/2026\/03\/utah-beach-bord-de-mer.jpg\" alt=\"\"\/><\/figure>\n\n\n\n<p class=\"has-text-align-center has-custom-color-1-color has-base-2-background-color has-text-color has-background has-link-color wp-elements-499f11dee7406d0a4fbf5f81e85a1d8e\" style=\"border-radius:50px;font-size:clamp(16.293px, 1.018rem + ((1vw - 3.2px) * 0.708), 25px);font-style:normal;font-weight:500;text-transform:uppercase\">Meeresufer<\/p>\n\n\n<a class=\"is-style-lien-cover wp-block-read-more\" href=\"https:\/\/www.camping-utahbeach.com\/de\/camping-am-meer-in-der-normandie\/\" target=\"_self\">Weiterlesen<span class=\"screen-reader-text\">: Meeresufer<\/span><\/a>\n<\/li><li class=\"wp-block-post post-219105 page type-page status-publish has-post-thumbnail hentry\">\n\n<figure class=\"wp-block-image\"><img decoding=\"async\" src=\"https:\/\/www.camping-utahbeach.com\/wp-content\/uploads\/2025\/10\/camping-en-normandie-avec-piscine-chaufee.png\" title=\"https:\/\/www.camping-utahbeach.com\/wp-content\/uploads\/2025\/10\/camping-en-normandie-avec-piscine-chaufee.png\" alt=\"\"\/><\/figure>\n\n\n\n<p class=\"has-text-align-center has-custom-color-1-color has-base-2-background-color has-text-color has-background has-link-color wp-elements-499f11dee7406d0a4fbf5f81e85a1d8e\" style=\"border-radius:50px;font-size:clamp(16.293px, 1.018rem + ((1vw - 3.2px) * 0.708), 25px);font-style:normal;font-weight:500;text-transform:uppercase\">Das Schwimmbad<\/p>\n\n\n<a class=\"is-style-lien-cover wp-block-read-more\" href=\"https:\/\/www.camping-utahbeach.com\/de\/campingplatz-mit-schwimmbad-in-der-normandie\/\" target=\"_self\">Weiterlesen<span class=\"screen-reader-text\">: Das Schwimmbad<\/span><\/a>\n<\/li><li class=\"wp-block-post post-219052 page type-page status-publish has-post-thumbnail hentry\">\n\n<figure class=\"wp-block-image\"><img decoding=\"async\" src=\"https:\/\/www.camping-utahbeach.com\/wp-content\/uploads\/2025\/10\/Les-plages-du-debarquement-utah-beach.webp\" title=\"https:\/\/www.camping-utahbeach.com\/wp-content\/uploads\/2025\/10\/Les-plages-du-debarquement-utah-beach.webp\" alt=\"\"\/><\/figure>\n\n\n\n<p class=\"has-text-align-center has-custom-color-1-color has-base-2-background-color has-text-color has-background has-link-color wp-elements-499f11dee7406d0a4fbf5f81e85a1d8e\" style=\"border-radius:50px;font-size:clamp(16.293px, 1.018rem + ((1vw - 3.2px) * 0.708), 25px);font-style:normal;font-weight:500;text-transform:uppercase\">Die Landungsstr\u00e4nde<\/p>\n\n\n<a class=\"is-style-lien-cover wp-block-read-more\" href=\"https:\/\/www.camping-utahbeach.com\/de\/campingplatz-am-landungsstrand-in-der-normandie\/\" target=\"_self\">Weiterlesen<span class=\"screen-reader-text\">: Die Landungsstr\u00e4nde<\/span><\/a>\n<\/li><\/ul><\/div>\n<\/section>\n","protected":false},"excerpt":{"rendered":"<p>Tourismus in der Manche in der Normandie 10 unumg\u00e4ngliche Sehensw\u00fcrdigkeiten in der Manche Zu den unumg\u00e4nglichen Sehensw\u00fcrdigkeiten f\u00fcr Ihren Urlaub in der Manche geh\u00f6ren: Entdecken Sie die offizielle Website des Tourismusb\u00fcros der Manche. Kulturerbe in der Manche Die Manche ist auch reich an einem bedeutenden architektonischen und kulturellen Erbe, das Sie w\u00e4hrend Ihres Tourismus-Aufenthalts in [&hellip;]<\/p>\n","protected":false},"author":1,"featured_media":1426,"parent":0,"menu_order":0,"comment_status":"closed","ping_status":"closed","template":"","meta":{"_acf_changed":false,"_seopress_robots_primary_cat":"","_seopress_titles_title":"Tourismus Manche | Was man in der Manche unternehmen kann: Sehensw\u00fcrdigkeiten und St\u00e4dte","_seopress_titles_desc":"","_seopress_robots_index":"","inline_featured_image":false,"gt_fse_maillage_image":"https:\/\/www.camping-utahbeach.com\/wp-content\/uploads\/2026\/03\/manche-bord-de-mer.png","gt_fse_maillage_titre":"Die Manche","gt_fse_maillage_alt":"Camping am Meer Normandie Umgebung","gt_fse_maillage_resume":"","footnotes":""},"categories":[],"tags":[],"class_list":["post-219093","page","type-page","status-publish","has-post-thumbnail","hentry"],"acf":[],"_links":{"self":[{"href":"https:\/\/www.camping-utahbeach.com\/de\/wp-json\/wp\/v2\/pages\/219093","targetHints":{"allow":["GET"]}}],"collection":[{"href":"https:\/\/www.camping-utahbeach.com\/de\/wp-json\/wp\/v2\/pages"}],"about":[{"href":"https:\/\/www.camping-utahbeach.com\/de\/wp-json\/wp\/v2\/types\/page"}],"author":[{"embeddable":true,"href":"https:\/\/www.camping-utahbeach.com\/de\/wp-json\/wp\/v2\/users\/1"}],"replies":[{"embeddable":true,"href":"https:\/\/www.camping-utahbeach.com\/de\/wp-json\/wp\/v2\/comments?post=219093"}],"version-history":[{"count":6,"href":"https:\/\/www.camping-utahbeach.com\/de\/wp-json\/wp\/v2\/pages\/219093\/revisions"}],"predecessor-version":[{"id":219719,"href":"https:\/\/www.camping-utahbeach.com\/de\/wp-json\/wp\/v2\/pages\/219093\/revisions\/219719"}],"wp:featuredmedia":[{"embeddable":true,"href":"https:\/\/www.camping-utahbeach.com\/de\/wp-json\/wp\/v2\/media\/1426"}],"wp:attachment":[{"href":"https:\/\/www.camping-utahbeach.com\/de\/wp-json\/wp\/v2\/media?parent=219093"}],"wp:term":[{"taxonomy":"category","embeddable":true,"href":"https:\/\/www.camping-utahbeach.com\/de\/wp-json\/wp\/v2\/categories?post=219093"},{"taxonomy":"post_tag","embeddable":true,"href":"https:\/\/www.camping-utahbeach.com\/de\/wp-json\/wp\/v2\/tags?post=219093"}],"curies":[{"name":"wp","href":"https:\/\/api.w.org\/{rel}","templated":true}]}}