{"id":219105,"date":"2025-08-19T15:20:49","date_gmt":"2025-08-19T13:20:49","guid":{"rendered":"https:\/\/www.camping-utahbeach.com\/camping-avec-piscine-normandie\/"},"modified":"2026-03-19T09:44:42","modified_gmt":"2026-03-19T08:44:42","slug":"campingplatz-mit-schwimmbad-in-der-normandie","status":"publish","type":"page","link":"https:\/\/www.camping-utahbeach.com\/de\/campingplatz-mit-schwimmbad-in-der-normandie\/","title":{"rendered":"Das Schwimmbad"},"content":{"rendered":"\n<section class=\"wp-block-group gt_1-cta-1photo_006 page-one has-custom-color-5-background-color has-background is-layout-flow wp-block-group-is-layout-flow\">\n<h1 class=\"wp-block-heading has-text-align-center\" style=\"padding-bottom:var(--wp--preset--spacing--40)\"><strong>Campingplatz in der Normandie<\/strong> mit Pool<\/h1>\n\n\n\n<div class=\"wp-block-columns top is-layout-flex wp-container-core-columns-is-layout-28f84493 wp-block-columns-is-layout-flex\">\n<div class=\"wp-block-column is-vertically-aligned-top left is-layout-flow wp-block-column-is-layout-flow\">\n<h2 class=\"wp-block-heading has-text-align-left\"><strong>\u00dcberdachtes, beheiztes Schwimmbad<\/strong> f\u00fcr Familienspa\u00df<\/h2>\n\n\n\n<p>(Schwimmbad ge\u00f6ffnet ab dem <strong>ersten Aprilwochenende<\/strong>)<\/p>\n\n\n\n<p>Suchen Sie einen <a href=\"https:\/\/www.camping-utahbeach.com\/de\/\" data-type=\"page\" data-id=\"22\">Campingplatz in der Normandie mit Pool<\/a>?<br\/>Unter der Sonne der Normandie wird das \u00fcberdachte und beheizte Schwimmbad des Campingplatzes sehr gesch\u00e4tzt! Alle Mitglieder Ihrer Familie werden begeistert sein. Sie finden <strong>eine wahre Oase der Frische und Sanftheit<\/strong>, in der Gro\u00df und Klein die Freuden des Badens in der normannischen Wasserlandschaft genie\u00dfen k\u00f6nnen.  <\/p>\n\n\n\n<p>Am Rande des Beckens unseres <a href=\"https:\/\/www.camping-parc-aquatique.fr\/\" target=\"_blank\" rel=\"noreferrer noopener nofollow\">Campingplatzes mit Wasserpark<\/a> werden Sie schnell Gefallen an diesen Momenten der Entspannung und des Sonnenbadens <strong>unter der Sonne des Departements Manche<\/strong> finden.<\/p>\n\n\n\n<p>Unser Campingplatz verf\u00fcgt \u00fcber ein komplett \u00fcberdachtes und beheiztes Schwimmbad, sodass Sie es bei jedem Wetter vom ersten Aprilwochenende bis Mitte September genie\u00dfen k\u00f6nnen! In der Tat brauchen Sie keine Angst mehr vor schlechtem Wetter zu haben, denn unser \u00fcberdachter Wasserpark mit Rutschen erm\u00f6glicht es Ihnen, den ganzen Tag mit der Familie oder Freunden zu verbringen, auch wenn das Wetter einmal nicht mitspielt. <\/p>\n\n\n\n<p class=\"has-text-align-left has-medium-font-size\"><br\/><strong>SCHWIMMBAD GE\u00d6FFNET AB DEM ERSTEN APRILWOCHENENDE<\/strong><\/p>\n\n\n\n<p class=\"has-text-align-left has-medium-font-size\"><strong>WASSERRUTSCHE ERST AB DEM 1. JUNI GE\u00d6FFNET<\/strong><\/p>\n<\/div>\n\n\n\n<div class=\"wp-block-column right is-layout-flow wp-block-column-is-layout-flow\">\n<figure class=\"wp-block-image alignright size-full gt-gsap-fadeIn\"><img decoding=\"async\" width=\"863\" height=\"1037\" src=\"https:\/\/www.camping-utahbeach.com\/wp-content\/uploads\/2025\/10\/camping-en-normandie.png\" alt=\"Camping in der Normandie\" class=\"wp-image-1336\" srcset=\"https:\/\/www.camping-utahbeach.com\/wp-content\/uploads\/2025\/10\/camping-en-normandie.png 863w, https:\/\/www.camping-utahbeach.com\/wp-content\/uploads\/2025\/10\/camping-en-normandie-250x300.png 250w, https:\/\/www.camping-utahbeach.com\/wp-content\/uploads\/2025\/10\/camping-en-normandie-852x1024.png 852w, https:\/\/www.camping-utahbeach.com\/wp-content\/uploads\/2025\/10\/camping-en-normandie-768x923.png 768w\" sizes=\"(max-width: 863px) 100vw, 863px\" \/><\/figure>\n<\/div>\n<\/div>\n<\/section>\n\n<section class=\"wp-block-group gt_1-cta-1photofull_005 page-two has-custom-color-5-background-color has-background is-layout-flow wp-block-group-is-layout-flow\">\n<div data-swiper=\"{&quot;speed&quot;:400,&quot;spaceBetween&quot;:16,&quot;slidesPerView&quot;:1,&quot;createElements&quot;:true,&quot;loop&quot;:true,&quot;freemode&quot;:true,&quot;breakpoints&quot;:[{&quot;slidesPerView&quot;:1}],&quot;navigation&quot;:false,&quot;pagination&quot;:false,&quot;effect&quot;:&quot;fade&quot;,&quot;autoplay&quot;:{&quot;delay&quot;:3000}}\" class=\"wp-block-group gt-is-slider gt-is-slider-desktop is-layout-flow wp-block-group-is-layout-flow\">\n<div data-swiper=\"{&quot;speed&quot;:1000,&quot;autoplay&quot;:{&quot;delay&quot;:5000,&quot;disableOnInteraction&quot;:false},&quot;spaceBetween&quot;:0,&quot;slidesPerView&quot;:1,&quot;pagination&quot;:{&quot;el&quot;:&quot;.swiper-pagination&quot;,&quot;dynamicBullets&quot;:true,&quot;clickable&quot;:true,&quot;type&quot;:&quot;bullets&quot;},&quot;navigation&quot;:{&quot;nextEl&quot;:&quot;.swiper-button-next&quot;,&quot;prevEl&quot;:&quot;.swiper-button-prev&quot;},&quot;breakpoints&quot;:[{&quot;slidesPerView&quot;:1}]}\" class=\"wp-block-cover has-parallax gt-gsap-fadeIn\" style=\"border-bottom-left-radius:90px;border-bottom-right-radius:90px;min-height:100vh;aspect-ratio:unset;\"><div role=\"img\" aria-label=\"gt_1-cta-1photofull_005\" class=\"wp-block-cover__image-background wp-image-151 size-full has-parallax\" style=\"background-position:50% 50%;background-image:url(https:\/\/www.camping-utahbeach.com\/wp-content\/uploads\/2025\/08\/gt_1-cta-1photofull_005.webp)\"><\/div><span aria-hidden=\"true\" class=\"wp-block-cover__background has-custom-color-4-background-color has-background-dim\"><\/span><div class=\"wp-block-cover__inner-container has-global-padding is-layout-constrained wp-block-cover-is-layout-constrained\">\n<p class=\"has-text-align-center has-large-font-size\"><\/p>\n<\/div><\/div>\n\n\n\n<div data-swiper=\"{&quot;speed&quot;:1000,&quot;autoplay&quot;:{&quot;delay&quot;:5000,&quot;disableOnInteraction&quot;:false},&quot;spaceBetween&quot;:0,&quot;slidesPerView&quot;:1,&quot;pagination&quot;:{&quot;el&quot;:&quot;.swiper-pagination&quot;,&quot;dynamicBullets&quot;:true,&quot;clickable&quot;:true,&quot;type&quot;:&quot;bullets&quot;},&quot;navigation&quot;:{&quot;nextEl&quot;:&quot;.swiper-button-next&quot;,&quot;prevEl&quot;:&quot;.swiper-button-prev&quot;},&quot;breakpoints&quot;:[{&quot;slidesPerView&quot;:1}]}\" class=\"wp-block-cover has-parallax gt-gsap-fadeIn\" style=\"border-bottom-left-radius:90px;border-bottom-right-radius:90px;min-height:100vh;aspect-ratio:unset;\"><div role=\"img\" aria-label=\"camping normandie avec piscine\" class=\"wp-block-cover__image-background wp-image-1743 size-full has-parallax\" style=\"background-position:50% 50%;background-image:url(https:\/\/www.camping-utahbeach.com\/wp-content\/uploads\/2025\/11\/camping-normandie-avec-piscine.jpg)\"><\/div><span aria-hidden=\"true\" class=\"wp-block-cover__background has-custom-color-4-background-color has-background-dim\"><\/span><div class=\"wp-block-cover__inner-container has-global-padding is-layout-constrained wp-block-cover-is-layout-constrained\">\n<p class=\"has-text-align-center has-large-font-size\"><\/p>\n<\/div><\/div>\n<\/div>\n\n\n\n<div class=\"wp-block-columns absolute-content is-layout-flex wp-container-core-columns-is-layout-28f84493 wp-block-columns-is-layout-flex\">\n<div class=\"wp-block-column is-layout-flow wp-block-column-is-layout-flow\">\n<h2 class=\"wp-block-heading has-base-2-color has-text-color has-link-color wp-elements-08287d1a40c284bb0ff6aace4026a505\"><strong>Campingplatz mit Wasserrutschen<\/strong> in der Normandie<\/h2>\n\n\n\n<p class=\"has-base-2-color has-text-color has-link-color wp-elements-a81611329ecf82c3c34c2bffba8911a6\">Stellen Sie sich vor, Sie k\u00f6nnten sich am Rande eines Pools entspannen oder Momente des Vergn\u00fcgens mit Ihren Kindern genie\u00dfen, nachdem Sie einen sch\u00f6nen Tag an den <a href=\"https:\/\/www.camping-utahbeach.com\/de\/campingplatz-am-landungsstrand-in-der-normandie\/\" data-type=\"page\" data-id=\"1094\">Landungsstr\u00e4nden<\/a> verbracht oder die wundersch\u00f6ne Region Normandie entdeckt haben. Tr\u00e4umen Sie davon? Nun, wissen Sie, dass dies dank Ihres <strong>Campingplatzes mit Pool in der Normandie<\/strong> m\u00f6glich ist!  <\/p>\n\n\n\n<p class=\"has-base-2-color has-text-color has-link-color wp-elements-7babf8b89b4686cccf6b6dd2e5674393\">Der <strong>Wasserpark des Campingplatzes<\/strong> Utah Beach ist ein Bereich, der f\u00fcr die ganze Familie konzipiert wurde. Das <strong>\u00fcberdachte und beheizte Schwimmbad<\/strong> wird w\u00e4hrend Ihres gesamten Aufenthalts, selbst bei Regenwetter, der Lieblingsspielplatz der Kinder sein. <\/p>\n\n\n\n<p class=\"has-base-2-color has-text-color has-link-color wp-elements-54febacaee250406f543c9ccd552018e\">Ab dem 1. Juni sorgt eine <strong>riesige Wasserrutsche<\/strong> f\u00fcr Freude bei Gro\u00df und Klein! Zahlreiches spielerisches und farbenfrohes Poolzubeh\u00f6r steht der ganzen Familie zur Verf\u00fcgung. Und w\u00e4hrend die Kinder Spa\u00df haben, ruhen sich die Eltern auf den Liegest\u00fchlen aus, die Ihnen Ihr Campingplatz zur Verf\u00fcgung stellt. Mit einem Aufenthalt auf unserem Campingplatz in der N\u00e4he von <a href=\"https:\/\/www.camping-utahbeach.com\/camping-proche-de-sainte-mere-eglise\/\">Sainte-M\u00e8re-\u00c9glise<\/a> haben Sie die Garantie f\u00fcr einen unvergesslichen Urlaub. Zudem besteht kein Risiko, dass sich die Kinder langweilen, da der Pool t\u00e4glich von 11:00 bis 20:00 Uhr ge\u00f6ffnet ist!    <\/p>\n<\/div>\n\n\n\n<div class=\"wp-block-column is-vertically-aligned-center is-layout-flow wp-block-column-is-layout-flow\"><\/div>\n<\/div>\n<\/section>\n\n<section class=\"wp-block-group gt_avis_008 page-three is-layout-flow wp-block-group-is-layout-flow\">\n<div class=\"wp-block-columns alignwide bottom has-background is-layout-flex wp-container-core-columns-is-layout-2daa7c6a wp-block-columns-is-layout-flex\" style=\"border-radius:0px;background-color:rgba(255,255,255,1);margin-top:0px;margin-right:0px;margin-bottom:0px;margin-left:0px;padding-top:0;padding-right:var(--wp--preset--spacing--40);padding-bottom:var(--wp--preset--spacing--50);padding-left:0px\">\n<div class=\"wp-block-column is-vertically-aligned-center is-layout-flow wp-block-column-is-layout-flow\" style=\"flex-basis:55%\">\n<figure class=\"wp-block-image size-full has-custom-border blob-image gt-gsap-fadeIn\" style=\"margin-top:0px;margin-right:0px;margin-bottom:0px;margin-left:0px\"><img decoding=\"async\" width=\"1015\" height=\"994\" src=\"https:\/\/www.camping-utahbeach.com\/wp-content\/uploads\/2025\/10\/camping-normandie-avec-toboggans.png\" alt=\"Campingplatz Normandie mit Wasserrutschen\" class=\"wp-image-1353\" style=\"border-bottom-right-radius:90px\" srcset=\"https:\/\/www.camping-utahbeach.com\/wp-content\/uploads\/2025\/10\/camping-normandie-avec-toboggans.png 1015w, https:\/\/www.camping-utahbeach.com\/wp-content\/uploads\/2025\/10\/camping-normandie-avec-toboggans-300x294.png 300w, https:\/\/www.camping-utahbeach.com\/wp-content\/uploads\/2025\/10\/camping-normandie-avec-toboggans-768x752.png 768w\" sizes=\"(max-width: 1015px) 100vw, 1015px\" \/><\/figure>\n<\/div>\n\n\n\n<div class=\"wp-block-column is-vertically-aligned-center has-base-2-background-color has-background is-layout-flow wp-block-column-is-layout-flow\" style=\"flex-basis:45%\">\n<h2 class=\"wp-block-heading\"><strong>Wasseraktivit\u00e4ten<\/strong> auf dem Campingplatz im Departement Manche<\/h2>\n\n\n\n<p>(Wasserrutsche ge\u00f6ffnet ab <strong>dem ersten Juni<\/strong>.) )<\/p>\n\n\n\n<p>Haben Sie Lust auf ein Wochenende oder einen Urlaub am Wasser? Ihr <strong>Campingplatz in der Normandie mit Pool<\/strong> bietet Ihnen die M\u00f6glichkeit, sein gro\u00dfes \u00fcberdachtes und beheiztes Becken sowie die zahlreichen organisierten Wasseraktivit\u00e4ten zu nutzen. <\/p>\n\n\n    <div id=\"gt-fse-lire-plus-69ff50fbae588\" class=\"gt-fse-lire-plus\" data-min-height=\"130\" style=\"background-color: #fff;\">\n        <input id=\"gt-fse-lire-plus-69ff50fbae588-toggle\" type=\"checkbox\" class=\"gt-fse-lire-plus__toggle\" \/>\n        <label for=\"gt-fse-lire-plus-69ff50fbae588-toggle\" class=\"gt-fse-lire-plus__toggle-label\">\n            <span>Lire plus<\/span>\n            <span>Lire moins<\/span>\n        <\/label>\n        <div class=\"gt-fse-lire-plus__content\" style=\"height: 130px;\">\n            \n\n<p>Lust auf eine kleine Runde Wasserball mit Freunden? Auf zum Wasserpark des Campingplatzes Utah Beach, wo Sie in spannenden Partien trainieren k\u00f6nnen. \u00dcbrigens: Nur weil Sie im Urlaub sind, hei\u00dft das nicht, dass Sie nicht sportlich aktiv sein k\u00f6nnen! Um fit zu bleiben, z\u00f6gern Sie nicht, den Pool Ihres normannischen Campingplatzes f\u00fcr Wassergymnastik zu nutzen.   <\/p>\n\n\n\n<p>Die Wasserrutschen unseres <strong>Campingplatzes in der Normandie mit Pool<\/strong>, die Ihnen zur Verf\u00fcgung stehen, sind ebenfalls eine tolle M\u00f6glichkeit f\u00fcr Familienspa\u00df, unabh\u00e4ngig von Ihrem Alter. <strong>Die Rutschen befinden sich in einem vom Schwimmbad getrennten Bereich, sodass jeder die Einrichtungen in aller Ruhe genie\u00dfen kann.<\/strong> Nat\u00fcrlich k\u00f6nnen Sie sich nach einem sch\u00f6nen Besichtigungstag unter der normannischen Sonne auf den Liegest\u00fchlen am Pool entspannen. Nutzen Sie die Gelegenheit, um sich um sich selbst und Ihren Teint zu k\u00fcmmern oder um endlich den Roman zu Ende zu lesen, f\u00fcr den Sie sonst nie Zeit haben. <\/p>\n\n\n\n<p><br\/><\/p>\n\n            <div class=\"gt-fse-lire-plus__gradient\" style=\"background: linear-gradient(to bottom,rgba(255,255,255,0) 0%,rgba(255,255,255,1) 100%);\"><\/div>\n        <\/div>\n    <\/div>\n    <\/div>\n<\/div>\n<\/section>\n\n<section class=\"wp-block-group gt_1-cta-1photo_006 page-one has-base-2-background-color has-background is-layout-flow wp-block-group-is-layout-flow\">\n<div class=\"wp-block-columns top is-layout-flex wp-container-core-columns-is-layout-28f84493 wp-block-columns-is-layout-flex\">\n<div class=\"wp-block-column is-vertically-aligned-top left is-layout-flow wp-block-column-is-layout-flow\">\n<h2 class=\"wp-block-heading has-text-align-left\">Infos zur Nutzung des <strong>Schwimmbads auf dem Campingplatz in der Normandie<\/strong><\/h2>\n\n\n\n<p>Das Schwimmbad ist t\u00e4glich von 11:00 bis 20:00 Uhr ge\u00f6ffnet.<\/p>\n\n\n\n<p>Die Wasserlandschaft des Campingplatzes Utah Beach in der Normandie ist eine wahre Oase der Ruhe f\u00fcr alle Mitglieder Ihrer Familie. Wenn Sie einen Mini-Freizeitpark suchen, sind Sie hier genau richtig. Der Camping Paradis Utah Beach bietet ihn Ihnen f\u00fcr Ihren <a href=\"https:\/\/www.camping-utahbeach.com\/de\/gunstiger-campingplatz-in-der-normandie-manche\/\" data-type=\"page\" data-id=\"63\">Urlaub zum kleinen Preis<\/a> dank  <\/p>\n\n\n    <div id=\"gt-fse-lire-plus-69ff50fbaed3a\" class=\"gt-fse-lire-plus\" data-min-height=\"130\" style=\"background-color: #fff;\">\n        <input id=\"gt-fse-lire-plus-69ff50fbaed3a-toggle\" type=\"checkbox\" class=\"gt-fse-lire-plus__toggle\" \/>\n        <label for=\"gt-fse-lire-plus-69ff50fbaed3a-toggle\" class=\"gt-fse-lire-plus__toggle-label\">\n            <span>Lire plus<\/span>\n            <span>Lire moins<\/span>\n        <\/label>\n        <div class=\"gt-fse-lire-plus__content\" style=\"height: 130px;\">\n            \n\n<ul class=\"wp-block-list\">\n<li>seines <strong>beheizten und \u00fcberdachten Schwimmbads<\/strong>, das auch bei schlechtem Wetter in der Normandie sehr gesch\u00e4tzt wird,<\/li>\n\n\n\n<li>mit seiner <strong>Wasserrutsche<\/strong>, die alle Mitglieder Ihrer Familie unterhalten wird.<\/li>\n<\/ul>\n\n\n\n<p>Kommen Sie also und finden Sie eine wahre Oase der Frische und Sanftheit auf unserem Campingplatz in der Normandie mit Pool, wo Sie schnell Gefallen und Freude an diesen Momenten der Entspannung finden werden. Das ist wahrhaftig Urlaub!! <\/p>\n\n\n\n<ul class=\"wp-block-list\">\n<li>Der Verzehr von Getr\u00e4nken und Speisen im Poolbereich ist untersagt.<\/li>\n\n\n\n<li>Der Zugang zum Schwimmbad ist <strong>kostenlos<\/strong>.<\/li>\n\n\n\n<li>Das Tragen von Badeslips ist obligatorisch.<\/li>\n\n\n\n<li>Das Baden ist <strong>unbeaufsichtigt<\/strong> (unter der Verantwortung der Eltern).<\/li>\n\n\n\n<li><strong>Schlie\u00dff\u00e4cher<\/strong> stehen Ihnen am Eingang des Schwimmbads zur Verf\u00fcgung. <strong>Sonnenliegen<\/strong> stehen Ihnen am Poolrand zum Entspannen und Sonnenbaden zur Verf\u00fcgung. <\/li>\n\n\n\n<li>Badeshorts sind verboten, und Minderj\u00e4hrige m\u00fcssen von ihren Eltern begleitet werden. <\/li>\n\n\n\n<li><strong>Automatische Dusche am Eingang<\/strong>, betreten Sie den Bereich also nicht in Stra\u00dfenkleidung, da sonst eine kleine Dusche auf Sie wartet!<\/li>\n\n\n\n<li><strong>Schwimmbad ge\u00f6ffnet <\/strong>ab dem <strong>ersten Aprilwochenende<\/strong>.<\/li>\n\n\n\n<li><strong>Wasserrutsche ge\u00f6ffnet<\/strong> ab dem <strong>ersten Juni<\/strong>.<\/li>\n<\/ul>\n\n            <div class=\"gt-fse-lire-plus__gradient\" style=\"background: linear-gradient(to bottom,rgba(255,255,255,0) 0%,rgba(255,255,255,1) 100%);\"><\/div>\n        <\/div>\n    <\/div>\n    <\/div>\n\n\n\n<div class=\"wp-block-column right is-layout-flow wp-block-column-is-layout-flow\">\n<figure class=\"wp-block-image alignright size-full gt-gsap-fadeIn\"><img decoding=\"async\" width=\"1015\" height=\"994\" src=\"https:\/\/www.camping-utahbeach.com\/wp-content\/uploads\/2025\/10\/camping-utah-beach-avec-piscine.png\" alt=\"Campingplatz Utah Beach mit Pool\" class=\"wp-image-1342\" srcset=\"https:\/\/www.camping-utahbeach.com\/wp-content\/uploads\/2025\/10\/camping-utah-beach-avec-piscine.png 1015w, https:\/\/www.camping-utahbeach.com\/wp-content\/uploads\/2025\/10\/camping-utah-beach-avec-piscine-300x294.png 300w, https:\/\/www.camping-utahbeach.com\/wp-content\/uploads\/2025\/10\/camping-utah-beach-avec-piscine-768x752.png 768w\" sizes=\"(max-width: 1015px) 100vw, 1015px\" \/><\/figure>\n<\/div>\n<\/div>\n<\/section>\n\n<section class=\"wp-block-group page-maillage has-custom-color-5-background-color has-background has-global-padding is-layout-constrained wp-block-group-is-layout-constrained\">\n<div class=\"wp-block-group titre-personnalis\u00e9 has-global-padding is-layout-constrained wp-block-group-is-layout-constrained\" style=\"line-height:1\">\n<p class=\"h1-like has-custom-color-1-color has-text-color has-link-color wp-elements-f612d8fa916773988ea39a6ac58a950b\" style=\"font-size:clamp(54.054px, 3.378rem + ((1vw - 3.2px) * 4.548), 110px);font-style:normal;font-weight:300;text-transform:uppercase\">Entdecken Sie <br\/><span>die Aktivit\u00e4ten!<\/span><\/p>\n<\/div>\n\n\n\n<div class=\"wp-block-query gt-gsap-fadeInUp is-layout-flow wp-block-query-is-layout-flow\"><ul class=\"wp-block-post-template is-layout-flow wp-block-post-template-is-layout-flow\"><li class=\"wp-block-post post-219087 page type-page status-publish has-post-thumbnail hentry\">\n\n<figure class=\"wp-block-image\"><img decoding=\"async\" src=\"https:\/\/www.camping-utahbeach.com\/wp-content\/uploads\/2025\/10\/animation-au-camping-utah-beach.png\" title=\"https:\/\/www.camping-utahbeach.com\/wp-content\/uploads\/2025\/10\/animation-au-camping-utah-beach.png\" alt=\"\"\/><\/figure>\n\n\n\n<p class=\"has-text-align-center has-custom-color-1-color has-base-2-background-color has-text-color has-background has-link-color wp-elements-499f11dee7406d0a4fbf5f81e85a1d8e\" style=\"border-radius:50px;font-size:clamp(16.293px, 1.018rem + ((1vw - 3.2px) * 0.708), 25px);font-style:normal;font-weight:500;text-transform:uppercase\">Animationen<\/p>\n\n\n<a class=\"is-style-lien-cover wp-block-read-more\" href=\"https:\/\/www.camping-utahbeach.com\/de\/camping-animationen-normandie\/\" target=\"_self\">Weiterlesen<span class=\"screen-reader-text\">: Animation<\/span><\/a>\n<\/li><li class=\"wp-block-post post-219127 page type-page status-publish has-post-thumbnail hentry\">\n\n<figure class=\"wp-block-image\"><img decoding=\"async\" src=\"https:\/\/www.camping-utahbeach.com\/wp-content\/uploads\/2026\/03\/utah-beach-bord-de-mer.jpg\" title=\"https:\/\/www.camping-utahbeach.com\/wp-content\/uploads\/2026\/03\/utah-beach-bord-de-mer.jpg\" alt=\"\"\/><\/figure>\n\n\n\n<p class=\"has-text-align-center has-custom-color-1-color has-base-2-background-color has-text-color has-background has-link-color wp-elements-499f11dee7406d0a4fbf5f81e85a1d8e\" style=\"border-radius:50px;font-size:clamp(16.293px, 1.018rem + ((1vw - 3.2px) * 0.708), 25px);font-style:normal;font-weight:500;text-transform:uppercase\">Meeresufer<\/p>\n\n\n<a class=\"is-style-lien-cover wp-block-read-more\" href=\"https:\/\/www.camping-utahbeach.com\/de\/camping-am-meer-in-der-normandie\/\" target=\"_self\">Weiterlesen<span class=\"screen-reader-text\">: Meeresufer<\/span><\/a>\n<\/li><li class=\"wp-block-post post-219101 page type-page status-publish has-post-thumbnail hentry\">\n\n<figure class=\"wp-block-image\"><img decoding=\"async\" src=\"https:\/\/www.camping-utahbeach.com\/wp-content\/uploads\/2025\/10\/camping-au-meilleur-prix-normandie.webp\" title=\"https:\/\/www.camping-utahbeach.com\/wp-content\/uploads\/2025\/10\/camping-au-meilleur-prix-normandie.webp\" alt=\"\"\/><\/figure>\n\n\n\n<p class=\"has-text-align-center has-custom-color-1-color has-base-2-background-color has-text-color has-background has-link-color wp-elements-499f11dee7406d0a4fbf5f81e85a1d8e\" style=\"border-radius:50px;font-size:clamp(16.293px, 1.018rem + ((1vw - 3.2px) * 0.708), 25px);font-style:normal;font-weight:500;text-transform:uppercase\">Preise<\/p>\n\n\n<a class=\"is-style-lien-cover wp-block-read-more\" href=\"https:\/\/www.camping-utahbeach.com\/de\/gunstiger-campingplatz-in-der-normandie-manche\/\" target=\"_self\">Weiterlesen<span class=\"screen-reader-text\">: Preise<\/span><\/a>\n<\/li><\/ul><\/div>\n<\/section>\n","protected":false},"excerpt":{"rendered":"<p>Campingplatz in der Normandie mit Pool \u00dcberdachtes, beheiztes Schwimmbad f\u00fcr Familienspa\u00df (Schwimmbad ge\u00f6ffnet ab dem ersten Aprilwochenende) Suchen Sie einen Campingplatz in der Normandie mit Pool?Unter der Sonne der Normandie wird das \u00fcberdachte und beheizte Schwimmbad des Campingplatzes sehr gesch\u00e4tzt! Alle Mitglieder Ihrer Familie werden begeistert sein. Sie finden eine wahre Oase der Frische und [&hellip;]<\/p>\n","protected":false},"author":1,"featured_media":1348,"parent":0,"menu_order":0,"comment_status":"closed","ping_status":"closed","template":"","meta":{"_acf_changed":false,"_seopress_robots_primary_cat":"","_seopress_titles_title":"Campingplatz in der Normandie mit Pool | \u00dcberdachtes und beheiztes Schwimmbad","_seopress_titles_desc":"","_seopress_robots_index":"","inline_featured_image":false,"gt_fse_maillage_image":"https:\/\/www.camping-utahbeach.com\/wp-content\/uploads\/2025\/10\/camping-en-normandie-avec-piscine-chaufee.png","gt_fse_maillage_titre":"Das Schwimmbad","gt_fse_maillage_alt":"Campingplatz in der Normandie mit beheiztem Pool","gt_fse_maillage_resume":"","footnotes":""},"categories":[],"tags":[],"class_list":["post-219105","page","type-page","status-publish","has-post-thumbnail","hentry"],"acf":[],"_links":{"self":[{"href":"https:\/\/www.camping-utahbeach.com\/de\/wp-json\/wp\/v2\/pages\/219105","targetHints":{"allow":["GET"]}}],"collection":[{"href":"https:\/\/www.camping-utahbeach.com\/de\/wp-json\/wp\/v2\/pages"}],"about":[{"href":"https:\/\/www.camping-utahbeach.com\/de\/wp-json\/wp\/v2\/types\/page"}],"author":[{"embeddable":true,"href":"https:\/\/www.camping-utahbeach.com\/de\/wp-json\/wp\/v2\/users\/1"}],"replies":[{"embeddable":true,"href":"https:\/\/www.camping-utahbeach.com\/de\/wp-json\/wp\/v2\/comments?post=219105"}],"version-history":[{"count":5,"href":"https:\/\/www.camping-utahbeach.com\/de\/wp-json\/wp\/v2\/pages\/219105\/revisions"}],"predecessor-version":[{"id":219727,"href":"https:\/\/www.camping-utahbeach.com\/de\/wp-json\/wp\/v2\/pages\/219105\/revisions\/219727"}],"wp:featuredmedia":[{"embeddable":true,"href":"https:\/\/www.camping-utahbeach.com\/de\/wp-json\/wp\/v2\/media\/1348"}],"wp:attachment":[{"href":"https:\/\/www.camping-utahbeach.com\/de\/wp-json\/wp\/v2\/media?parent=219105"}],"wp:term":[{"taxonomy":"category","embeddable":true,"href":"https:\/\/www.camping-utahbeach.com\/de\/wp-json\/wp\/v2\/categories?post=219105"},{"taxonomy":"post_tag","embeddable":true,"href":"https:\/\/www.camping-utahbeach.com\/de\/wp-json\/wp\/v2\/tags?post=219105"}],"curies":[{"name":"wp","href":"https:\/\/api.w.org\/{rel}","templated":true}]}}