{"id":219109,"date":"2025-08-19T15:18:25","date_gmt":"2025-08-19T13:18:25","guid":{"rendered":"https:\/\/www.camping-utahbeach.com\/services-camping-normandie\/"},"modified":"2026-04-22T17:13:32","modified_gmt":"2026-04-22T15:13:32","slug":"serviceleistungen-campingangebote-in-der-normandie","status":"publish","type":"page","link":"https:\/\/www.camping-utahbeach.com\/de\/serviceleistungen-campingangebote-in-der-normandie\/","title":{"rendered":"Unsere Serviceleistungen"},"content":{"rendered":"\n<section class=\"wp-block-group gt_1-cta-1photo_006 page-one has-custom-color-5-background-color has-background is-layout-flow wp-block-group-is-layout-flow\">\n<h1 class=\"wp-block-heading has-text-align-center\" style=\"padding-bottom:var(--wp--preset--spacing--20)\"><strong>Serviceleistungen und Bar mit Ambiente<\/strong> am Utah Beach in der Normandie<\/h1>\n\n\n\n<div class=\"wp-block-group has-global-padding is-layout-constrained wp-container-core-group-is-layout-4f37d01c wp-block-group-is-layout-constrained\" style=\"margin-top:0;margin-bottom:var(--wp--preset--spacing--30);padding-right:4rem;padding-left:4rem\">\n<p class=\"has-text-align-center\">Nicht mehr rennen, durchatmen, sich die Zeit nehmen, einen echten Urlaub im eigenen Rhythmus zu genie\u00dfen\u2026 <\/p>\n\n\n\n<p class=\"has-text-align-center\">Um Ihnen den Urlaub zu erleichtern, finden Sie hier einige Serviceleistungen Ihres <a href=\"https:\/\/www.camping-utahbeach.com\/de\/\" data-type=\"page\" data-id=\"22\">Campings Utah Beach in der Normandie<\/a>!<\/p>\n<\/div>\n\n\n\n<div class=\"wp-block-columns top is-layout-flex wp-container-core-columns-is-layout-28f84493 wp-block-columns-is-layout-flex\">\n<div class=\"wp-block-column is-vertically-aligned-top left is-layout-flow wp-block-column-is-layout-flow\">\n<h2 class=\"wp-block-heading has-text-align-left\">Camping-Serviceleistungen in <strong>Sainte-Marie-du-Mont<\/strong><\/h2>\n\n\n\n<details class=\"gt-fse-faq wp-block-gt-gt-fse-faq\" data-wp-interactive=\"gt-fse-faq\" data-wp-context='{ \"isOpen\": false }'>\n\t<summary aria-expanded=\"false\" class=\"gt-fse-faq-summary\" data-wp-on--click=\"actions.toggle\" data-wp-bind--aria-expanded=\"context.isOpen\">\n\t\t<div class=\"gt-fse-faq-summary-text\">WLAN<\/div>\n\t\t<span class=\"gt-fse-faq-opener\"><\/span>\n\t<\/summary>\n\t<div class=\"gt-fse-faq-content\">\n\t\t\n\n<p>Der Camping Paradis d\u2019Utah Beach ist <strong>vollst\u00e4ndig durch das WLAN-Netz abgedeckt<\/strong>. So stellen wir Ihnen eine Internetverbindung auf Ihrem <a href=\"https:\/\/www.camping-utahbeach.com\/de\/wohnwagenstellplatz-in-der-normandie\/\">Stellplatz<\/a>, in Ihrem <a href=\"https:\/\/www.camping-utahbeach.com\/de\/mobilheim-vermietung-normandie\/\">Cottage<\/a> oder Ihrem <a href=\"https:\/\/www.camping-utahbeach.com\/de\/location-chalet-normandie\/\">Chalet<\/a> zur Verf\u00fcgung, damit Sie \u00fcber Ihr Telefon, Ihren Computer oder Ihr Tablet mit Ihrer Familie oder Ihren Freunden in Kontakt bleiben k\u00f6nnen. <\/p>\n\n\t<\/div>\n<\/details>\n\n\n<details class=\"gt-fse-faq wp-block-gt-gt-fse-faq\" data-wp-interactive=\"gt-fse-faq\" data-wp-context='{ \"isOpen\": false }'>\n\t<summary aria-expanded=\"false\" class=\"gt-fse-faq-summary\" data-wp-on--click=\"actions.toggle\" data-wp-bind--aria-expanded=\"context.isOpen\">\n\t\t<div class=\"gt-fse-faq-summary-text\">Lebensmittelgesch\u00e4ft<\/div>\n\t\t<span class=\"gt-fse-faq-opener\"><\/span>\n\t<\/summary>\n\t<div class=\"gt-fse-faq-content\">\n\t\t\n\n<p>M\u00f6chten Sie noch etwas f\u00fcr Ihr <strong>Picknick<\/strong> einkaufen <strong>?<\/strong><br\/>Haben Sie jeden Morgen Lust auf frisches Brot und Geb\u00e4ck? <br\/><br\/>Der Lebensmittelladen des Campingplatzes ist in der Nebensaison von 9.00 bis 12.00 Uhr und von 15.00 bis 19.00 Uhr ge\u00f6ffnet, in der Hauptsaison von 8.00 bis 12.00 Uhr und von 15.00 bis 22.00 Uhr.<br\/>(Hausgemachtes Fr\u00fchst\u00fcck 6,50 \u20ac\/Pers)<\/p>\n\n\t<\/div>\n<\/details>\n\n\n<details class=\"gt-fse-faq wp-block-gt-gt-fse-faq\" data-wp-interactive=\"gt-fse-faq\" data-wp-context='{ \"isOpen\": false }'>\n\t<summary aria-expanded=\"false\" class=\"gt-fse-faq-summary\" data-wp-on--click=\"actions.toggle\" data-wp-bind--aria-expanded=\"context.isOpen\">\n\t\t<div class=\"gt-fse-faq-summary-text\">Sanit\u00e4ranlagen \/ W\u00e4scherei<\/div>\n\t\t<span class=\"gt-fse-faq-opener\"><\/span>\n\t<\/summary>\n\t<div class=\"gt-fse-faq-content\">\n\t\t\n\n<p>F\u00fcr Ihre W\u00e4sche k\u00f6nnen Sie den Waschsalon nutzen, der sich im Block in der N\u00e4he der Rezeption befindet.<\/p>\n\n\n\n<p>Preise der Maschinen:<br\/>Waschmaschine: 4 \u20ac<br\/>W\u00e4schetrockner: 3,50 \u20ac<\/p>\n\n\t<\/div>\n<\/details>\n\n\n<details class=\"gt-fse-faq wp-block-gt-gt-fse-faq\" data-wp-interactive=\"gt-fse-faq\" data-wp-context='{ \"isOpen\": false }'>\n\t<summary aria-expanded=\"false\" class=\"gt-fse-faq-summary\" data-wp-on--click=\"actions.toggle\" data-wp-bind--aria-expanded=\"context.isOpen\">\n\t\t<div class=\"gt-fse-faq-summary-text\">Full Frigo: (Einkauf bei Ihrer Ankunft bereits in Ihrem K\u00fchlschrank) <\/div>\n\t\t<span class=\"gt-fse-faq-opener\"><\/span>\n\t<\/summary>\n\t<div class=\"gt-fse-faq-content\">\n\t\t\n\n<p>Um Ihre Ankunft entspannt vorzubereiten, k\u00f6nnen Sie Ihre Eink\u00e4ufe von zu Hause aus \u00fcber den Drive des Carrefour in Carentan erledigen, der dem Campingplatz am n\u00e4chsten liegt. Wir k\u00fcmmern uns um den Rest! Wir holen Ihre Eink\u00e4ufe ab und r\u00e4umen sie in Ihrer Unterkunft ein, damit Sie stressfrei ankommen k\u00f6nnen.  <\/p>\n\n\t<\/div>\n<\/details>\n\n\n<details class=\"gt-fse-faq wp-block-gt-gt-fse-faq\" data-wp-interactive=\"gt-fse-faq\" data-wp-context='{ \"isOpen\": false }'>\n\t<summary aria-expanded=\"false\" class=\"gt-fse-faq-summary\" data-wp-on--click=\"actions.toggle\" data-wp-bind--aria-expanded=\"context.isOpen\">\n\t\t<div class=\"gt-fse-faq-summary-text\">Zus\u00e4tzliche Mietoptionen<\/div>\n\t\t<span class=\"gt-fse-faq-opener\"><\/span>\n\t<\/summary>\n\t<div class=\"gt-fse-faq-content\">\n\t\t\n\n<ul class=\"wp-block-list\">\n<li>Miete eines K\u00fchlschranks: 7 \u20ac pro Tag<\/li>\n\n\n\n<li>FULL FRIGO (Einkauf bei Ihrer Ankunft bereits in Ihrem K\u00fchlschrank) 20,00 \u20ac<br\/><\/li>\n<\/ul>\n\n\n\n<ul class=\"wp-block-list\">\n<li>Kinderbett, das vor dem Ankunftsdatum gebucht wurde 3,00 \u20ac\/Tag<\/li>\n\n\n\n<li>Kinderstuhl bei der Buchung bestellt 3,00 \u20ac\/Tag<\/li>\n\n\n\n<li>Baby-Paket (Bett+Stuhl+Badewanne) 8,00 \u20ac\/Tag<\/li>\n<\/ul>\n\n\n\n<ul class=\"wp-block-list\">\n<li>Komfortpaket 5-6 Personen (Betten bei Ankunft gemacht + Handt\u00fccher vorhanden) 155,00 \u20ac.<\/li>\n\n\n\n<li>Komfortpaket 2-4 Personen (Betten bei Ankunft gemacht + Handt\u00fccher vorhanden) 129,00 \u20ac.<\/li>\n\n\n\n<li>Komfortpaket 1-2 Personen (Betten bei Ankunft bezogen + Handt\u00fccher vorhanden) 90,00 \u20ac.<\/li>\n\n\n\n<li>W\u00e4schepaket 1-2 Pers. (Bettw\u00e4sche + Handt\u00fccher) 25,00 \u20ac.<\/li>\n\n\n\n<li>W\u00e4schepaket 3-4 Personen (Bettw\u00e4sche + Handt\u00fccher) 45,00 \u20ac.<\/li>\n\n\n\n<li>W\u00e4schepaket 5-6 Personen (Bettw\u00e4sche + Handt\u00fccher) 65,00 \u20ac.<\/li>\n\n\n\n<li>Handtuchpaket 15,00 \u20ac\/Person<\/li>\n<\/ul>\n\n\n\n<ul class=\"wp-block-list\">\n<li>Miete von Bettw\u00e4sche (f\u00fcr 90er Bett) 8,00 \u20ac\/St\u00fcck<\/li>\n\n\n\n<li>Vermietung von Bettlaken (140) 10,00 \u20ac\/St\u00fcck<\/li>\n\n\n\n<li>Reinigungspauschale 100,00 \u20ac<\/li>\n<\/ul>\n\n\t<\/div>\n<\/details>\n\n\n<p>Ein Wickelbereich f\u00fcr Babys steht Ihnen in den Sanit\u00e4ranlagen des 2. Campingplatzes zur Verf\u00fcgung.<\/p>\n\n\n\n<p>Eine Dusche f\u00fcr Behinderte steht in der Sanit\u00e4ranlage des 5.<\/p>\n<\/div>\n\n\n\n<div class=\"wp-block-column right is-layout-flow wp-block-column-is-layout-flow\">\n<figure class=\"wp-block-image alignright size-full gt-gsap-fadeIn\"><img decoding=\"async\" width=\"928\" height=\"1120\" src=\"https:\/\/www.camping-utahbeach.com\/wp-content\/uploads\/2025\/11\/epicerie-utah-beach-services-du-camping.jpeg\" alt=\"Lebensmittelgesch&#xE4;ft Utah Beach Camping-Serviceleistungen\" class=\"wp-image-1689\" srcset=\"https:\/\/www.camping-utahbeach.com\/wp-content\/uploads\/2025\/11\/epicerie-utah-beach-services-du-camping.jpeg 928w, https:\/\/www.camping-utahbeach.com\/wp-content\/uploads\/2025\/11\/epicerie-utah-beach-services-du-camping-249x300.jpeg 249w, https:\/\/www.camping-utahbeach.com\/wp-content\/uploads\/2025\/11\/epicerie-utah-beach-services-du-camping-848x1024.jpeg 848w, https:\/\/www.camping-utahbeach.com\/wp-content\/uploads\/2025\/11\/epicerie-utah-beach-services-du-camping-768x927.jpeg 768w\" sizes=\"(max-width: 928px) 100vw, 928px\" \/><\/figure>\n<\/div>\n<\/div>\n<\/section>\n\n<section class=\"wp-block-group gt_avis_008 page-three is-layout-flow wp-block-group-is-layout-flow\">\n<div class=\"wp-block-columns alignwide bottom has-background is-layout-flex wp-container-core-columns-is-layout-2daa7c6a wp-block-columns-is-layout-flex\" style=\"border-radius:0px;background-color:rgba(255,255,255,1);margin-top:0px;margin-right:0px;margin-bottom:0px;margin-left:0px;padding-top:0;padding-right:var(--wp--preset--spacing--40);padding-bottom:var(--wp--preset--spacing--50);padding-left:0px\">\n<div class=\"wp-block-column is-vertically-aligned-center is-layout-flow wp-block-column-is-layout-flow\" style=\"flex-basis:55%\">\n<figure class=\"wp-block-image size-full has-custom-border blob-image avis-img gt-gsap-fadeIn\" style=\"margin-top:0px;margin-right:0px;margin-bottom:0px;margin-left:0px\"><img decoding=\"async\" width=\"1230\" height=\"692\" src=\"https:\/\/www.camping-utahbeach.com\/wp-content\/uploads\/2026\/03\/bar_3-615-378_upscayl_2x_upscayl-standard-4x.png\" alt=\"Bar Utah Beach\" class=\"wp-image-218983\" style=\"border-bottom-right-radius:90px\" srcset=\"https:\/\/www.camping-utahbeach.com\/wp-content\/uploads\/2026\/03\/bar_3-615-378_upscayl_2x_upscayl-standard-4x.png 1230w, https:\/\/www.camping-utahbeach.com\/wp-content\/uploads\/2026\/03\/bar_3-615-378_upscayl_2x_upscayl-standard-4x-300x169.png 300w, https:\/\/www.camping-utahbeach.com\/wp-content\/uploads\/2026\/03\/bar_3-615-378_upscayl_2x_upscayl-standard-4x-1024x576.png 1024w, https:\/\/www.camping-utahbeach.com\/wp-content\/uploads\/2026\/03\/bar_3-615-378_upscayl_2x_upscayl-standard-4x-768x432.png 768w\" sizes=\"(max-width: 1230px) 100vw, 1230px\" \/><\/figure>\n<\/div>\n\n\n\n<div class=\"wp-block-column is-vertically-aligned-center has-base-2-background-color has-background is-layout-flow wp-block-column-is-layout-flow\" style=\"flex-basis:45%\">\n<h2 class=\"wp-block-heading\">Angebot einer <strong>Bar mit Ambiente im Departement Manche<\/strong><\/h2>\n\n\n\n<h3 class=\"wp-block-heading\"><strong>Bar<\/strong><\/h3>\n\n\n\n<p>Weitere Dienstleistungen: Die Bar des 50&#8217;s Beach ist t\u00e4glich von 9 bis 12 Uhr und von 15 bis 19 Uhr in der Nebensaison und von 8 bis 12 Uhr und von 15 bis 23 Uhr in der Hauptsaison ge\u00f6ffnet. Erfahren Sie mehr \u00fcber <a href=\"https:\/\/www.camping-utahbeach.com\/de\/camping-animationen-normandie\/\" data-type=\"page\" data-id=\"655\">unsere Animationen<\/a>: <\/p>\n\n\n\n<ul class=\"wp-block-list\">\n<li>Konzerte<\/li>\n\n\n\n<li>Themenabende<\/li>\n\n\n\n<li>Tanzabende<\/li>\n\n\n\n<li>Lotto-Abende<\/li>\n<\/ul>\n\n\n\n<h3 class=\"wp-block-heading\"><strong>Pizzakiosk<\/strong><\/h3>\n\n\n\n<p>Verf\u00fcgbar rund um die Uhr<\/p>\n\n\n\n<p>Lust auf eine Pizza mittags, um 22:00 Uhr oder sogar mitten in der Nacht nach einem lebhaften Abend? Auf unserem <strong>Campingplatz in der Normandie<\/strong> ist das m\u00f6glich! Unser Selbstbedienungs-Pizzakiosk ist 24 Stunden am Tag, 7 Tage die Woche zug\u00e4nglich. Ein echtes Highlight f\u00fcr hungrige Urlauber, ob gro\u00df oder klein. W\u00e4hlen Sie Ihr Rezept, lassen Sie die Maschine den Rest erledigen\u2026 und genie\u00dfen Sie!    <\/p>\n\n\n\n<p>Hei\u00df, knusprig und in wenigen Minuten fertig \u2013 unsere Pizzas erfreuen jeden Appetit zu jeder Zeit. Dies ist ein <strong>seltener Service auf Campingpl\u00e4tzen<\/strong>, und hier machen wir daraus einen echten Moment des gemeinsamen Vergn\u00fcgens. Ideal f\u00fcr spontane Abende, nach der R\u00fcckkehr vom Strand oder f\u00fcr den kleinen Hunger sp\u00e4t in der Nacht!  <\/p>\n<\/div>\n<\/div>\n<\/section>\n\n<section class=\"wp-block-group gt_1-cta-1photofull_005 page-two is-layout-flow wp-block-group-is-layout-flow\">\n<div class=\"wp-block-group is-layout-flow wp-block-group-is-layout-flow\">\n<div data-swiper=\"{&quot;speed&quot;:1000,&quot;autoplay&quot;:{&quot;delay&quot;:5000,&quot;disableOnInteraction&quot;:false},&quot;spaceBetween&quot;:0,&quot;slidesPerView&quot;:1,&quot;pagination&quot;:{&quot;el&quot;:&quot;.swiper-pagination&quot;,&quot;dynamicBullets&quot;:true,&quot;clickable&quot;:true,&quot;type&quot;:&quot;bullets&quot;},&quot;navigation&quot;:{&quot;nextEl&quot;:&quot;.swiper-button-next&quot;,&quot;prevEl&quot;:&quot;.swiper-button-prev&quot;},&quot;breakpoints&quot;:[{&quot;slidesPerView&quot;:1}]}\" class=\"wp-block-cover is-light has-parallax gt-gsap-fadeIn\" style=\"border-bottom-left-radius:90px;border-bottom-right-radius:90px;min-height:100vh;aspect-ratio:unset;\"><div role=\"img\" aria-label=\"camping boulangerie a proximite normandie\" class=\"wp-block-cover__image-background wp-image-1259 size-full has-parallax\" style=\"background-position:50% 50%;background-image:url(https:\/\/www.camping-utahbeach.com\/wp-content\/uploads\/2025\/10\/camping-boulangerie-a-proximite-normandie.webp)\"><\/div><span aria-hidden=\"true\" class=\"wp-block-cover__background has-custom-color-4-background-color has-background-dim-20 has-background-dim\"><\/span><div class=\"wp-block-cover__inner-container has-global-padding is-layout-constrained wp-block-cover-is-layout-constrained\">\n<p class=\"has-text-align-center has-large-font-size\"><\/p>\n<\/div><\/div>\n<\/div>\n\n\n\n<div class=\"wp-block-columns absolute-content is-layout-flex wp-container-core-columns-is-layout-28f84493 wp-block-columns-is-layout-flex\">\n<div class=\"wp-block-column is-layout-flow wp-block-column-is-layout-flow\">\n<h2 class=\"wp-block-heading has-base-2-color has-text-color has-link-color wp-elements-cb3066ea1eb76f625630ab00978ad419\"><strong>Gesch\u00e4fte und Dienstleistungen<\/strong> in der N\u00e4he<\/h2>\n\n\n\n<p class=\"has-base-2-color has-text-color has-link-color wp-elements-f7382b52275106e35df713ef0bc5c26f\">Auf unserem Campingplatz in der Normandie ist alles darauf ausgerichtet, Ihnen das Leben zu erleichtern. Vor Ort genie\u00dfen Sie bereits eine echte kleine Schlemmer-Ecke: Das 50\u2019s Beach, unsere von den 50er Jahren inspirierte Bar, empf\u00e4ngt Sie in einem geselligen Vintage-Ambiente. T\u00e4glich ge\u00f6ffnet, ist es der ideale Ort, um sich bei einem Glas zu entspannen oder die k\u00f6stlichen hausgemachten Pizzas von S\u00e9verine und Lydie zu genie\u00dfen, die aus lokalen Produkten zubereitet werden.  <\/p>\n\n\n\n<p class=\"has-base-2-color has-text-color has-link-color wp-elements-a30f35062f8366702477f245bef02aa8\">Lust auf einen Snack zu jeder Zeit? Unser Selbstbedienungs-Pizzakiosk, der rund um die Uhr an 7 Tagen die Woche zug\u00e4nglich ist, ist da, um all Ihre W\u00fcnsche zu erf\u00fcllen, selbst die sp\u00e4testen! <\/p>\n\n\n\n<p class=\"has-base-2-color has-text-color has-link-color wp-elements-711ab7bf78c1222be7a06dfbfdee8391\">Und wenn Sie die Umgebung erkunden m\u00f6chten, kein Problem: Nur wenige Minuten entfernt finden Sie eine B\u00e4ckerei, einen Supermarkt, eine Apotheke, eine Tankstelle, einen lokalen Markt\u2026 alles, was man f\u00fcr einen praktischen und stressfreien Urlaub braucht.<\/p>\n<\/div>\n\n\n\n<div class=\"wp-block-column is-vertically-aligned-center is-layout-flow wp-block-column-is-layout-flow\"><\/div>\n<\/div>\n<\/section>\n\n<section class=\"wp-block-group page-maillage has-custom-color-5-background-color has-background has-global-padding is-layout-constrained wp-block-group-is-layout-constrained\">\n<div class=\"wp-block-group h1-like has-global-padding is-layout-constrained wp-block-group-is-layout-constrained\" style=\"line-height:1\">\n<p class=\"has-custom-color-1-color has-text-color has-link-color wp-elements-dfe9db8ad7efa44c93e9c8622fa1f722\" style=\"font-size:clamp(54.054px, 3.378rem + ((1vw - 3.2px) * 4.548), 110px);font-style:normal;font-weight:300;text-transform:uppercase\">Entdecken Sie <br\/><span>unsere Serviceleistungen!<\/span><\/p>\n<\/div>\n\n\n\n<div class=\"wp-block-query gt-gsap-fadeInUp is-layout-flow wp-block-query-is-layout-flow\"><ul class=\"wp-block-post-template is-layout-flow wp-block-post-template-is-layout-flow\"><li class=\"wp-block-post post-219087 page type-page status-publish has-post-thumbnail hentry\">\n\n<figure class=\"wp-block-image\"><img decoding=\"async\" src=\"https:\/\/www.camping-utahbeach.com\/wp-content\/uploads\/2025\/10\/animation-au-camping-utah-beach.png\" title=\"https:\/\/www.camping-utahbeach.com\/wp-content\/uploads\/2025\/10\/animation-au-camping-utah-beach.png\" alt=\"\"\/><\/figure>\n\n\n\n<p class=\"has-text-align-center has-custom-color-1-color has-base-2-background-color has-text-color has-background has-link-color wp-elements-499f11dee7406d0a4fbf5f81e85a1d8e\" style=\"border-radius:50px;font-size:clamp(16.293px, 1.018rem + ((1vw - 3.2px) * 0.708), 25px);font-style:normal;font-weight:500;text-transform:uppercase\">Animationen<\/p>\n\n\n<a class=\"is-style-lien-cover wp-block-read-more\" href=\"https:\/\/www.camping-utahbeach.com\/de\/camping-animationen-normandie\/\" target=\"_self\">Weiterlesen<span class=\"screen-reader-text\">: Animation<\/span><\/a>\n<\/li><li class=\"wp-block-post post-219105 page type-page status-publish has-post-thumbnail hentry\">\n\n<figure class=\"wp-block-image\"><img decoding=\"async\" src=\"https:\/\/www.camping-utahbeach.com\/wp-content\/uploads\/2025\/10\/camping-en-normandie-avec-piscine-chaufee.png\" title=\"https:\/\/www.camping-utahbeach.com\/wp-content\/uploads\/2025\/10\/camping-en-normandie-avec-piscine-chaufee.png\" alt=\"\"\/><\/figure>\n\n\n\n<p class=\"has-text-align-center has-custom-color-1-color has-base-2-background-color has-text-color has-background has-link-color wp-elements-499f11dee7406d0a4fbf5f81e85a1d8e\" style=\"border-radius:50px;font-size:clamp(16.293px, 1.018rem + ((1vw - 3.2px) * 0.708), 25px);font-style:normal;font-weight:500;text-transform:uppercase\">Das Schwimmbad<\/p>\n\n\n<a class=\"is-style-lien-cover wp-block-read-more\" href=\"https:\/\/www.camping-utahbeach.com\/de\/campingplatz-mit-schwimmbad-in-der-normandie\/\" target=\"_self\">Weiterlesen<span class=\"screen-reader-text\">: Das Schwimmbad<\/span><\/a>\n<\/li><li class=\"wp-block-post post-219133 page type-page status-publish has-post-thumbnail hentry\">\n\n<figure class=\"wp-block-image\"><img decoding=\"async\" src=\"https:\/\/www.camping-utahbeach.com\/wp-content\/uploads\/2025\/10\/location-mobilhome-normandie.webp\" title=\"https:\/\/www.camping-utahbeach.com\/wp-content\/uploads\/2025\/10\/location-mobilhome-normandie.webp\" alt=\"\"\/><\/figure>\n\n\n\n<p class=\"has-text-align-center has-custom-color-1-color has-base-2-background-color has-text-color has-background has-link-color wp-elements-499f11dee7406d0a4fbf5f81e85a1d8e\" style=\"border-radius:50px;font-size:clamp(16.293px, 1.018rem + ((1vw - 3.2px) * 0.708), 25px);font-style:normal;font-weight:500;text-transform:uppercase\">Unsere Mobilheime<\/p>\n\n\n<a class=\"is-style-lien-cover wp-block-read-more\" href=\"https:\/\/www.camping-utahbeach.com\/de\/mobilheim-vermietung-normandie\/\" target=\"_self\">Weiterlesen<span class=\"screen-reader-text\">: Unsere MH<\/span><\/a>\n<\/li><\/ul><\/div>\n<\/section>\n","protected":false},"excerpt":{"rendered":"<p>Serviceleistungen und Bar mit Ambiente am Utah Beach in der Normandie Nicht mehr rennen, durchatmen, sich die Zeit nehmen, einen echten Urlaub im eigenen Rhythmus zu genie\u00dfen\u2026 Um Ihnen den Urlaub zu erleichtern, finden Sie hier einige Serviceleistungen Ihres Campings Utah Beach in der Normandie! Camping-Serviceleistungen in Sainte-Marie-du-Mont Ein Wickelbereich f\u00fcr Babys steht Ihnen in [&hellip;]<\/p>\n","protected":false},"author":1,"featured_media":1684,"parent":0,"menu_order":0,"comment_status":"closed","ping_status":"closed","template":"","meta":{"_acf_changed":false,"_seopress_robots_primary_cat":"","_seopress_titles_title":"Bar Utah Beach | Snack und Bar in der Normandie","_seopress_titles_desc":"Genie\u00dfen Sie den Campingplatz in Utah Beach mit Wifi, Bar, offenem Lebensmittelgesch\u00e4ft und Pizza zu jeder Stunde. Alles f\u00fcr einen stressfreien Urlaub in der Normandie! ","_seopress_robots_index":"","inline_featured_image":false,"gt_fse_maillage_image":"https:\/\/www.camping-utahbeach.com\/wp-content\/uploads\/2025\/11\/restauration-utah-beach.jpeg","gt_fse_maillage_titre":"Unsere Serviceleistungen","gt_fse_maillage_alt":"Gastronomie Utah Beach","gt_fse_maillage_resume":"","footnotes":""},"categories":[],"tags":[],"class_list":["post-219109","page","type-page","status-publish","has-post-thumbnail","hentry"],"acf":[],"_links":{"self":[{"href":"https:\/\/www.camping-utahbeach.com\/de\/wp-json\/wp\/v2\/pages\/219109","targetHints":{"allow":["GET"]}}],"collection":[{"href":"https:\/\/www.camping-utahbeach.com\/de\/wp-json\/wp\/v2\/pages"}],"about":[{"href":"https:\/\/www.camping-utahbeach.com\/de\/wp-json\/wp\/v2\/types\/page"}],"author":[{"embeddable":true,"href":"https:\/\/www.camping-utahbeach.com\/de\/wp-json\/wp\/v2\/users\/1"}],"replies":[{"embeddable":true,"href":"https:\/\/www.camping-utahbeach.com\/de\/wp-json\/wp\/v2\/comments?post=219109"}],"version-history":[{"count":6,"href":"https:\/\/www.camping-utahbeach.com\/de\/wp-json\/wp\/v2\/pages\/219109\/revisions"}],"predecessor-version":[{"id":219895,"href":"https:\/\/www.camping-utahbeach.com\/de\/wp-json\/wp\/v2\/pages\/219109\/revisions\/219895"}],"wp:featuredmedia":[{"embeddable":true,"href":"https:\/\/www.camping-utahbeach.com\/de\/wp-json\/wp\/v2\/media\/1684"}],"wp:attachment":[{"href":"https:\/\/www.camping-utahbeach.com\/de\/wp-json\/wp\/v2\/media?parent=219109"}],"wp:term":[{"taxonomy":"category","embeddable":true,"href":"https:\/\/www.camping-utahbeach.com\/de\/wp-json\/wp\/v2\/categories?post=219109"},{"taxonomy":"post_tag","embeddable":true,"href":"https:\/\/www.camping-utahbeach.com\/de\/wp-json\/wp\/v2\/tags?post=219109"}],"curies":[{"name":"wp","href":"https:\/\/api.w.org\/{rel}","templated":true}]}}