{"id":219113,"date":"2025-08-18T09:11:28","date_gmt":"2025-08-18T07:11:28","guid":{"rendered":"https:\/\/www.camping-utahbeach.com\/page-d-exemple\/"},"modified":"2026-03-17T16:20:44","modified_gmt":"2026-03-17T15:20:44","slug":"page-d-exemple","status":"publish","type":"page","link":"https:\/\/www.camping-utahbeach.com\/de\/page-d-exemple\/","title":{"rendered":"Beispielseite"},"content":{"rendered":"\n<p>Dies ist eine Beispielseite. Sie unterscheidet sich von einem Blogbeitrag, da sie an derselben Stelle bleibt und (in den meisten Themes) in der Navigation Ihrer Website erscheint. Die meisten Personen beginnen mit einer \u201e\u00dcber uns\u201c-Seite, die sie den Besuchern der Website vorstellt. Das k\u00f6nnte etwa so aussehen:   <\/p>\n\n<blockquote class=\"wp-block-quote is-layout-flow wp-block-quote-is-layout-flow\"><p>Guten Tag! Ich bin ein Mechaniker mit Ambitionen zum Schauspieler, und dies ist meine Website. Ich wohne in Bordeaux, habe einen tollen Hund namens Russell und ich mag Wodka (sowie von pl\u00f6tzlichem Regen bei langen Strandspazierg\u00e4ngen im Sonnenuntergang \u00fcberrascht zu werden).  <\/p><\/blockquote>\n\n<p>\u2026 oder so etwas wie dies:<\/p>\n\n<blockquote class=\"wp-block-quote is-layout-flow wp-block-quote-is-layout-flow\"><p>Das Unternehmen 123 Machin Truc wurde 1971 gegr\u00fcndet und bietet der \u00d6ffentlichkeit seither hochwertige Produkte an. Mit Sitz in Saint-Remy-en-Bouzemont-Saint-Genest-et-Isson besch\u00e4ftigt 123 Machin Truc 2.000 Mitarbeiter und stellt alle m\u00f6glichen tollen Dinge f\u00fcr die Gemeinschaft von Bouzemont her. <\/p><\/blockquote>\n\n<p>Als neuer WordPress-Nutzer sollten Sie <a href=\"https:\/\/www.camping-utahbeach.com\/wp-admin\/\">Ihr Dashboard<\/a> aufrufen, um diese Seite zu l\u00f6schen und neue Seiten f\u00fcr Ihre Inhalte zu erstellen. Viel Spa\u00df! <\/p>\n","protected":false},"excerpt":{"rendered":"<p>Dies ist eine Beispielseite. Sie unterscheidet sich von einem Blogbeitrag, da sie an derselben Stelle bleibt und (in den meisten Themes) in der Navigation Ihrer Website erscheint. Die meisten Personen beginnen mit einer \u201e\u00dcber uns\u201c-Seite, die sie den Besuchern der Website vorstellt. Das k\u00f6nnte etwa so aussehen: Guten Tag! Ich bin ein Mechaniker mit Ambitionen [&hellip;]<\/p>\n","protected":false},"author":1,"featured_media":0,"parent":0,"menu_order":0,"comment_status":"closed","ping_status":"open","template":"","meta":{"_acf_changed":false,"_seopress_robots_primary_cat":"","_seopress_titles_title":"","_seopress_titles_desc":"","_seopress_robots_index":"","inline_featured_image":false,"gt_fse_maillage_image":"","gt_fse_maillage_titre":"Beispielseite","gt_fse_maillage_alt":"Beispielseite","gt_fse_maillage_resume":"","footnotes":""},"categories":[],"tags":[],"class_list":["post-219113","page","type-page","status-publish","hentry"],"acf":[],"_links":{"self":[{"href":"https:\/\/www.camping-utahbeach.com\/de\/wp-json\/wp\/v2\/pages\/219113","targetHints":{"allow":["GET"]}}],"collection":[{"href":"https:\/\/www.camping-utahbeach.com\/de\/wp-json\/wp\/v2\/pages"}],"about":[{"href":"https:\/\/www.camping-utahbeach.com\/de\/wp-json\/wp\/v2\/types\/page"}],"author":[{"embeddable":true,"href":"https:\/\/www.camping-utahbeach.com\/de\/wp-json\/wp\/v2\/users\/1"}],"replies":[{"embeddable":true,"href":"https:\/\/www.camping-utahbeach.com\/de\/wp-json\/wp\/v2\/comments?post=219113"}],"version-history":[{"count":1,"href":"https:\/\/www.camping-utahbeach.com\/de\/wp-json\/wp\/v2\/pages\/219113\/revisions"}],"predecessor-version":[{"id":219114,"href":"https:\/\/www.camping-utahbeach.com\/de\/wp-json\/wp\/v2\/pages\/219113\/revisions\/219114"}],"wp:attachment":[{"href":"https:\/\/www.camping-utahbeach.com\/de\/wp-json\/wp\/v2\/media?parent=219113"}],"wp:term":[{"taxonomy":"category","embeddable":true,"href":"https:\/\/www.camping-utahbeach.com\/de\/wp-json\/wp\/v2\/categories?post=219113"},{"taxonomy":"post_tag","embeddable":true,"href":"https:\/\/www.camping-utahbeach.com\/de\/wp-json\/wp\/v2\/tags?post=219113"}],"curies":[{"name":"wp","href":"https:\/\/api.w.org\/{rel}","templated":true}]}}