{"id":219123,"date":"2025-08-18T09:11:28","date_gmt":"2025-08-18T07:11:28","guid":{"rendered":"https:\/\/www.camping-utahbeach.com\/politique-de-confidentialite\/"},"modified":"2026-03-17T16:44:42","modified_gmt":"2026-03-17T15:44:42","slug":"datenschutzerklarung","status":"publish","type":"page","link":"https:\/\/www.camping-utahbeach.com\/de\/datenschutzerklarung\/","title":{"rendered":"Datenschutzerkl\u00e4rung"},"content":{"rendered":"\n<div class=\"wp-block-group has-global-padding is-layout-constrained wp-block-group-is-layout-constrained\" style=\"padding-top:4rem;padding-bottom:4rem\">\n<p>Diese Datenschutzerkl\u00e4rung beschreibt die personenbezogenen Daten, die erfasst oder generiert (verarbeitet) werden, wenn Sie die Website nutzen. Diese Datenschutzerkl\u00e4rung beschreibt die Arten personenbezogener Daten, die bei der Nutzung unserer Website erfasst werden, sowie die Art und Weise, wie Ihre personenbezogenen Daten verwendet, weitergegeben und gesch\u00fctzt werden. Sie erl\u00e4utert auch die Wahlm\u00f6glichkeiten, die Sie in Bezug auf Ihre personenbezogenen Daten haben, und wie Sie uns kontaktieren k\u00f6nnen.  <\/p>\n\n\n\n<h2 class=\"wp-block-heading\">Inhaltsverzeichnis<\/h2>\n\n\n\n<ul class=\"wp-block-list\">\n<li><a href=\"https:\/\/www.camping-utahbeach.com\/de\/datenschutzerklarung\/#gdpr-1\">Wer sind wir?<\/a><\/li>\n\n\n\n<li><a href=\"https:\/\/www.camping-utahbeach.com\/de\/datenschutzerklarung\/#gdpr-2\">Verwendung der erfassten personenbezogenen Daten<\/a><\/li>\n\n\n\n<li><a href=\"https:\/\/www.camping-utahbeach.com\/de\/datenschutzerklarung\/#gdpr-3\">Kommentare<\/a><\/li>\n\n\n\n<li><a href=\"https:\/\/www.camping-utahbeach.com\/de\/datenschutzerklarung\/#gdpr-4\">Medien<\/a><\/li>\n\n\n\n<li><a href=\"https:\/\/www.camping-utahbeach.com\/de\/datenschutzerklarung\/#gdpr-5\">Kontaktformulare<\/a><\/li>\n\n\n\n<li><a href=\"https:\/\/www.camping-utahbeach.com\/de\/datenschutzerklarung\/#gdpr-6\">Verwendung von Cookies<\/a><\/li>\n\n\n\n<li><a href=\"https:\/\/www.camping-utahbeach.com\/de\/datenschutzerklarung\/#gdpr-7\">Statistiken und Reichweitenmessung<\/a><\/li>\n\n\n\n<li><a href=\"https:\/\/www.camping-utahbeach.com\/de\/datenschutzerklarung\/#gdpr-8\">Speicherdauer Ihrer Daten<\/a><\/li>\n\n\n\n<li><a href=\"https:\/\/www.camping-utahbeach.com\/de\/datenschutzerklarung\/#gdpr-9\">Ihre Rechte in Bezug auf Ihre Daten<\/a><\/li>\n\n\n\n<li><a href=\"https:\/\/www.camping-utahbeach.com\/de\/datenschutzerklarung\/#gdpr-10\">\u00dcbermittlung Ihrer personenbezogenen Daten<\/a><\/li>\n\n\n\n<li><a href=\"https:\/\/www.camping-utahbeach.com\/de\/datenschutzerklarung\/#gdpr-11\">Wie wir Ihre Daten sch\u00fctzen<\/a><\/li>\n\n\n\n<li><a href=\"https:\/\/www.camping-utahbeach.com\/de\/datenschutzerklarung\/#gdpr-12\">Kontaktinformationen<\/a><\/li>\n<\/ul>\n\n\n\n<h2 class=\"wp-block-heading\" id=\"gdpr-1\">Wer sind wir?<\/h2>\n\n\n\n<p>Alle Informationen \u00fcber uns finden Sie auf der Seite <a href=\"https:\/\/www.camping-utahbeach.com\/de\/impressum\/\" data-type=\"page\" data-id=\"1100\">Impressum<\/a>.<\/p>\n\n\n\n<h2 class=\"wp-block-heading\" id=\"gdpr-2\">Verwendung der erfassten personenbezogenen Daten<\/h2>\n\n\n\n<p>Wir erfassen automatisch und direkt keine Daten \u00fcber Sie.<\/p>\n\n\n\n<p>Dennoch k\u00f6nnen wir Informationen, einschlie\u00dflich personenbezogener Informationen, von Dritten erfassen (siehe Abschnitt <a href=\"https:\/\/www.camping-utahbeach.com\/de\/datenschutzerklarung\/\" data-type=\"page\" data-id=\"3\">Cookies<\/a>).<\/p>\n\n\n\n<h2 class=\"wp-block-heading\" id=\"gdpr-3\">Kommentare<\/h2>\n\n\n\n<p>Wenn Sie einen Kommentar auf unserer Website hinterlassen, werden die im Kommentarformular eingegebenen Daten sowie Ihre IP-Adresse und der User-Agent Ihres Browsers erfasst, um uns bei der Erkennung unerw\u00fcnschter Kommentare zu helfen.<\/p>\n\n\n\n<p>Eine anonymisierte Zeichenfolge, die aus Ihrer E-Mail-Adresse erstellt wird (auch Hash genannt), kann an den Gravatar-Dienst gesendet werden, um zu \u00fcberpr\u00fcfen, ob Sie diesen nutzen. Die Datenschutzbestimmungen des Gravatar-Dienstes sind unter https:\/\/automattic.com\/privacy\/ verf\u00fcgbar. Nach Freigabe Ihres Kommentars wird Ihr Profilbild \u00f6ffentlich neben Ihrem Kommentar sichtbar sein. <\/p>\n\n\n\n<h2 class=\"wp-block-heading\" id=\"gdpr-4\">Medien<\/h2>\n\n\n\n<p>Wenn Sie ein registrierter Benutzer oder eine registrierte Benutzerin sind und Bilder auf die Website hochladen, empfehlen wir Ihnen, das Hochladen von Bildern mit EXIF-GPS-Standortdaten zu vermeiden. Besucher Ihrer Website k\u00f6nnen Standortdaten aus diesen Bildern herunterladen und extrahieren. <\/p>\n\n\n\n<h2 class=\"wp-block-heading\" id=\"gdpr-5\">Kontaktformulare<\/h2>\n\n\n\n<p>Sie k\u00f6nnen uns Informationen mitteilen, wenn Sie ein Formular ausf\u00fcllen. Diese werden uns per E-Mail \u00fcbermittelt und nicht anderweitig als in unserem E-Mail-Dienst gespeichert. Diese Informationen werden ausschlie\u00dflich zur Beantwortung Ihrer Anfrage verwendet. Wenn Informationen m\u00f6glicherweise f\u00fcr kommerzielle Zwecke verwendet werden, wird dies am Ende des Formulars angegeben. Wir werden immer Ihre Einwilligung einholen, wenn Informationen \u00fcber ein Formular erfasst werden.  <\/p>\n\n\n\n<h2 class=\"wp-block-heading\" id=\"gdpr-6\">Verwendung von Cookies<\/h2>\n\n\n\n<p><strong>Was ist ein Cookie?<\/strong><br\/>Ein Cookie ist eine kleine Datendatei, die auf Ihr Ger\u00e4t \u00fcbertragen und dort gespeichert wird. Konkret erm\u00f6glicht uns ein Cookie beispielsweise, Ihren Browser oder Ihre Sprache zu erkennen oder Ihre Einstellungen zu speichern.<br\/>Auf unserer Website werden zwei Arten von Cookies verwendet: \u201eSitzungs-Cookies\u201c und \u201epersistente Cookies\u201c. Sitzungs-Cookies laufen ab, wenn Sie Ihren Browser schlie\u00dfen, w\u00e4hrend persistente Cookies auf Ihrem Ger\u00e4t verbleiben, nachdem der Browser geschlossen wurde, und bei Ihrem n\u00e4chsten Besuch auf unserer Website erneut verwendet werden k\u00f6nnen.  <\/p>\n\n\n\n<p>Weitere Informationen finden Sie auf <a href=\"https:\/\/allaboutcookies.org\/fr\" target=\"_blank\" rel=\"noreferrer noopener\">allaboutcookies.org<\/a>.<\/p>\n\n\n\n<p><strong>Unsere Cookies<\/strong><\/p>\n\n\n\n<p>Wenn Sie einen Kommentar auf unserer Website hinterlassen, wird Ihnen angeboten, Ihren Namen, Ihre E-Mail-Adresse und Website in Cookies zu speichern. Dies dient ausschlie\u00dflich Ihrem Komfort, damit Sie diese Informationen nicht erneut eingeben m\u00fcssen, wenn Sie sp\u00e4ter einen weiteren Kommentar hinterlassen. Diese Cookies laufen nach einem Jahr ab.  <\/p>\n\n\n\n<p>Wenn Sie ein Konto haben und sich auf dieser Website anmelden, wird ein tempor\u00e4rer Cookie erstellt, um festzustellen, ob Ihr Browser Cookies akzeptiert. Er enth\u00e4lt keine personenbezogenen Daten und wird beim Schlie\u00dfen Ihres Browsers automatisch gel\u00f6scht. <\/p>\n\n\n\n<p>Wenn Sie sich anmelden, werden wir einige Cookies einrichten, um Ihre Anmeldeinformationen und Ihre Bildschirmeinstellungen zu speichern. Die Lebensdauer eines Anmelde-Cookies betr\u00e4gt zwei Tage, die eines Cookies f\u00fcr Bildschirmoptionen ein Jahr. Wenn Sie \u201eAngemeldet bleiben\u201c ausw\u00e4hlen, wird Ihr Anmelde-Cookie zwei Wochen lang gespeichert. Wenn Sie sich von Ihrem Konto abmelden, wird das Anmelde-Cookie gel\u00f6scht.   <\/p>\n\n\n\n<p>Beim Bearbeiten oder Ver\u00f6ffentlichen eines Artikels wird ein zus\u00e4tzlicher Cookie in Ihrem Browser gespeichert. Dieser Cookie enth\u00e4lt keine personenbezogenen Daten. Er gibt lediglich die Kennung des Artikels an, den Sie gerade bearbeitet haben. Er l\u00e4uft nach einem Tag ab.   <\/p>\n\n\n\n<p><strong>Cookies von Drittanbietern<\/strong><\/p>\n\n\n\n<p>Artikel auf dieser Website k\u00f6nnen eingebettete Inhalte enthalten (z. B. Videos, Bilder, Artikel usw.). Eingebettete Inhalte von anderen Websites verhalten sich genauso, als ob der Besucher diese andere Website besuchen w\u00fcrde. <\/p>\n\n\n\n<p>Diese Websites k\u00f6nnten Daten \u00fcber Sie erfassen, Cookies verwenden, Tracking-Tools von Drittanbietern einbetten und Ihre Interaktionen mit diesen eingebetteten Inhalten verfolgen, wenn Sie \u00fcber ein verbundenes Konto auf deren Website verf\u00fcgen.<\/p>\n\n\n\n<p>Wir k\u00f6nnen bestimmten Gesch\u00e4ftspartnern gestatten, Technologien auf unserer Website zu installieren. Diese Partner nutzen diese Technologien, um uns bei der Analyse der Art und Weise zu helfen, wie Sie die Website nutzen, beispielsweise indem sie die Drittanbieterdienste notieren, \u00fcber die Sie auf die Plattform gelangt sind, um unsere Dienste auf unserer Website und auf Websites von Drittanbietern zu vermarkten und zu bewerben, uns bei der Erkennung und Verhinderung von Betrug zu helfen oder Risikobewertungen durchzuf\u00fchren, oder um Informationen \u00fcber Ihre Aktivit\u00e4ten auf der Website zu erfassen. <\/p>\n\n\n\n<p>Unsere Website kann Social-Plugins verwenden, die von Drittanbietern bereitgestellt und betrieben werden, wie zum Beispiel die \u201eGef\u00e4llt mir\u201c-Schaltfl\u00e4che von Facebook. Infolgedessen k\u00f6nnen Sie Informationen, die Sie in einem bestimmten Bereich unserer Website aufrufen, an den Drittanbieter senden. Wenn Sie nicht in Ihrem Konto bei dem Drittanbieter angemeldet sind, kann dieser Ihre Identit\u00e4t nicht feststellen. Wenn Sie in Ihrem Konto bei dem Drittanbieter angemeldet sind, kann dieser die Informationen oder Aktionen in Bezug auf Ihre Interaktionen mit unserer Website mit dem Konto verkn\u00fcpfen, das Sie bei dem betreffenden Drittanbieter besitzen. Bitte lesen Sie die Datenschutzrichtlinien des Drittanbieters, um mehr \u00fcber dessen Datenpraktiken zu erfahren.    <\/p>\n\n\n\n<p>Die Liste der auf dieser Website verwendeten Cookies von Drittanbietern ist \u00fcber das <a href=\"https:\/\/www.camping-utahbeach.com\/de\/datenschutzerklarung\/#moove_gdpr_cookie_modal\" data-type=\"page\" data-id=\"3\">Cookie-Verwaltungspanel<\/a> verf\u00fcgbar.<\/p>\n\n\n\n<h2 class=\"wp-block-heading\" id=\"gdpr-7\">Statistiken und Reichweitenmessung<\/h2>\n\n\n\n<p>Im Bereich Analyse arbeiten wir mit Google Analytics zusammen, um Informationen \u00fcber die Nutzung unserer Website zu erhalten und diese zu verbessern. Dieser kann \u00fcber das <a href=\"https:\/\/www.camping-utahbeach.com\/de\/datenschutzerklarung\/#moove_gdpr_cookie_modal\" data-type=\"page\" data-id=\"3\">Cookie-Verwaltungspanel<\/a> deaktiviert werden. <\/p>\n\n\n\n<p>Um zu verhindern, dass Google Analytics Ihre Informationen f\u00fcr Analysezwecke verwendet, k\u00f6nnen Sie auch das Browser-Add-on zur Deaktivierung von Google Analytics installieren, indem Sie <a href=\"https:\/\/tools.google.com\/dlpage\/gaoptout\" target=\"_blank\" rel=\"noreferrer noopener\">hier<\/a> klicken. Bitte beachten Sie, dass wir keine Kontrolle \u00fcber diesen Deaktivierungslink haben und nicht f\u00fcr die Verf\u00fcgbarkeit oder Genauigkeit dieses Mechanismus verantwortlich sind. Weitere Informationen finden Sie in <a href=\"https:\/\/support.google.com\/analytics\/answer\/6004245\" target=\"_blank\" rel=\"noreferrer noopener\">dieser Dokumentation<\/a>.  <\/p>\n\n\n\n<h2 class=\"wp-block-heading\" id=\"gdpr-8\">Speicherdauer Ihrer Daten<\/h2>\n\n\n\n<p>Wenn Sie einen Kommentar hinterlassen, werden der Kommentar und seine Metadaten auf unbestimmte Zeit gespeichert. Dadurch k\u00f6nnen nachfolgende Kommentare automatisch erkannt und genehmigt werden, anstatt sie in der Moderationswarteschlange zu belassen. <\/p>\n\n\n\n<p>F\u00fcr Benutzer und Benutzerinnen, die sich auf unserer Website registrieren (falls dies m\u00f6glich ist), speichern wir auch die in ihrem Profil angegebenen personenbezogenen Daten. Alle Benutzer und Benutzerinnen k\u00f6nnen ihre pers\u00f6nlichen Informationen jederzeit einsehen, \u00e4ndern oder l\u00f6schen (mit Ausnahme ihres Benutzernamens). Die Website-Administratoren k\u00f6nnen diese Informationen ebenfalls einsehen und \u00e4ndern.  <\/p>\n\n\n\n<h2 class=\"wp-block-heading\" id=\"gdpr-9\">Ihre Rechte in Bezug auf Ihre Daten<\/h2>\n\n\n\n<p>Wenn Sie ein Konto haben oder Kommentare auf der Website hinterlassen haben, k\u00f6nnen Sie eine Datei mit allen personenbezogenen Daten anfordern, die wir \u00fcber Sie gespeichert haben, einschlie\u00dflich der Daten, die Sie uns zur Verf\u00fcgung gestellt haben. Sie k\u00f6nnen auch die L\u00f6schung der Sie betreffenden personenbezogenen Daten beantragen. Dies umfasst nicht die Daten, die zu administrativen, rechtlichen oder Sicherheitszwecken gespeichert werden.  <\/p>\n\n\n\n<h2 class=\"wp-block-heading\" id=\"gdpr-10\">\u00dcbermittlung Ihrer personenbezogenen Daten<\/h2>\n\n\n\n<p>Kommentare von Besuchern k\u00f6nnen mithilfe eines automatisierten Dienstes zur Erkennung unerw\u00fcnschter Kommentare \u00fcberpr\u00fcft werden.<br\/>Alle von uns verarbeiteten personenbezogenen Daten werden im Herzen der Europ\u00e4ischen Union verarbeitet.<\/p>\n\n\n\n<h2 class=\"wp-block-heading\" id=\"gdpr-11\">Wie wir Ihre Daten sch\u00fctzen<\/h2>\n\n\n\n<p>Wir implementieren und aktualisieren kontinuierlich die <strong>Sicherheit<\/strong> der Website, um Ihre Informationen vor unbefugtem Zugriff, Verlust, Zerst\u00f6rung oder Ver\u00e4nderung zu sch\u00fctzen. Wir arbeiten daher daran, Ihre Daten so unverwundbar wie m\u00f6glich zu machen. Da das Internet keine zu 100 % sichere Umgebung ist, k\u00f6nnen wir die Sicherheit der \u00dcbertragung oder Speicherung Ihrer Informationen nicht vollst\u00e4ndig garantieren.  <\/p>\n\n\n\n<h2 class=\"wp-block-heading\" id=\"gdpr-12\">Kontaktinformationen<\/h2>\n\n\n\n<p>F\u00fcr alle Anfragen oder Fragen zu Ihren personenbezogenen Daten kontaktieren Sie uns unter rgpd@geek-tonic.com. Weitere Kontaktinformationen finden Sie in unserem <a href=\"https:\/\/www.camping-utahbeach.com\/de\/impressum\/\" data-type=\"page\" data-id=\"1100\">Impressum<\/a>. Bitte beachten Sie, dass wir Sie m\u00f6glicherweise auffordern, Ihre Identit\u00e4t zu \u00fcberpr\u00fcfen, bevor wir weitere Ma\u00dfnahmen in Bezug auf Ihre Anfrage ergreifen. <\/p>\n<\/div>\n","protected":false},"excerpt":{"rendered":"<p>Diese Datenschutzerkl\u00e4rung beschreibt die personenbezogenen Daten, die erfasst oder generiert (verarbeitet) werden, wenn Sie die Website nutzen. Diese Datenschutzerkl\u00e4rung beschreibt die Arten personenbezogener Daten, die bei der Nutzung unserer Website erfasst werden, sowie die Art und Weise, wie Ihre personenbezogenen Daten verwendet, weitergegeben und gesch\u00fctzt werden. Sie erl\u00e4utert auch die Wahlm\u00f6glichkeiten, die Sie in Bezug [&hellip;]<\/p>\n","protected":false},"author":1,"featured_media":1351,"parent":0,"menu_order":0,"comment_status":"closed","ping_status":"open","template":"","meta":{"_acf_changed":false,"_seopress_robots_primary_cat":"","_seopress_titles_title":"Datenschutzerkl\u00e4rung","_seopress_titles_desc":"","_seopress_robots_index":"yes","inline_featured_image":false,"gt_fse_maillage_image":"https:\/\/www.camping-utahbeach.com\/wp-content\/uploads\/2025\/10\/IMG_1203_1-scaled.jpg","gt_fse_maillage_titre":"Datenschutzerkl\u00e4rung","gt_fse_maillage_alt":"Datenschutzerkl\u00e4rung","gt_fse_maillage_resume":"","footnotes":""},"categories":[],"tags":[],"class_list":["post-219123","page","type-page","status-publish","has-post-thumbnail","hentry"],"acf":[],"_links":{"self":[{"href":"https:\/\/www.camping-utahbeach.com\/de\/wp-json\/wp\/v2\/pages\/219123","targetHints":{"allow":["GET"]}}],"collection":[{"href":"https:\/\/www.camping-utahbeach.com\/de\/wp-json\/wp\/v2\/pages"}],"about":[{"href":"https:\/\/www.camping-utahbeach.com\/de\/wp-json\/wp\/v2\/types\/page"}],"author":[{"embeddable":true,"href":"https:\/\/www.camping-utahbeach.com\/de\/wp-json\/wp\/v2\/users\/1"}],"replies":[{"embeddable":true,"href":"https:\/\/www.camping-utahbeach.com\/de\/wp-json\/wp\/v2\/comments?post=219123"}],"version-history":[{"count":3,"href":"https:\/\/www.camping-utahbeach.com\/de\/wp-json\/wp\/v2\/pages\/219123\/revisions"}],"predecessor-version":[{"id":219174,"href":"https:\/\/www.camping-utahbeach.com\/de\/wp-json\/wp\/v2\/pages\/219123\/revisions\/219174"}],"wp:featuredmedia":[{"embeddable":true,"href":"https:\/\/www.camping-utahbeach.com\/de\/wp-json\/wp\/v2\/media\/1351"}],"wp:attachment":[{"href":"https:\/\/www.camping-utahbeach.com\/de\/wp-json\/wp\/v2\/media?parent=219123"}],"wp:term":[{"taxonomy":"category","embeddable":true,"href":"https:\/\/www.camping-utahbeach.com\/de\/wp-json\/wp\/v2\/categories?post=219123"},{"taxonomy":"post_tag","embeddable":true,"href":"https:\/\/www.camping-utahbeach.com\/de\/wp-json\/wp\/v2\/tags?post=219123"}],"curies":[{"name":"wp","href":"https:\/\/api.w.org\/{rel}","templated":true}]}}