{"id":219129,"date":"2025-08-19T15:20:39","date_gmt":"2025-08-19T13:20:39","guid":{"rendered":"https:\/\/www.camping-utahbeach.com\/camping-paradis-normandie\/"},"modified":"2026-03-19T09:44:45","modified_gmt":"2026-03-19T08:44:45","slug":"camping-paradis-in-der-normandie","status":"publish","type":"page","link":"https:\/\/www.camping-utahbeach.com\/de\/camping-paradis-in-der-normandie\/","title":{"rendered":"Camping Paradis"},"content":{"rendered":"\n<section class=\"wp-block-group gt_1-cta-1photo_006 page-one has-custom-color-5-background-color has-background is-layout-flow wp-block-group-is-layout-flow\">\n<h1 class=\"wp-block-heading has-text-align-center\" style=\"padding-bottom:var(--wp--preset--spacing--40)\">Der Campingplatz Utah Beach, ein Camping Paradis in der Normandie<\/h1>\n\n\n\n<div class=\"wp-block-columns top is-layout-flex wp-container-core-columns-is-layout-28f84493 wp-block-columns-is-layout-flex\">\n<div class=\"wp-block-column is-vertically-aligned-top left is-layout-flow wp-block-column-is-layout-flow\">\n<p>Direkt am Meer gelegen, mit direktem Zugang zum Strand, begr\u00fc\u00dft Sie der <a href=\"https:\/\/www.camping-utahbeach.com\/de\/\" data-type=\"page\" data-id=\"22\">Camping Paradis en Normandie Utah Beach<\/a> zu einem Urlaub voller Natur und Entspannung auf normannischem Boden. <\/p>\n\n\n\n<p>Diese 4-Sterne-Anlage verf\u00fcgt \u00fcber alle Einrichtungen, um den Erfolg Ihres Aufenthalts mit der Familie, als Paar oder unter Freunden in Sainte-Marie-du-Mont zu garantieren: <a href=\"https:\/\/www.camping-utahbeach.com\/de\/campingplatz-mit-schwimmbad-in-der-normandie\/\" data-type=\"page\" data-id=\"39\">gro\u00dfer Aquapark mit beheiztem Hallenbad und Rutsche<\/a>, Bar mit Themenabenden in der Hochsaison, Minigolf und H\u00fcpfburg, M\u00f6glichkeit zum Strandsegeln und andere Wassersportaktivit\u00e4ten f\u00fcr alle Altersgruppen\u2026 <\/p>\n\n\n\n<p>Der Campingplatz Utah Beach**** im Departement Manche zeichnet sich zudem durch die Qualit\u00e4t seines Empfangs, seine herzliche Atmosph\u00e4re und die Vielfalt seines Mietangebots aus. <\/p>\n\n\n\n<p>F\u00fcr G\u00e4ste, die Komfort und Privatsph\u00e4re suchen, bieten wir voll ausgestattete <a href=\"https:\/\/www.camping-utahbeach.com\/de\/mobilheim-vermietung-normandie\/\" data-type=\"page\" data-id=\"47\">Mobilheime<\/a> und Chalets mit K\u00fcche und Holzterrasse f\u00fcr 2 bis 8 Personen von 16 bis 35 m2 an. Lust auf ein einzigartiges Erlebnis am Meer in der Normandie?  <\/p>\n\n\n\n<p>Buchen Sie einen Bungalow aus Zeltstoff, ein luxuri\u00f6ses Zelt oder eine charmante Holzh\u00fctte. Bevorzugen Sie traditionelles Camping?  <\/p>\n\n\n\n<p>Dann w\u00e4hlen Sie einen 100 m2 gro\u00dfen Stellplatz auf dem <strong>Camping Paradis en Normandie Utah Beach<\/strong>. Alle unsere <a href=\"https:\/\/www.camping-utahbeach.com\/de\/wohnwagenstellplatz-in-der-normandie\/\" data-type=\"page\" data-id=\"59\">Camping- und Stellpl\u00e4tze f\u00fcr Zelte, Wohnwagen und Wohnmobile<\/a> befinden sich in einem ruhigen Bereich des Campingplatzes. <\/p>\n<\/div>\n\n\n\n<div class=\"wp-block-column right is-layout-flow wp-block-column-is-layout-flow\">\n<figure class=\"wp-block-image alignright size-full gt-gsap-fadeIn\"><img decoding=\"async\" width=\"850\" height=\"1024\" src=\"https:\/\/www.camping-utahbeach.com\/wp-content\/uploads\/2026\/01\/camping-avec-piscine-normandie.jpg\" alt=\"Campingplatz mit Pool Normandie\" class=\"wp-image-1899\" srcset=\"https:\/\/www.camping-utahbeach.com\/wp-content\/uploads\/2026\/01\/camping-avec-piscine-normandie.jpg 850w, https:\/\/www.camping-utahbeach.com\/wp-content\/uploads\/2026\/01\/camping-avec-piscine-normandie-249x300.jpg 249w, https:\/\/www.camping-utahbeach.com\/wp-content\/uploads\/2026\/01\/camping-avec-piscine-normandie-768x925.jpg 768w\" sizes=\"(max-width: 850px) 100vw, 850px\" \/><\/figure>\n<\/div>\n<\/div>\n<\/section>\n\n<section class=\"wp-block-group gt_1-cta-1photofull_005 page-two is-layout-flow wp-block-group-is-layout-flow\">\n<div class=\"wp-block-group is-layout-flow wp-block-group-is-layout-flow\">\n<div data-swiper=\"{&quot;speed&quot;:1000,&quot;autoplay&quot;:{&quot;delay&quot;:5000,&quot;disableOnInteraction&quot;:false},&quot;spaceBetween&quot;:0,&quot;slidesPerView&quot;:1,&quot;pagination&quot;:{&quot;el&quot;:&quot;.swiper-pagination&quot;,&quot;dynamicBullets&quot;:true,&quot;clickable&quot;:true,&quot;type&quot;:&quot;bullets&quot;},&quot;navigation&quot;:{&quot;nextEl&quot;:&quot;.swiper-button-next&quot;,&quot;prevEl&quot;:&quot;.swiper-button-prev&quot;},&quot;breakpoints&quot;:[{&quot;slidesPerView&quot;:1}]}\" class=\"wp-block-cover has-parallax gt-gsap-fadeIn\" style=\"border-bottom-left-radius:90px;border-bottom-right-radius:90px;min-height:100vh;aspect-ratio:unset;\"><div role=\"img\" aria-label=\"camping paradis nnormandie\" class=\"wp-block-cover__image-background wp-image-1902 size-full has-parallax\" style=\"background-position:50% 50%;background-image:url(https:\/\/www.camping-utahbeach.com\/wp-content\/uploads\/2026\/01\/camping-paradis-nnormandie.jpg)\"><\/div><span aria-hidden=\"true\" class=\"wp-block-cover__background has-custom-color-4-background-color has-background-dim-30 has-background-dim\"><\/span><div class=\"wp-block-cover__inner-container has-global-padding is-layout-constrained wp-block-cover-is-layout-constrained\">\n<p class=\"has-text-align-center has-large-font-size\"><\/p>\n<\/div><\/div>\n<\/div>\n\n\n\n<div class=\"wp-block-columns absolute-content is-layout-flex wp-container-core-columns-is-layout-28f84493 wp-block-columns-is-layout-flex\">\n<div class=\"wp-block-column is-layout-flow wp-block-column-is-layout-flow\">\n<h2 class=\"wp-block-heading has-base-2-color has-text-color has-link-color wp-elements-95ea3f24b3be993b8aa98a20039b9096\">Campings Paradis: eine Kette von Familiencampingpl\u00e4tzen<\/h2>\n\n\n\n<p class=\"has-base-2-color has-text-color has-link-color wp-elements-c04f04cd30d9f6bde1c0a6d2298fcac2\"><strong>Die Kette Campings Paradis<\/strong> greift das Dekor und die Atmosph\u00e4re der ber\u00fchmten Fernsehserie auf, um Familien ein einzigartiges Erlebnis in den sch\u00f6nsten Regionen Frankreichs zu bieten. <\/p>\n\n\n\n<p class=\"has-base-2-color has-text-color has-link-color wp-elements-3c6933b0ab6f256774c374bc602377a8\">Ob am Meer oder in den Bergen, in der N\u00e4he von Gro\u00dfst\u00e4dten mit reichem Kulturerbe oder am Ufer eines Sees auf dem Land \u2013 <strong>die Freilufthotels der Kette Campings Paradis<\/strong> befinden sich in gesch\u00fctzten Naturlandschaften, die zum Abschalten einladen. Vor Ort haben die Urlauber, unabh\u00e4ngig vom Reiseziel, die Garantie auf hochwertige Sportanlagen, erstklassige Dienstleistungen, eine stimmungsvolle Bar, einen Lebensmittelladen f\u00fcr den Schnelleinkauf und einen Pool f\u00fcr erfrischende B\u00e4der und morgendliche Schwimmbahnen.  <\/p>\n\n\n\n<p class=\"has-base-2-color has-text-color has-link-color wp-elements-062389ee0f728f2d1aae7ab527510f1b\">Nicht zu vergessen die untypische Kleidung des Teams und die kleinen Elektroautos \u2013 sympathische Anspielungen auf die Serie. <strong>Ein Aufenthalt in einem Familiencampingplatz Paradis<\/strong> bedeutet, den Luxus einer voll ausgestatteten Prestige-Unterkunft zu geringen Kosten inmitten der Natur zu genie\u00dfen und unvergessliche Familienaktivit\u00e4ten am Urlaubsort zu erleben.<\/p>\n<\/div>\n\n\n\n<div class=\"wp-block-column is-vertically-aligned-center is-layout-flow wp-block-column-is-layout-flow\"><\/div>\n<\/div>\n<\/section>\n\n<section class=\"wp-block-group gt_avis_008 page-three is-layout-flow wp-block-group-is-layout-flow\">\n<div class=\"wp-block-columns alignwide bottom has-background is-layout-flex wp-container-core-columns-is-layout-2daa7c6a wp-block-columns-is-layout-flex\" style=\"border-radius:0px;background-color:rgba(255,255,255,1);margin-top:0px;margin-right:0px;margin-bottom:0px;margin-left:0px;padding-top:0;padding-right:var(--wp--preset--spacing--40);padding-bottom:var(--wp--preset--spacing--50);padding-left:0px\">\n<div class=\"wp-block-column is-vertically-aligned-center is-layout-flow wp-block-column-is-layout-flow\" style=\"flex-basis:55%\">\n<figure class=\"wp-block-image size-full has-custom-border blob-image avis-img gt-gsap-fadeIn\" style=\"margin-top:0px;margin-right:0px;margin-bottom:0px;margin-left:0px\"><img decoding=\"async\" width=\"1015\" height=\"994\" src=\"https:\/\/www.camping-utahbeach.com\/wp-content\/uploads\/2026\/01\/utah-beach.jpg\" alt=\"Utah Beach\" class=\"wp-image-1919\" style=\"border-bottom-right-radius:90px\" srcset=\"https:\/\/www.camping-utahbeach.com\/wp-content\/uploads\/2026\/01\/utah-beach.jpg 1015w, https:\/\/www.camping-utahbeach.com\/wp-content\/uploads\/2026\/01\/utah-beach-300x294.jpg 300w, https:\/\/www.camping-utahbeach.com\/wp-content\/uploads\/2026\/01\/utah-beach-768x752.jpg 768w\" sizes=\"(max-width: 1015px) 100vw, 1015px\" \/><\/figure>\n<\/div>\n\n\n\n<div class=\"wp-block-column is-vertically-aligned-center has-base-2-background-color has-background is-layout-flow wp-block-column-is-layout-flow\" style=\"flex-basis:45%\">\n<h2 class=\"wp-block-heading\">Warum sollte man sich f\u00fcr einen Aufenthalt in einem Camping Paradis entscheiden?<\/h2>\n\n\n\n<p>Erw\u00e4gen Sie die Miete eines Mobilheims oder eines Stellplatzes <strong>in einer Freiluftanlage des Netzwerks Paradis<\/strong>? Wir nennen Ihnen 6 gute Gr\u00fcnde, Ihren au\u00dfergew\u00f6hnlichen Aufenthalt in <a href=\"https:\/\/www.campings-paradis.com\/france\/sainte-marie-du-mont\/camping-paradis-utah-beach\">einem Camping Paradis<\/a> zu buchen: <\/p>\n\n\n\n<ul class=\"wp-block-list\">\n<li>eine gro\u00dfe Auswahl an Reisezielen mit Campingpl\u00e4tzen in ganz Frankreich, von der Bretagne bis zur C\u00f4te d\u2019Azur;<\/li>\n\n\n\n<li>ein vielf\u00e4ltiges Unterkunftsangebot und attraktive Preise mit Sonderangeboten das ganze Jahr \u00fcber, mit der M\u00f6glichkeit der Anreise am Samstag oder Sonntag;<\/li>\n\n\n\n<li>Campingpl\u00e4tze in gesch\u00fctzter Umgebung mit Infrastrukturen, die gut in die Natur integriert sind;<\/li>\n\n\n\n<li>Sportanlagen, Spiele, Animationen und erstklassige Dienstleistungen f\u00fcr die ganze Familie;<\/li>\n\n\n\n<li>Premium- und Komfortversicherungen, um seinen Urlaub im Voraus in aller Ruhe zu buchen;<\/li>\n<\/ul>\n<\/div>\n<\/div>\n<\/section>\n\n<section class=\"wp-block-group gt_1-cta-1photofull_005 page-two is-layout-flow wp-block-group-is-layout-flow\">\n<div class=\"wp-block-group is-layout-flow wp-block-group-is-layout-flow\">\n<div data-swiper=\"{&quot;speed&quot;:1000,&quot;autoplay&quot;:{&quot;delay&quot;:5000,&quot;disableOnInteraction&quot;:false},&quot;spaceBetween&quot;:0,&quot;slidesPerView&quot;:1,&quot;pagination&quot;:{&quot;el&quot;:&quot;.swiper-pagination&quot;,&quot;dynamicBullets&quot;:true,&quot;clickable&quot;:true,&quot;type&quot;:&quot;bullets&quot;},&quot;navigation&quot;:{&quot;nextEl&quot;:&quot;.swiper-button-next&quot;,&quot;prevEl&quot;:&quot;.swiper-button-prev&quot;},&quot;breakpoints&quot;:[{&quot;slidesPerView&quot;:1}]}\" class=\"wp-block-cover has-parallax gt-gsap-fadeIn\" style=\"border-bottom-left-radius:90px;border-bottom-right-radius:90px;min-height:100vh;aspect-ratio:unset;\"><div role=\"img\" aria-label=\"chalet photo \" class=\"wp-block-cover__image-background wp-image-218938 size-full has-parallax\" style=\"background-position:50% 50%;background-image:url(https:\/\/www.camping-utahbeach.com\/wp-content\/uploads\/2026\/03\/chalet-photo-8_1.jpg)\"><\/div><span aria-hidden=\"true\" class=\"wp-block-cover__background has-custom-color-4-background-color has-background-dim\"><\/span><div class=\"wp-block-cover__inner-container has-global-padding is-layout-constrained wp-block-cover-is-layout-constrained\">\n<p class=\"has-text-align-center has-large-font-size\"><\/p>\n<\/div><\/div>\n<\/div>\n\n\n\n<div class=\"wp-block-columns absolute-content is-layout-flex wp-container-core-columns-is-layout-28f84493 wp-block-columns-is-layout-flex\">\n<div class=\"wp-block-column is-layout-flow wp-block-column-is-layout-flow\">\n<h2 class=\"wp-block-heading has-base-2-color has-text-color has-link-color wp-elements-339df088a657ce43e36a83c4a2422c96\"><strong>Die Vorteile unseres Campingplatzes<\/strong> f\u00fcr Ihren Aufenthalt in der Normandie<\/h2>\n\n\n\n<p class=\"has-base-2-color has-text-color has-link-color wp-elements-af500f8373c816c78107a7bfff1cded3\">Alle Urlauber, die ihre voll ausgestattete Luxusunterkunft oder ihren Stellplatz auf dem <strong>Camping Paradis en Normandie Utah Beach<\/strong> buchen, genie\u00dfen vor Ort alle Vorteile eines familienfreundlichen Freilufthotels am Meer:<\/p>\n\n\n\n<ul class=\"wp-block-list has-base-2-color has-text-color has-link-color wp-elements-91eae273ee84c8d9c3866cbdcb297a14\">\n<li>direkter Zugang zu einem gro\u00dfen Sandstrand;<\/li>\n\n\n\n<li>ein beheiztes Hallenbad, eine Bar, ein Pizzakiosk und weitere moderne Einrichtungen, um den Aufenthalt der Urlauber zu versch\u00f6nern;<\/li>\n\n\n\n<li>Prestige-Unterk\u00fcnfte zum besten Preis mit ausgestatteter K\u00fcche im Wohnbereich und Terrasse, mit der M\u00f6glichkeit der Anreise am Samstag oder Sonntag;<\/li>\n\n\n\n<li>Premium-Services, die eines gehobenen Campingplatzes w\u00fcrdig sind, wie ein Kinderclub und ein Lebensmittelladen;<\/li>\n\n\n\n<li>dynamische Animationen;<\/li>\n\n\n\n<li>eine herzliche Atmosph\u00e4re;<\/li>\n\n\n\n<li>ein <a href=\"https:\/\/guide-du-voyageur.fr\/\" target=\"_blank\" rel=\"noreferrer noopener nofollow\">Leitfaden f\u00fcr Aktivit\u00e4ten in der Region<\/a> f\u00fcr die ganze Familie, wie zum Beispiel Strandsegeln;<\/li>\n\n\n\n<li>eine wilde und unber\u00fchrte K\u00fcste, die es zu entdecken gilt;<\/li>\n\n\n\n<li>ein geschichtstr\u00e4chtiger Ort mit pr\u00e4chtigen Museen und Denkm\u00e4lern in der N\u00e4he des Campingplatzes.<\/li>\n<\/ul>\n<\/div>\n\n\n\n<div class=\"wp-block-column is-vertically-aligned-center is-layout-flow wp-block-column-is-layout-flow\"><\/div>\n<\/div>\n<\/section>\n\n<section class=\"wp-block-group page-maillage has-custom-color-5-background-color has-background has-global-padding is-layout-constrained wp-block-group-is-layout-constrained\">\n<div class=\"wp-block-group h1-like has-global-padding is-layout-constrained wp-block-group-is-layout-constrained\" style=\"line-height:1\">\n<p class=\"has-custom-color-1-color has-text-color has-link-color wp-elements-d68bb945c1419d846990ee3202ae6290\" style=\"font-size:clamp(54.054px, 3.378rem + ((1vw - 3.2px) * 4.548), 110px);font-style:normal;font-weight:300;text-transform:uppercase\">Entdecken Sie <br\/><span>die Services und Aktivit\u00e4ten!<\/span><\/p>\n<\/div>\n\n\n\n<div class=\"wp-block-query gt-gsap-fadeInUp is-layout-flow wp-block-query-is-layout-flow\"><ul class=\"wp-block-post-template is-layout-flow wp-block-post-template-is-layout-flow\"><li class=\"wp-block-post post-219087 page type-page status-publish has-post-thumbnail hentry\">\n\n<figure class=\"wp-block-image\"><img decoding=\"async\" src=\"https:\/\/www.camping-utahbeach.com\/wp-content\/uploads\/2025\/10\/animation-au-camping-utah-beach.png\" title=\"https:\/\/www.camping-utahbeach.com\/wp-content\/uploads\/2025\/10\/animation-au-camping-utah-beach.png\" alt=\"\"\/><\/figure>\n\n\n\n<p class=\"has-text-align-center has-custom-color-1-color has-base-2-background-color has-text-color has-background has-link-color wp-elements-499f11dee7406d0a4fbf5f81e85a1d8e\" style=\"border-radius:50px;font-size:clamp(16.293px, 1.018rem + ((1vw - 3.2px) * 0.708), 25px);font-style:normal;font-weight:500;text-transform:uppercase\">Animationen<\/p>\n\n\n<a class=\"is-style-lien-cover wp-block-read-more\" href=\"https:\/\/www.camping-utahbeach.com\/de\/camping-animationen-normandie\/\" target=\"_self\">Weiterlesen<span class=\"screen-reader-text\">: Animation<\/span><\/a>\n<\/li><li class=\"wp-block-post post-219105 page type-page status-publish has-post-thumbnail hentry\">\n\n<figure class=\"wp-block-image\"><img decoding=\"async\" src=\"https:\/\/www.camping-utahbeach.com\/wp-content\/uploads\/2025\/10\/camping-en-normandie-avec-piscine-chaufee.png\" title=\"https:\/\/www.camping-utahbeach.com\/wp-content\/uploads\/2025\/10\/camping-en-normandie-avec-piscine-chaufee.png\" alt=\"\"\/><\/figure>\n\n\n\n<p class=\"has-text-align-center has-custom-color-1-color has-base-2-background-color has-text-color has-background has-link-color wp-elements-499f11dee7406d0a4fbf5f81e85a1d8e\" style=\"border-radius:50px;font-size:clamp(16.293px, 1.018rem + ((1vw - 3.2px) * 0.708), 25px);font-style:normal;font-weight:500;text-transform:uppercase\">Das Schwimmbad<\/p>\n\n\n<a class=\"is-style-lien-cover wp-block-read-more\" href=\"https:\/\/www.camping-utahbeach.com\/de\/campingplatz-mit-schwimmbad-in-der-normandie\/\" target=\"_self\">Weiterlesen<span class=\"screen-reader-text\">: Das Schwimmbad<\/span><\/a>\n<\/li><li class=\"wp-block-post post-219109 page type-page status-publish has-post-thumbnail hentry\">\n\n<figure class=\"wp-block-image\"><img decoding=\"async\" src=\"https:\/\/www.camping-utahbeach.com\/wp-content\/uploads\/2025\/11\/restauration-utah-beach.jpeg\" title=\"https:\/\/www.camping-utahbeach.com\/wp-content\/uploads\/2025\/11\/restauration-utah-beach.jpeg\" alt=\"\"\/><\/figure>\n\n\n\n<p class=\"has-text-align-center has-custom-color-1-color has-base-2-background-color has-text-color has-background has-link-color wp-elements-499f11dee7406d0a4fbf5f81e85a1d8e\" style=\"border-radius:50px;font-size:clamp(16.293px, 1.018rem + ((1vw - 3.2px) * 0.708), 25px);font-style:normal;font-weight:500;text-transform:uppercase\">Unsere Serviceleistungen<\/p>\n\n\n<a class=\"is-style-lien-cover wp-block-read-more\" href=\"https:\/\/www.camping-utahbeach.com\/de\/serviceleistungen-campingangebote-in-der-normandie\/\" target=\"_self\">Weiterlesen<span class=\"screen-reader-text\">: Unsere Serviceleistungen<\/span><\/a>\n<\/li><\/ul><\/div>\n<\/section>\n","protected":false},"excerpt":{"rendered":"<p>Der Campingplatz Utah Beach, ein Camping Paradis in der Normandie Direkt am Meer gelegen, mit direktem Zugang zum Strand, begr\u00fc\u00dft Sie der Camping Paradis en Normandie Utah Beach zu einem Urlaub voller Natur und Entspannung auf normannischem Boden. Diese 4-Sterne-Anlage verf\u00fcgt \u00fcber alle Einrichtungen, um den Erfolg Ihres Aufenthalts mit der Familie, als Paar oder [&hellip;]<\/p>\n","protected":false},"author":1,"featured_media":1918,"parent":0,"menu_order":0,"comment_status":"closed","ping_status":"closed","template":"","meta":{"_acf_changed":false,"_seopress_robots_primary_cat":"","_seopress_titles_title":"Einen Aufenthalt im Camping Paradis in der Normandie buchen: Utah Beach","_seopress_titles_desc":"","_seopress_robots_index":"","inline_featured_image":false,"gt_fse_maillage_image":"https:\/\/www.camping-utahbeach.com\/wp-content\/uploads\/2025\/08\/Property-1Variant3-1.webp","gt_fse_maillage_titre":"Camping paradis","gt_fse_maillage_alt":"Property 1=Variant3 (1)","gt_fse_maillage_resume":"","footnotes":""},"categories":[],"tags":[],"class_list":["post-219129","page","type-page","status-publish","has-post-thumbnail","hentry"],"acf":[],"_links":{"self":[{"href":"https:\/\/www.camping-utahbeach.com\/de\/wp-json\/wp\/v2\/pages\/219129","targetHints":{"allow":["GET"]}}],"collection":[{"href":"https:\/\/www.camping-utahbeach.com\/de\/wp-json\/wp\/v2\/pages"}],"about":[{"href":"https:\/\/www.camping-utahbeach.com\/de\/wp-json\/wp\/v2\/types\/page"}],"author":[{"embeddable":true,"href":"https:\/\/www.camping-utahbeach.com\/de\/wp-json\/wp\/v2\/users\/1"}],"replies":[{"embeddable":true,"href":"https:\/\/www.camping-utahbeach.com\/de\/wp-json\/wp\/v2\/comments?post=219129"}],"version-history":[{"count":5,"href":"https:\/\/www.camping-utahbeach.com\/de\/wp-json\/wp\/v2\/pages\/219129\/revisions"}],"predecessor-version":[{"id":219729,"href":"https:\/\/www.camping-utahbeach.com\/de\/wp-json\/wp\/v2\/pages\/219129\/revisions\/219729"}],"wp:featuredmedia":[{"embeddable":true,"href":"https:\/\/www.camping-utahbeach.com\/de\/wp-json\/wp\/v2\/media\/1918"}],"wp:attachment":[{"href":"https:\/\/www.camping-utahbeach.com\/de\/wp-json\/wp\/v2\/media?parent=219129"}],"wp:term":[{"taxonomy":"category","embeddable":true,"href":"https:\/\/www.camping-utahbeach.com\/de\/wp-json\/wp\/v2\/categories?post=219129"},{"taxonomy":"post_tag","embeddable":true,"href":"https:\/\/www.camping-utahbeach.com\/de\/wp-json\/wp\/v2\/tags?post=219129"}],"curies":[{"name":"wp","href":"https:\/\/api.w.org\/{rel}","templated":true}]}}