{"id":219041,"date":"2025-10-10T12:29:25","date_gmt":"2025-10-10T10:29:25","guid":{"rendered":"https:\/\/www.camping-utahbeach.com\/aire-de-camping-car-normandie\/"},"modified":"2026-03-19T09:44:07","modified_gmt":"2026-03-19T08:44:07","slug":"motorhome-site-in-normandy","status":"publish","type":"page","link":"https:\/\/www.camping-utahbeach.com\/en\/motorhome-site-in-normandy\/","title":{"rendered":"Motorhome area"},"content":{"rendered":"\n<section class=\"wp-block-group gt_1-cta-1photo_006 page-one has-custom-color-5-background-color has-background is-layout-flow wp-block-group-is-layout-flow\">\n<div class=\"wp-block-columns top is-layout-flex wp-container-core-columns-is-layout-28f84493 wp-block-columns-is-layout-flex\">\n<div class=\"wp-block-column is-vertically-aligned-center left is-layout-flow wp-block-column-is-layout-flow\">\n<h1 class=\"wp-block-heading has-text-align-left\">Motorhome area in Normandy<\/h1>\n\n\n\n<p>Are you looking for a seaside motorhome area in Normandy for one or more nights? To explore Normandy by motorhome? <\/p>\n\n\n\n<p>The motorhome stopover package includes: max 4 people, one motorhome, a 6A electrical hookup and water supply.<\/p>\n\n\n\n<p>To benefit from this service you must arrive after 6:00 PM and leave the next morning before 10:00 AM. If you do not respect these times, the nature or comfort rate will apply.<br\/>For motorhomes, a waste disposal point and water tap are available at the <a href=\"https:\/\/www.camping-utahbeach.com\/en\/\" data-type=\"page\" data-id=\"22\">Normandy campsite<\/a>. A chemical toilet disposal point is also available in the sanitary block.  <\/p>\n\n\n\n<p>For a unique experience in Normandy, also discover the Premium Canvas Tent.<br\/>Don&#8217;t hesitate to choose our campsite in Normandy for your vacation!<\/p>\n<\/div>\n\n\n\n<div class=\"wp-block-column right is-layout-flow wp-block-column-is-layout-flow\">\n<figure class=\"wp-block-image alignright size-full gt-gsap-fadeIn\"><img decoding=\"async\" width=\"1015\" height=\"994\" src=\"https:\/\/www.camping-utahbeach.com\/wp-content\/uploads\/2025\/10\/camping-utah-beach-aire-de-camping-car.webp\" alt=\"utah beach campsite motorhome area\" class=\"wp-image-1645\" srcset=\"https:\/\/www.camping-utahbeach.com\/wp-content\/uploads\/2025\/10\/camping-utah-beach-aire-de-camping-car.webp 1015w, https:\/\/www.camping-utahbeach.com\/wp-content\/uploads\/2025\/10\/camping-utah-beach-aire-de-camping-car-300x294.webp 300w, https:\/\/www.camping-utahbeach.com\/wp-content\/uploads\/2025\/10\/camping-utah-beach-aire-de-camping-car-768x752.webp 768w\" sizes=\"(max-width: 1015px) 100vw, 1015px\" \/><\/figure>\n<\/div>\n<\/div>\n<\/section>\n\n<section class=\"wp-block-group gt_1-cta-1photofull_005 page-two is-layout-flow wp-block-group-is-layout-flow\">\n<div class=\"wp-block-group is-layout-flow wp-block-group-is-layout-flow\">\n<div data-swiper=\"{&quot;speed&quot;:1000,&quot;autoplay&quot;:{&quot;delay&quot;:5000,&quot;disableOnInteraction&quot;:false},&quot;spaceBetween&quot;:0,&quot;slidesPerView&quot;:1,&quot;pagination&quot;:{&quot;el&quot;:&quot;.swiper-pagination&quot;,&quot;dynamicBullets&quot;:true,&quot;clickable&quot;:true,&quot;type&quot;:&quot;bullets&quot;},&quot;navigation&quot;:{&quot;nextEl&quot;:&quot;.swiper-button-next&quot;,&quot;prevEl&quot;:&quot;.swiper-button-prev&quot;},&quot;breakpoints&quot;:[{&quot;slidesPerView&quot;:1}]}\" class=\"wp-block-cover has-parallax gt-gsap-fadeIn\" style=\"border-bottom-left-radius:90px;border-bottom-right-radius:90px;min-height:100vh;aspect-ratio:unset;\"><div role=\"img\" aria-label=\"camping normandie bon plan\" class=\"wp-block-cover__image-background wp-image-1415 size-full has-parallax\" style=\"background-position:50% 50%;background-image:url(https:\/\/www.camping-utahbeach.com\/wp-content\/uploads\/2025\/10\/camping-normandie-bon-plan.png)\"><\/div><span aria-hidden=\"true\" class=\"wp-block-cover__background has-custom-color-4-background-color has-background-dim-40 has-background-dim\"><\/span><div class=\"wp-block-cover__inner-container has-global-padding is-layout-constrained wp-block-cover-is-layout-constrained\">\n<p class=\"has-text-align-center has-large-font-size\"><\/p>\n<\/div><\/div>\n<\/div>\n\n\n\n<div class=\"wp-block-columns absolute-content is-layout-flex wp-container-core-columns-is-layout-28f84493 wp-block-columns-is-layout-flex\">\n<div class=\"wp-block-column is-layout-flow wp-block-column-is-layout-flow\">\n<h2 class=\"wp-block-heading has-base-2-color has-text-color has-link-color wp-elements-e7def666516a5f00a51fd77d7252c513\">Normandy by <br\/>motorhome<\/h2>\n\n\n\n<p class=\"has-base-2-color has-text-color has-link-color wp-elements-25e9b2bb8093853546755988272cd5df\">As a motorhome or caravan owner, you love hitting the roads of France and have decided to go <a href=\"https:\/\/www.camping-utahbeach.com\/en\/holidays-in-the-cotentin-normandy\/\" data-type=\"page\" data-id=\"67\">touring in Manche<\/a> during your next vacation. What a great idea!  <\/p>\n\n\n\n<p class=\"has-base-2-color has-text-color has-link-color wp-elements-9292fd64b8254f899ed1d7c4744e6eec\">To help you prepare your Norman road trip, discover right now the 5 good reasons to <strong>travel by motorhome in Normandy<\/strong>:<\/p>\n\n\n\n<ul class=\"wp-block-list has-base-2-color has-text-color has-link-color wp-elements-5e1615d0091ccf1068f96a25019bf601\">\n<li>Enjoy exceptional landscapes: Norman nature is beautiful, that&#8217;s undeniable! During your <strong>motorhome trip<\/strong> you&#8217;ll have the opportunity to admire breathtaking landscapes&#8230; starting with the bay of Mont-Saint-Michel! <\/li>\n\n\n\n<li>Drive in complete peace on quality roads: Norman roads are very pleasant to drive on and well maintained.<\/li>\n\n\n\n<li>Discover a wide variety of panoramas: in Normandy, viewpoints to admire the scenery are plentiful. From the top of the cliffs, you can admire the sea, the D-Day beaches and the valleys of the Swiss Normandy. <\/li>\n\n\n\n<li>Visit some of the most beautiful heritage sites in France: there&#8217;s Mont-Saint-Michel of course, but also the abbeys of Caen, the castle of Falaise, the old town of Honfleur&#8230;<\/li>\n<\/ul>\n\n\n\n<p class=\"has-base-2-color has-text-color has-link-color wp-elements-56affc03468e45a5dbfa742923fccac5\"><a href=\"https:\/\/www.camping-utahbeach.com\/en\/cheap-campsites-in-normandy-manche\/\" data-type=\"page\" data-id=\"63\">Save money and enjoy motorhome areas at advantageous rates<\/a>: for waste disposal or to stay several nights, your Utah Beach campsite provides a quality motorhome area at your disposal.<\/p>\n<\/div>\n\n\n\n<div class=\"wp-block-column is-vertically-aligned-center is-layout-flow wp-block-column-is-layout-flow\"><\/div>\n<\/div>\n<\/section>\n\n<section class=\"wp-block-group gt_avis_008 page-three reverse is-layout-flow wp-block-group-is-layout-flow\">\n<div class=\"wp-block-columns alignwide bottom has-background is-layout-flex wp-container-core-columns-is-layout-bd0ae485 wp-block-columns-is-layout-flex\" style=\"border-radius:0px;background-color:rgba(255,255,255,1);margin-top:0px;margin-right:0px;margin-bottom:0px;margin-left:0px;padding-top:0;padding-right:0;padding-bottom:var(--wp--preset--spacing--50);padding-left:var(--wp--preset--spacing--40)\">\n<div class=\"wp-block-column is-vertically-aligned-center has-base-2-background-color has-background is-layout-flow wp-block-column-is-layout-flow\" style=\"flex-basis:45%\">\n<h2 class=\"wp-block-heading\">Seaside motorhome area Normandy<\/h2>\n\n\n\n<p>For motorhomes wishing to stay in our region from January to December, a camping car-park area is available 300 meters from our campsite, continuing from our entrance. Here is the website for a reservation: <a href=\"https:\/\/campingcarpark.com\/\" target=\"_blank\" rel=\"noreferrer noopener nofollow\">Camping car park<\/a>. <\/p>\n\n\n\n<p>So you have several solutions and services to stay at Utah Beach campsite, in a motorhome and caravan. It&#8217;s the essential place for motorhome travelers touring Normandy and Manche.<br\/>Normandy and Manche are indeed ideal destinations for traveling by motorhome. Close to pure nature, you&#8217;ll be comfortably settled at the campsite to refill your motorhome, rest at the pool, enjoy our sanitary facilities and our pizza kiosk.  <\/p>\n\n\n\n<p>So, whether for a short stay or by the week, stop your van and motorhome at Utah Beach campsite, you are welcome.<\/p>\n<\/div>\n\n\n\n<div class=\"wp-block-column is-vertically-aligned-center is-layout-flow wp-block-column-is-layout-flow\" style=\"padding-top:0;padding-right:0;padding-bottom:0;padding-left:0;flex-basis:55%\">\n<figure class=\"wp-block-image size-full has-custom-border blob-image avis-img gt-gsap-fadeIn\" style=\"margin-top:0px;margin-right:0px;margin-bottom:0px;margin-left:0px\"><img decoding=\"async\" width=\"1015\" height=\"994\" src=\"https:\/\/www.camping-utahbeach.com\/wp-content\/uploads\/2025\/10\/camping-car-park-en-normandie-utah-beach.webp\" alt=\"camping car park in normandy utah beach\" class=\"wp-image-1649\" style=\"border-bottom-left-radius:90px\" srcset=\"https:\/\/www.camping-utahbeach.com\/wp-content\/uploads\/2025\/10\/camping-car-park-en-normandie-utah-beach.webp 1015w, https:\/\/www.camping-utahbeach.com\/wp-content\/uploads\/2025\/10\/camping-car-park-en-normandie-utah-beach-300x294.webp 300w, https:\/\/www.camping-utahbeach.com\/wp-content\/uploads\/2025\/10\/camping-car-park-en-normandie-utah-beach-768x752.webp 768w\" sizes=\"(max-width: 1015px) 100vw, 1015px\" \/><\/figure>\n<\/div>\n<\/div>\n<\/section>\n\n<section class=\"wp-block-group gt_avis_008 page-three is-layout-flow wp-block-group-is-layout-flow\">\n<div class=\"wp-block-columns alignwide bottom has-background is-layout-flex wp-container-core-columns-is-layout-2daa7c6a wp-block-columns-is-layout-flex\" style=\"border-radius:0px;background-color:rgba(255,255,255,1);margin-top:0px;margin-right:0px;margin-bottom:0px;margin-left:0px;padding-top:0;padding-right:var(--wp--preset--spacing--40);padding-bottom:var(--wp--preset--spacing--50);padding-left:0px\">\n<div class=\"wp-block-column is-vertically-aligned-center is-layout-flow wp-block-column-is-layout-flow\" style=\"flex-basis:55%\">\n<figure class=\"wp-block-image size-full has-custom-border blob-image avis-img gt-gsap-fadeIn\" style=\"margin-top:0px;margin-right:0px;margin-bottom:0px;margin-left:0px\"><img decoding=\"async\" width=\"1015\" height=\"994\" src=\"https:\/\/www.camping-utahbeach.com\/wp-content\/uploads\/2025\/10\/animation-au-camping-utah-beach.png\" alt=\"activities at utah beach campsite\" class=\"wp-image-1328\" style=\"border-bottom-right-radius:90px\" srcset=\"https:\/\/www.camping-utahbeach.com\/wp-content\/uploads\/2025\/10\/animation-au-camping-utah-beach.png 1015w, https:\/\/www.camping-utahbeach.com\/wp-content\/uploads\/2025\/10\/animation-au-camping-utah-beach-300x294.png 300w, https:\/\/www.camping-utahbeach.com\/wp-content\/uploads\/2025\/10\/animation-au-camping-utah-beach-768x752.png 768w\" sizes=\"(max-width: 1015px) 100vw, 1015px\" \/><\/figure>\n<\/div>\n\n\n\n<div class=\"wp-block-column is-vertically-aligned-center has-base-2-background-color has-background is-layout-flow wp-block-column-is-layout-flow\" style=\"flex-basis:45%\">\n<h2 class=\"wp-block-heading\">Itinerary idea to discover Normandy by motorhome<\/h2>\n\n\n\n<p>There are so many things to do and discover in Normandy that it&#8217;s not easy to choose the stops for a <strong>motorhome trip<\/strong>. Here&#8217;s an itinerary idea that will allow you to discover the Norman region through its history and landscapes, from Mont-Saint-Michel to Caen: <\/p>\n\n\n    <div id=\"gt-fse-lire-plus-69ff618b94e1e\" class=\"gt-fse-lire-plus\" data-min-height=\"130\" style=\"background-color: #fff;\">\n        <input id=\"gt-fse-lire-plus-69ff618b94e1e-toggle\" type=\"checkbox\" class=\"gt-fse-lire-plus__toggle\" \/>\n        <label for=\"gt-fse-lire-plus-69ff618b94e1e-toggle\" class=\"gt-fse-lire-plus__toggle-label\">\n            <span>Lire plus<\/span>\n            <span>Lire moins<\/span>\n        <\/label>\n        <div class=\"gt-fse-lire-plus__content\" style=\"height: 130px;\">\n            \n\n<ul class=\"wp-block-list\">\n<li><a href=\"https:\/\/www.camping-utahbeach.com\/en\/news\/visiter-avranches\/\" data-type=\"page\" data-id=\"22\"><strong>Avranches<\/strong><\/a>: after visiting the superb Mont-Saint-Michel and tasting the famous omelette of M\u00e8re Poulard, stop in Avranches and admire the view over the bay of the famous mount. For a breathtaking panorama, head to the botanical garden. From up there, you&#8217;ll have a stunning view of the surroundings. Twelve themed gardens will introduce you to flora from around the world.   <\/li>\n\n\n\n<li><strong>Granville<\/strong>: then head northwest and discover the &#8220;Corsair City&#8221; whose ramparts date back to around 1450. Also nicknamed the &#8220;Monaco of the North,&#8221; this seaside town is home to many treasures. Fashion lovers will visit Christian Dior&#8217;s childhood home, now a museum. And for a fun family moment, consider the Granville aquarium.   <\/li>\n\n\n\n<li><strong>Barfleur<\/strong>: heading toward Barfleur, you&#8217;ll cross the Cotentin natural park where you can get some fresh air and recharge in nature. The marshes are home to diverse wildlife and especially many birds. Upon arriving in Barfleur, you&#8217;ll be charmed by its picturesque and typically Norman fishing port. Don&#8217;t hesitate to stop at one of the restaurants nestled in the old streets to taste Barfleur&#8217;s wild mussels in cream.   <\/li>\n\n\n\n<li><strong>D-Day beaches<\/strong>: do you know the 5 <a href=\"https:\/\/www.camping-utahbeach.com\/en\/campsite-at-the-normandy-landing-beach\/\" data-type=\"page\" data-id=\"1094\">D-Day beaches<\/a>? Sword Beach, Juno Beach, Gold Beach, Omaha Beach and of course, Utah Beach where your Normandy campsite is located. Relive the longest day by traveling along the coast to Ouistreham and discover the Pegasus Bridge in B\u00e9nouville, the various military cemeteries or Sainte-M\u00e8re-\u00c9glise, one of the first liberated towns.  <\/li>\n\n\n\n<li><strong>Caen<\/strong>: extend your discovery of Lower Normandy by visiting the magnificent city of Caen and its historical heritage: William the Conqueror&#8217;s castle, Men&#8217;s Abbey and Women&#8217;s Abbey, World War II memorial&#8230; all of French history gathered in one city! And if you still have some time, don&#8217;t hesitate to push on to Bayeux where you can admire its famous medieval tapestry. <\/li>\n<\/ul>\n\n            <div class=\"gt-fse-lire-plus__gradient\" style=\"background: linear-gradient(to bottom,rgba(255,255,255,0) 0%,rgba(255,255,255,1) 100%);\"><\/div>\n        <\/div>\n    <\/div>\n    <\/div>\n<\/div>\n<\/section>\n\n<section class=\"wp-block-group page-maillage has-custom-color-5-background-color has-background has-global-padding is-layout-constrained wp-block-group-is-layout-constrained\">\n<div class=\"wp-block-group h1-like has-global-padding is-layout-constrained wp-block-group-is-layout-constrained\" style=\"line-height:1\">\n<p class=\"has-custom-color-1-color has-text-color has-link-color wp-elements-00f848ee6814a9475f28b97e69574ca6\" style=\"font-size:clamp(54.054px, 3.378rem + ((1vw - 3.2px) * 4.548), 110px);font-style:normal;font-weight:300;text-transform:uppercase\">Discover <br\/><span>our services<\/span><\/p>\n<\/div>\n\n\n\n<div class=\"wp-block-query gt-gsap-fadeInUp is-layout-flow wp-block-query-is-layout-flow\"><ul class=\"wp-block-post-template is-layout-flow wp-block-post-template-is-layout-flow\"><li class=\"wp-block-post post-219097 page type-page status-publish has-post-thumbnail hentry\">\n\n<figure class=\"wp-block-image\"><img decoding=\"async\" src=\"https:\/\/www.camping-utahbeach.com\/wp-content\/uploads\/2025\/10\/utah-beach-camping-dans-la-manche.webp\" title=\"https:\/\/www.camping-utahbeach.com\/wp-content\/uploads\/2025\/10\/utah-beach-camping-dans-la-manche.webp\" alt=\"\"\/><\/figure>\n\n\n\n<p class=\"has-text-align-center has-custom-color-1-color has-base-2-background-color has-text-color has-background has-link-color wp-elements-499f11dee7406d0a4fbf5f81e85a1d8e\" style=\"border-radius:50px;font-size:clamp(16.293px, 1.018rem + ((1vw - 3.2px) * 0.708), 25px);font-style:normal;font-weight:500;text-transform:uppercase\">Our pitches<\/p>\n\n\n<a class=\"is-style-lien-cover wp-block-read-more\" href=\"https:\/\/www.camping-utahbeach.com\/en\/pitches-caravan-site-in-normandy\/\" target=\"_self\">Read more<span class=\"screen-reader-text\">: Our Pitches<\/span><\/a>\n<\/li><li class=\"wp-block-post post-219119 page type-page status-publish has-post-thumbnail hentry\">\n\n<figure class=\"wp-block-image\"><img decoding=\"async\" src=\"https:\/\/www.camping-utahbeach.com\/wp-content\/uploads\/2025\/10\/location-insolite-en-bord-de-mer.webp\" title=\"https:\/\/www.camping-utahbeach.com\/wp-content\/uploads\/2025\/10\/location-insolite-en-bord-de-mer.webp\" alt=\"\"\/><\/figure>\n\n\n\n<p class=\"has-text-align-center has-custom-color-1-color has-base-2-background-color has-text-color has-background has-link-color wp-elements-499f11dee7406d0a4fbf5f81e85a1d8e\" style=\"border-radius:50px;font-size:clamp(16.293px, 1.018rem + ((1vw - 3.2px) * 0.708), 25px);font-style:normal;font-weight:500;text-transform:uppercase\">Our Unique Stays<\/p>\n\n\n<a class=\"is-style-lien-cover wp-block-read-more\" href=\"https:\/\/www.camping-utahbeach.com\/en\/unusual-campsites-in-normandy\/\" target=\"_self\">Read more<span class=\"screen-reader-text\">: Our Unique Accommodations<\/span><\/a>\n<\/li><li class=\"wp-block-post post-219143 page type-page status-publish has-post-thumbnail hentry\">\n\n<figure class=\"wp-block-image\"><img decoding=\"async\" src=\"https:\/\/www.camping-utahbeach.com\/wp-content\/uploads\/2025\/10\/location-mobilhome-normandie.webp\" title=\"https:\/\/www.camping-utahbeach.com\/wp-content\/uploads\/2025\/10\/location-mobilhome-normandie.webp\" alt=\"\"\/><\/figure>\n\n\n\n<p class=\"has-text-align-center has-custom-color-1-color has-base-2-background-color has-text-color has-background has-link-color wp-elements-499f11dee7406d0a4fbf5f81e85a1d8e\" style=\"border-radius:50px;font-size:clamp(16.293px, 1.018rem + ((1vw - 3.2px) * 0.708), 25px);font-style:normal;font-weight:500;text-transform:uppercase\">Our Mobile homes<\/p>\n\n\n<a class=\"is-style-lien-cover wp-block-read-more\" href=\"https:\/\/www.camping-utahbeach.com\/en\/normandy-mobile-home-rental\/\" target=\"_self\">Read more<span class=\"screen-reader-text\">: Our MHs<\/span><\/a>\n<\/li><\/ul><\/div>\n<\/section>\n","protected":false},"excerpt":{"rendered":"<p>Motorhome area in Normandy Are you looking for a seaside motorhome area in Normandy for one or more nights? To explore Normandy by motorhome? The motorhome stopover package includes: max 4 people, one motorhome, a 6A electrical hookup and water supply. To benefit from this service you must arrive after 6:00 PM and leave the [&hellip;]<\/p>\n","protected":false},"author":1,"featured_media":1643,"parent":0,"menu_order":0,"comment_status":"closed","ping_status":"closed","template":"","meta":{"_acf_changed":false,"_seopress_robots_primary_cat":"","_seopress_titles_title":"Motorhome Area in Normandy | Service and Parking Area","_seopress_titles_desc":"","_seopress_robots_index":"","inline_featured_image":false,"gt_fse_maillage_image":"https:\/\/www.camping-utahbeach.com\/wp-content\/uploads\/2025\/10\/camping-car-aire-en-normandie.webp","gt_fse_maillage_titre":"Motorhome area","gt_fse_maillage_alt":"Auto draft","gt_fse_maillage_resume":"","footnotes":""},"categories":[],"tags":[],"class_list":["post-219041","page","type-page","status-publish","has-post-thumbnail","hentry"],"acf":[],"_links":{"self":[{"href":"https:\/\/www.camping-utahbeach.com\/en\/wp-json\/wp\/v2\/pages\/219041","targetHints":{"allow":["GET"]}}],"collection":[{"href":"https:\/\/www.camping-utahbeach.com\/en\/wp-json\/wp\/v2\/pages"}],"about":[{"href":"https:\/\/www.camping-utahbeach.com\/en\/wp-json\/wp\/v2\/types\/page"}],"author":[{"embeddable":true,"href":"https:\/\/www.camping-utahbeach.com\/en\/wp-json\/wp\/v2\/users\/1"}],"replies":[{"embeddable":true,"href":"https:\/\/www.camping-utahbeach.com\/en\/wp-json\/wp\/v2\/comments?post=219041"}],"version-history":[{"count":5,"href":"https:\/\/www.camping-utahbeach.com\/en\/wp-json\/wp\/v2\/pages\/219041\/revisions"}],"predecessor-version":[{"id":219705,"href":"https:\/\/www.camping-utahbeach.com\/en\/wp-json\/wp\/v2\/pages\/219041\/revisions\/219705"}],"wp:featuredmedia":[{"embeddable":true,"href":"https:\/\/www.camping-utahbeach.com\/en\/wp-json\/wp\/v2\/media\/1643"}],"wp:attachment":[{"href":"https:\/\/www.camping-utahbeach.com\/en\/wp-json\/wp\/v2\/media?parent=219041"}],"wp:term":[{"taxonomy":"category","embeddable":true,"href":"https:\/\/www.camping-utahbeach.com\/en\/wp-json\/wp\/v2\/categories?post=219041"},{"taxonomy":"post_tag","embeddable":true,"href":"https:\/\/www.camping-utahbeach.com\/en\/wp-json\/wp\/v2\/tags?post=219041"}],"curies":[{"name":"wp","href":"https:\/\/api.w.org\/{rel}","templated":true}]}}